{"id":16864,"date":"2026-03-12T10:37:48","date_gmt":"2026-03-12T09:37:48","guid":{"rendered":"https:\/\/www.ccoocaixabank.net\/ca\/?page_id=16864"},"modified":"2026-03-12T11:50:37","modified_gmt":"2026-03-12T10:50:37","slug":"page_id12275","status":"publish","type":"page","link":"https:\/\/www.ccoocaixabank.net\/ca\/page_id12275\/","title":{"rendered":"Tenim una p\u00f2lissa d&#8217;accidents gratu\u00efta per a tu"},"content":{"rendered":"\n<div class=\"wp-block-group has-border-color has-primary-border-color has-global-padding is-layout-constrained wp-container-core-group-is-layout-70d3dfd8 wp-block-group-is-layout-constrained\" style=\"border-width:5px;margin-top:var(--wp--preset--spacing--20);margin-bottom:var(--wp--preset--spacing--20);padding-top:var(--wp--preset--spacing--20);padding-right:var(--wp--preset--spacing--20);padding-bottom:var(--wp--preset--spacing--20);padding-left:var(--wp--preset--spacing--20)\">\n<p class=\"has-text-align-center has-large-font-size\"> <strong><em>Tenim una p\u00f2lissa d&#8217;accidents gratu\u00efta per a tu!<\/em><\/strong> <\/p>\n<\/div>\n\n\n\n<p class=\"has-large-font-size\"> <strong>Perqu\u00e8 et donem suport a tu, protegim els teus<\/strong><\/p>\n\n\n\n<p>Recorda que, nom\u00e9s per <strong>formar part de CCOO<\/strong>, disposes d&#8217;una <strong>p\u00f2lissa d&#8217;accidents amb AIG Assegurances<\/strong> que <strong>protegeix els teus \u00e9ssers estimats<\/strong>.<\/p>\n\n\n\n<p>En cas de defunci\u00f3 per accident, la teva fam\u00edlia rebr\u00e0 una <strong>indemnitzaci\u00f3 de 18.000 euros<\/strong> .<\/p>\n\n\n\n<p>\u00c9s una <strong>cobertura inclosa en la teva afiliaci\u00f3<\/strong>, pensada per donar-te tranquil\u00b7litat i tenir cura de qui m\u00e9s t&#8217;importa. Pots consultar <a href=\"https:\/\/descuentos.ccoo.es\/servicio&amp;s=7302\" target=\"_blank\" rel=\"noreferrer noopener\"><strong>les cobertures i condicions particulars<\/strong><\/a> per con\u00e8ixer tots els detalls.<\/p>\n\n\n\n<p class=\"has-large-font-size\"> <strong>El teu certificat de cobertura, sempre a m\u00e0.<\/strong><\/p>\n\n\n\n<p>T&#8217;oferim la possibilitat de <strong><a href=\"https:\/\/acrobat.adobe.com\/id\/urn:aaid:sc:EU:f5d82afd-abdf-4d6c-a23a-117f0b396c7f\" target=\"_blank\" rel=\"noreferrer noopener\">descarregar<\/a> el certificat individual de cobertura<\/strong> perqu\u00e8 els teus familiars <strong>coneguin aquest dret i s\u00e0piguen com exercir-lo si arrib\u00e9s el cas.<\/strong><br><\/p>\n\n\n\n<div class=\"wp-block-buttons is-content-justification-center is-layout-flex wp-container-core-buttons-is-layout-a6d9f191 wp-block-buttons-is-layout-flex\" style=\"margin-top:var(--wp--preset--spacing--40);margin-bottom:var(--wp--preset--spacing--40)\">\n<div class=\"wp-block-button\"><a class=\"wp-block-button__link wp-element-button\" href=\"https:\/\/acrobat.adobe.com\/id\/urn:aaid:sc:EU:f5d82afd-abdf-4d6c-a23a-117f0b396c7f?viewer%21megaVerb=group-discover\" target=\"_blank\" rel=\"noreferrer noopener\">Clica aqu\u00ed per descarregar el teu certificat<\/a><\/div>\n<\/div>\n\n\n\n<div class=\"wp-block-buttons is-content-justification-center is-layout-flex wp-container-core-buttons-is-layout-a6d9f191 wp-block-buttons-is-layout-flex\" style=\"margin-top:var(--wp--preset--spacing--40);margin-bottom:var(--wp--preset--spacing--40)\">\n<div class=\"wp-block-button\"><a class=\"wp-block-button__link wp-element-button\" href=\"https:\/\/descuentos.ccoo.es\/servicio&amp;s=7302\" target=\"_blank\" rel=\"noreferrer noopener\">Cobertures i condicions particulars<\/a><\/div>\n<\/div>\n","protected":false},"excerpt":{"rendered":"<p>Tenim una p\u00f2lissa d&#8217;accidents gratu\u00efta per a tu! Perqu\u00e8 us donem suport a tu, protegim els teus Recorda que, nom\u00e9s per formar part de CCOO, disposes d&#8217;una p\u00f2lissa d&#8217;accidents amb AIG Assegurances que protegeix els teus \u00e9ssers estimats. En cas de defunci\u00f3 per accident, la teva fam\u00edlia rebr\u00e0 una indemnitzaci\u00f3 de 18.000 euros. \u00c9s una cobertura inclosa a la teva afiliaci\u00f3, pensada per donar-te tranquil\u00b7litat i tenir cura dels qui m\u00e9s t&#8217;importen. Pots consultar les cobertures i condicions particulars per con\u00e8ixer tots els detalls. El teu certificat de cobertura, sempre a m\u00e0. T&#8217;oferim la possibilitat de descarregar\u00a0el certificat individual de cobertura\u00a0per a [&hellip;]<\/p>\n","protected":false},"author":7,"featured_media":16876,"parent":0,"menu_order":0,"comment_status":"closed","ping_status":"closed","template":"","meta":{"advgb_blocks_editor_width":"","advgb_blocks_columns_visual_guide":"","editor_notices":[],"footnotes":""},"class_list":["post-16864","page","type-page","status-publish","has-post-thumbnail","hentry"],"coauthors":[],"author_meta":{"author_link":"https:\/\/www.ccoocaixabank.net\/ca\/author\/juanmorais\/","display_name":"Juan Morais"},"relative_dates":{"created":"Posted 2 mesos ago","modified":"Updated 2 mesos ago"},"absolute_dates":{"created":"Posted on 12 de mar\u00e7 de 2026","modified":"Updated on 12 de mar\u00e7 de 2026"},"absolute_dates_time":{"created":"Posted on 12 de mar\u00e7 de 2026 10:37","modified":"Updated on 12 de mar\u00e7 de 2026 11:50"},"featured_img_caption":"","featured_img":"https:\/\/www.ccoocaixabank.net\/ca\/wp-content\/uploads\/sites\/3\/2026\/03\/POLIZA-ACCIDENTES-GRATUITA-CAT-1.jpg","series_order":"","_links":{"self":[{"href":"https:\/\/www.ccoocaixabank.net\/ca\/wp-json\/wp\/v2\/pages\/16864","targetHints":{"allow":["GET"]}}],"collection":[{"href":"https:\/\/www.ccoocaixabank.net\/ca\/wp-json\/wp\/v2\/pages"}],"about":[{"href":"https:\/\/www.ccoocaixabank.net\/ca\/wp-json\/wp\/v2\/types\/page"}],"author":[{"embeddable":true,"href":"https:\/\/www.ccoocaixabank.net\/ca\/wp-json\/wp\/v2\/users\/7"}],"replies":[{"embeddable":true,"href":"https:\/\/www.ccoocaixabank.net\/ca\/wp-json\/wp\/v2\/comments?post=16864"}],"version-history":[{"count":6,"href":"https:\/\/www.ccoocaixabank.net\/ca\/wp-json\/wp\/v2\/pages\/16864\/revisions"}],"predecessor-version":[{"id":16978,"href":"https:\/\/www.ccoocaixabank.net\/ca\/wp-json\/wp\/v2\/pages\/16864\/revisions\/16978"}],"wp:featuredmedia":[{"embeddable":true,"href":"https:\/\/www.ccoocaixabank.net\/ca\/wp-json\/wp\/v2\/media\/16876"}],"wp:attachment":[{"href":"https:\/\/www.ccoocaixabank.net\/ca\/wp-json\/wp\/v2\/media?parent=16864"}],"curies":[{"name":"wp","href":"https:\/\/api.w.org\/{rel}","templated":true}]}}