{"id":327,"date":"2024-10-09T13:31:55","date_gmt":"2024-10-09T11:31:55","guid":{"rendered":"https:\/\/www.ccoocaixabank.net\/ca\/?page_id=327"},"modified":"2024-10-16T17:10:53","modified_gmt":"2024-10-16T15:10:53","slug":"ajuda-fills","status":"publish","type":"page","link":"https:\/\/www.ccoocaixabank.net\/ca\/beneficis-socials\/ajuda-fills\/","title":{"rendered":"Ajuda fills\/es"},"content":{"rendered":"\n<p>CCOO t&#8217;expliquem les ajudes d&#8217;escola bressol i d&#8217;estudis. Consisteixen en un pagament anual que dependr\u00e0 d&#8217;alguns factors.<\/p>\n\n\n\n<p>Els ajuts es cobren el mes de setembre, a excepci\u00f3 dels casos en qu\u00e8 el naixement sigui posterior a aquest mes, llavors es percebran abans del 31 de desembre.<\/p>\n\n\n\n<p>La quantia de les ajudes ser\u00e0 m\u00e9s gran si el teu fill o filla t\u00e9 una discapacitat igual o superior al 33%.<\/p>\n\n\n\n<div style=\"height:40px\" aria-hidden=\"true\" class=\"wp-block-spacer\"><\/div>\n\n\n\n<h2 class=\"wp-block-heading\" id=\"ayuda-guarderia-8758738b-3cd8-4e1c-97aa-c9dc7c4fa9c9\"><\/h2>\n\n\n\n<p>Ajuda d&#8217;escola bressol<\/p>\n\n\n\n<div class=\"wp-block-columns is-layout-flex wp-container-core-columns-is-layout-28f84493 wp-block-columns-is-layout-flex\">\n<div class=\"wp-block-column has-border-color has-base-border-color has-tertiary-background-color has-background is-layout-flow wp-block-column-is-layout-flow\" style=\"border-width:5px;flex-basis:15%\">\n<p class=\"has-text-align-center has-large-font-size\"><strong>0-2 anys<\/strong><\/p>\n<\/div>\n\n\n\n<div class=\"wp-block-column is-layout-flow wp-block-column-is-layout-flow\" style=\"flex-basis:85%\">\n<ul class=\"wp-block-list\">\n<li>La percebr\u00e0s per cadascun dels teus descendents menors de tres anys.<\/li>\n\n\n\n<li>Com a m\u00e0xim, t&#8217;abonaran tres pagaments per descendent: el primer, l&#8217;any del naixement i l&#8217;\u00faltim, l&#8217;any en qu\u00e8 faci els dos anys.<\/li>\n<\/ul>\n<\/div>\n<\/div>\n\n\n\n<div style=\"height:40px\" aria-hidden=\"true\" class=\"wp-block-spacer\"><\/div>\n\n\n\n<h2 class=\"wp-block-heading\" id=\"ayuda-formacion-hijos-e-hijas-b9ccf0ab-1c6d-4a59-a30b-8c74bcd8fb4d\"><\/h2>\n\n\n\n<p>Ajuda formaci\u00f3 fills i filles<\/p>\n\n\n\n<div class=\"wp-block-columns is-layout-flex wp-container-core-columns-is-layout-28f84493 wp-block-columns-is-layout-flex\">\n<div class=\"wp-block-column has-border-color has-base-border-color has-tertiary-background-color has-background is-layout-flow wp-block-column-is-layout-flow\" style=\"border-width:5px;flex-basis:15%\">\n<div class=\"wp-block-group has-global-padding is-layout-constrained wp-block-group-is-layout-constrained\" style=\"padding-top:0;padding-bottom:0\">\n<p class=\"has-text-align-center has-large-font-size\"><strong>3-25 anys<\/strong><\/p>\n<\/div>\n<\/div>\n\n\n\n<div class=\"wp-block-column is-layout-flow wp-block-column-is-layout-flow\" style=\"flex-basis:85%\">\n<ul class=\"wp-block-list\">\n<li>Aquest ajut el percebr\u00e0s tamb\u00e9 per cadascun dels descendents d&#8217;entre 3 i 25 anys.<\/li>\n\n\n\n<li>Has de tenir en compte que, dels 21 als 25 anys, l&#8217;ajut estar\u00e0 condicionat a l&#8217;acreditaci\u00f3 dels estudis cursats.<\/li>\n\n\n\n<li>Si la teva filla o fill percep rendes superiors al salari m\u00ednim interprofessional, deixar\u00e0s de cobrar lajuda.<\/li>\n\n\n\n<li>L&#8217;ajuda s&#8217;incrementar\u00e0 en un 100% en cas de fills\/es de m\u00e9s de 10 anys que hagin de cursar els estudis permanentment en una localitat diferent de la del domicili habitual de l&#8217;empleat, quan hi hagi de pernoctar.<\/li>\n<\/ul>\n<\/div>\n<\/div>\n\n\n\n<h2 class=\"wp-block-heading has-text-align-left with-underline has-xx-large-font-size\" id=\"accesos-destacados-d4e68aa1-727b-4251-8080-d91f72f92ffd\" style=\"margin-top:var(--wp--preset--spacing--30);padding-top:var(--wp--preset--spacing--40);padding-right:0;padding-bottom:var(--wp--preset--spacing--20);padding-left:0\">Tamb\u00e9 pot interesar-te<\/h2>\n\n\n\n<div class=\"wp-block-group has-global-padding is-layout-constrained wp-block-group-is-layout-constrained\">\n<div class=\"wp-block-columns is-layout-flex wp-container-core-columns-is-layout-65e523f9 wp-block-columns-is-layout-flex\">\n<div class=\"wp-block-column is-layout-flow wp-container-core-column-is-layout-5f3b1f01 wp-block-column-is-layout-flow\" style=\"padding-top:var(--wp--preset--spacing--20);padding-right:0;padding-bottom:var(--wp--preset--spacing--20);padding-left:0\">\n<div class=\"wp-block-group has-global-padding is-layout-constrained wp-block-group-is-layout-constrained\">\n<figure class=\"wp-block-image size-full advgb-dyn-ae1bc166\"><img decoding=\"async\" src=\"https:\/\/www.ccoocaixabank.net\/es\/wp-content\/themes\/ccoo-caixabank-es-2.0.0\/assets\/images\/mi-nomina.jpg\" alt=\"\" style=\"aspect-ratio:4\/3;object-fit:cover\"\/><\/figure>\n\n\n\n<div class=\"wp-block-group has-global-padding is-layout-constrained wp-container-core-group-is-layout-6ba3cb33 wp-block-group-is-layout-constrained\" style=\"min-height:65px;margin-top:-85px\">\n<div class=\"wp-block-group destacadocirculo has-base-background-color has-background is-layout-flow wp-container-core-group-is-layout-c803993c wp-block-group-is-layout-flow\" style=\"border-radius:10px;min-height:65px;padding-top:0;padding-right:var(--wp--preset--spacing--20);padding-left:var(--wp--preset--spacing--20)\">\n<p class=\"has-text-align-left has-large-font-size\" style=\"padding-top:var(--wp--preset--spacing--20);padding-bottom:var(--wp--preset--spacing--20)\"><strong><a href=\"https:\/\/www.ccoocaixabank.net\/ca\/el-teu-salari\/nomina\/\">La meva n\u00f2mina<\/a><\/strong><\/p>\n<\/div>\n<\/div>\n<\/div>\n<\/div>\n\n\n\n<div class=\"wp-block-column is-layout-flow wp-block-column-is-layout-flow\" style=\"padding-top:var(--wp--preset--spacing--20);padding-right:0;padding-bottom:var(--wp--preset--spacing--20);padding-left:0\">\n<div class=\"wp-block-group has-global-padding is-layout-constrained wp-block-group-is-layout-constrained\">\n<figure class=\"wp-block-image size-full\"><img decoding=\"async\" src=\"https:\/\/www.ccoocaixabank.net\/ca\/wp-content\/themes\/ccoo-caixabank-ca-2.0.0\/assets\/images\/pagas-especiales-1.jpg\" alt=\"\" style=\"aspect-ratio:4\/3;object-fit:cover\"\/><\/figure>\n\n\n\n<div class=\"wp-block-group has-global-padding is-layout-constrained wp-container-core-group-is-layout-6ba3cb33 wp-block-group-is-layout-constrained\" style=\"min-height:65px;margin-top:-85px\">\n<div class=\"wp-block-group destacadocirculo has-base-background-color has-background is-layout-flow wp-container-core-group-is-layout-c803993c wp-block-group-is-layout-flow\" style=\"border-radius:10px;min-height:65px;padding-top:0;padding-right:var(--wp--preset--spacing--20);padding-left:var(--wp--preset--spacing--20)\">\n<p class=\"has-text-align-left has-large-font-size\" style=\"padding-top:var(--wp--preset--spacing--20);padding-bottom:var(--wp--preset--spacing--20)\"><a href=\"https:\/\/www.ccoocaixabank.net\/ca\/beneficis-socials\/pagues-especials\/\"><strong>Pagues especials<\/strong><\/a><\/p>\n<\/div>\n<\/div>\n<\/div>\n<\/div>\n\n\n\n<div class=\"wp-block-column is-layout-flow wp-block-column-is-layout-flow\" style=\"padding-top:var(--wp--preset--spacing--20);padding-right:0;padding-bottom:var(--wp--preset--spacing--20);padding-left:0\">\n<div class=\"wp-block-group has-global-padding is-layout-constrained wp-block-group-is-layout-constrained\">\n<figure class=\"wp-block-image size-full\"><img decoding=\"async\" src=\"https:\/\/www.ccoocaixabank.net\/es\/wp-content\/themes\/ccoo-caixabank-es-2.0.0\/assets\/images\/Plantilla-1280x960-1.jpg\" alt=\"\" style=\"aspect-ratio:4\/3;object-fit:cover\"\/><\/figure>\n\n\n\n<div class=\"wp-block-group has-global-padding is-layout-constrained wp-container-core-group-is-layout-6ba3cb33 wp-block-group-is-layout-constrained\" style=\"min-height:65px;margin-top:-85px\">\n<div class=\"wp-block-group destacadocirculo has-base-background-color has-background is-layout-flow wp-container-core-group-is-layout-c803993c wp-block-group-is-layout-flow\" style=\"border-radius:10px;min-height:65px;padding-top:0;padding-right:var(--wp--preset--spacing--20);padding-left:var(--wp--preset--spacing--20)\">\n<p class=\"has-text-align-left has-large-font-size\" style=\"padding-top:var(--wp--preset--spacing--20);padding-bottom:var(--wp--preset--spacing--20)\"><strong><a href=\"https:\/\/www.ccoocaixabank.net\/ca\/beneficis-socials\/compensa\/\">Compensa+<\/a><\/strong><\/p>\n<\/div>\n<\/div>\n<\/div>\n<\/div>\n<\/div>\n<\/div>\n","protected":false},"excerpt":{"rendered":"<p>CCOO t&#8217;expliquem les ajudes d&#8217;escola bressol i d&#8217;estudis. Consisteixen en un pagament anual que dependr\u00e0 d&#8217;alguns factors. Els ajuts es cobren el mes de setembre, a excepci\u00f3 dels casos en qu\u00e8 el naixement sigui posterior a aquest mes, llavors es percebran abans del 31 de desembre. La quantia de les ajudes ser\u00e0 m\u00e9s gran si [&hellip;]<\/p>\n","protected":false},"author":1,"featured_media":328,"parent":49,"menu_order":60,"comment_status":"closed","ping_status":"closed","template":"","meta":{"advgb_blocks_editor_width":"","advgb_blocks_columns_visual_guide":"","editor_notices":[],"footnotes":""},"class_list":["post-327","page","type-page","status-publish","has-post-thumbnail","hentry"],"coauthors":[],"author_meta":{"author_link":"https:\/\/www.ccoocaixabank.net\/ca\/author\/wpsysadmin\/","display_name":"wpsysadmin"},"relative_dates":{"created":"Posted 2 anys ago","modified":"Updated 2 anys ago"},"absolute_dates":{"created":"Posted on 9 d'octubre de 2024","modified":"Updated on 16 d'octubre de 2024"},"absolute_dates_time":{"created":"Posted on 9 d'octubre de 2024 13:31","modified":"Updated on 16 d'octubre de 2024 17:10"},"featured_img_caption":"","featured_img":"https:\/\/www.ccoocaixabank.net\/ca\/wp-content\/uploads\/sites\/3\/2024\/10\/ayuda-hijos.jpg","series_order":"","_links":{"self":[{"href":"https:\/\/www.ccoocaixabank.net\/ca\/wp-json\/wp\/v2\/pages\/327","targetHints":{"allow":["GET"]}}],"collection":[{"href":"https:\/\/www.ccoocaixabank.net\/ca\/wp-json\/wp\/v2\/pages"}],"about":[{"href":"https:\/\/www.ccoocaixabank.net\/ca\/wp-json\/wp\/v2\/types\/page"}],"author":[{"embeddable":true,"href":"https:\/\/www.ccoocaixabank.net\/ca\/wp-json\/wp\/v2\/users\/1"}],"replies":[{"embeddable":true,"href":"https:\/\/www.ccoocaixabank.net\/ca\/wp-json\/wp\/v2\/comments?post=327"}],"version-history":[{"count":4,"href":"https:\/\/www.ccoocaixabank.net\/ca\/wp-json\/wp\/v2\/pages\/327\/revisions"}],"predecessor-version":[{"id":3565,"href":"https:\/\/www.ccoocaixabank.net\/ca\/wp-json\/wp\/v2\/pages\/327\/revisions\/3565"}],"up":[{"embeddable":true,"href":"https:\/\/www.ccoocaixabank.net\/ca\/wp-json\/wp\/v2\/pages\/49"}],"wp:featuredmedia":[{"embeddable":true,"href":"https:\/\/www.ccoocaixabank.net\/ca\/wp-json\/wp\/v2\/media\/328"}],"wp:attachment":[{"href":"https:\/\/www.ccoocaixabank.net\/ca\/wp-json\/wp\/v2\/media?parent=327"}],"curies":[{"name":"wp","href":"https:\/\/api.w.org\/{rel}","templated":true}]}}