{"id":374,"date":"2024-10-10T12:15:02","date_gmt":"2024-10-10T10:15:02","guid":{"rendered":"https:\/\/www.ccoocaixabank.net\/ca\/?page_id=374"},"modified":"2024-11-20T12:51:04","modified_gmt":"2024-11-20T11:51:04","slug":"nomina","status":"publish","type":"page","link":"https:\/\/www.ccoocaixabank.net\/ca\/el-teu-salari\/nomina\/","title":{"rendered":"N\u00f2mina"},"content":{"rendered":"\n<p>Si tens qualsevol consulta sobre la teva n\u00f2mina, o creus que el que has cobrat no \u00e9s correcte, <strong>t&#8217;ajudarem a resoldre els teus dubtes<\/strong>.<\/p>\n\n\n\n<p>Sabem de la complexitat i discrecionalitat de tot all\u00f2 relacionat amb el cobrament del bonus i dels incentius de campanyes, per aix\u00f2, si tens alguna consulta sobre el variable o creus que el que has cobrat no \u00e9s correcte, et podem ajudar.<\/p>\n\n\n\n<p> Gr\u00e0cies a les nostres reclamacions i gestions, amb el teu suport, hem avan\u00e7at en transpar\u00e8ncia i equitat malgrat que no s\u00f3n mat\u00e8ries regulades per acord laboral.<\/p>\n\n\n\n<p><strong>CCOO treballem per avan\u00e7ar.<\/strong><\/p>\n\n\n\n<div style=\"height:40px\" aria-hidden=\"true\" class=\"wp-block-spacer\"><\/div>\n\n\n\n<h2 class=\"wp-block-heading\"> Principals conceptes de la teva Retribuci\u00f3 Anual <\/h2>\n\n\n\n<div class=\"wp-block-advgb-accordions advgb-accordions-b8fa9d02-068e-4295-a66b-ed854084f60f advgb-accordion-wrapper\" data-collapsed=\"true\">\n<div class=\"wp-block-advgb-accordion-item advgb-accordion-item\" style=\"margin-bottom:15px\"><div class=\"advgb-accordion-header\" style=\"background-color:#ab291d;color:#ffffff;border-style:solid;border-width:1px;border-radius:2px\"><span class=\"advgb-accordion-header-icon\"><svg fill=\"#fbf4f3\" xmlns=\"http:\/\/www.w3.org\/2000\/svg\" width=\"24\" height=\"24\" viewBox=\"0 0 24 24\"><path fill=\"none\" d=\"M0,0h24v24H0V0z\"><\/path><path d=\"M12,2C6.48,2,2,6.48,2,12s4.48,10,10,10s10-4.48,10-10S17.52,2,12,2z M17,13h-4v4h-2v-4H7v-2h4V7h2v4h4V13z\"><\/path><\/svg><\/span><h4 class=\"advgb-accordion-header-title\" style=\"color:inherit\">Salari Base<\/h4><\/div><div class=\"advgb-accordion-body\" style=\"background-color:#fbf4f3;border-style:solid !important;border-width:1px !important;border-color:undefined !important;border-top:none !important;border-radius:2px !important\">\n<p>Corresponent a cada nivell professional. El <strong>Total Salari Base<\/strong> \u00e9s la suma del salari base del conveni col\u00b7lectiu del Nivell corresponent m\u00e9s la Millora Salarial Caixa. Hi ha altres conceptes com el Plus Funcional que estan assimilats al salari base.<\/p>\n<\/div><\/div>\n\n\n\n<div class=\"wp-block-advgb-accordion-item advgb-accordion-item\" style=\"margin-bottom:15px\"><div class=\"advgb-accordion-header\" style=\"background-color:#ab291d;color:#ffffff;border-style:solid;border-width:1px;border-radius:2px\"><span class=\"advgb-accordion-header-icon\"><svg fill=\"#fbf4f3\" xmlns=\"http:\/\/www.w3.org\/2000\/svg\" width=\"24\" height=\"24\" viewBox=\"0 0 24 24\"><path fill=\"none\" d=\"M0,0h24v24H0V0z\"><\/path><path d=\"M12,2C6.48,2,2,6.48,2,12s4.48,10,10,10s10-4.48,10-10S17.52,2,12,2z M17,13h-4v4h-2v-4H7v-2h4V7h2v4h4V13z\"><\/path><\/svg><\/span><h4 class=\"advgb-accordion-header-title\" style=\"color:inherit\">Pagues Extraordin\u00e0ries Prorratejades<\/h4><\/div><div class=\"advgb-accordion-body\" style=\"background-color:#fbf4f3;border-style:solid !important;border-width:1px !important;border-color:undefined !important;border-top:none !important;border-radius:2px !important\">\n<p>L&#8217;import de cada paga \u00e9s d&#8217;una mensualitat del Total Salari Base. El nombre de pagues extraordin\u00e0ries \u00e9s de 6,5, si b\u00e9 el pagament es prorrateja en els 12 rebuts de n\u00f2mina.<\/p>\n<\/div><\/div>\n\n\n\n<div class=\"wp-block-advgb-accordion-item advgb-accordion-item\" style=\"margin-bottom:15px\"><div class=\"advgb-accordion-header\" style=\"background-color:#ab291d;color:#ffffff;border-style:solid;border-width:1px;border-radius:2px\"><span class=\"advgb-accordion-header-icon\"><svg fill=\"#fbf4f3\" xmlns=\"http:\/\/www.w3.org\/2000\/svg\" width=\"24\" height=\"24\" viewBox=\"0 0 24 24\"><path fill=\"none\" d=\"M0,0h24v24H0V0z\"><\/path><path d=\"M12,2C6.48,2,2,6.48,2,12s4.48,10,10,10s10-4.48,10-10S17.52,2,12,2z M17,13h-4v4h-2v-4H7v-2h4V7h2v4h4V13z\"><\/path><\/svg><\/span><h4 class=\"advgb-accordion-header-title\" style=\"color:inherit\">Trienis<\/h4><\/div><div class=\"advgb-accordion-body\" style=\"background-color:#fbf4f3;border-style:solid !important;border-width:1px !important;border-color:undefined !important;border-top:none !important;border-radius:2px !important\">\n<p>Els triennis es retribueixen al 3% sobre el salari base del conveni (18,5 pagues). Es comencen a meritar a partir del nivell VII.<\/p>\n<\/div><\/div>\n\n\n\n<div class=\"wp-block-advgb-accordion-item advgb-accordion-item\" style=\"margin-bottom:15px\"><div class=\"advgb-accordion-header\" style=\"background-color:#ab291d;color:#ffffff;border-style:solid;border-width:1px;border-radius:2px\"><span class=\"advgb-accordion-header-icon\"><svg fill=\"#fbf4f3\" xmlns=\"http:\/\/www.w3.org\/2000\/svg\" width=\"24\" height=\"24\" viewBox=\"0 0 24 24\"><path fill=\"none\" d=\"M0,0h24v24H0V0z\"><\/path><path d=\"M12,2C6.48,2,2,6.48,2,12s4.48,10,10,10s10-4.48,10-10S17.52,2,12,2z M17,13h-4v4h-2v-4H7v-2h4V7h2v4h4V13z\"><\/path><\/svg><\/span><h4 class=\"advgb-accordion-header-title\" style=\"color:inherit\">Ajuda per Fills\/es<\/h4><\/div><div class=\"advgb-accordion-body\" style=\"background-color:#fbf4f3;border-style:solid !important;border-width:1px !important;border-color:undefined !important;border-top:none !important;border-radius:2px !important\">\n<p>5% sobre els conceptes Total Salari Base, Pagues Extraordin\u00e0ries prorratejades, Triennis, Plus Funcional i altres complements amb caracter\u00edstiques similars per cada fill\/a fins als 18 anys, sempre que no obtinguin a trav\u00e9s d&#8217;activitat remunerada rendes anuals superiors al salari m\u00ednim interprofessional. Si pateixen una incapacitat per al treball i se&#8217;ls reconeix abans dels 18 anys, es mantindr\u00e0 l&#8217;ajuda mentre duri aquesta circumst\u00e0ncia.<\/p>\n<\/div><\/div>\n\n\n\n<div class=\"wp-block-advgb-accordion-item advgb-accordion-item\" style=\"margin-bottom:15px\"><div class=\"advgb-accordion-header\" style=\"background-color:#ab291d;color:#ffffff;border-style:solid;border-width:1px;border-radius:2px\"><span class=\"advgb-accordion-header-icon\"><svg fill=\"#fbf4f3\" xmlns=\"http:\/\/www.w3.org\/2000\/svg\" width=\"24\" height=\"24\" viewBox=\"0 0 24 24\"><path fill=\"none\" d=\"M0,0h24v24H0V0z\"><\/path><path d=\"M12,2C6.48,2,2,6.48,2,12s4.48,10,10,10s10-4.48,10-10S17.52,2,12,2z M17,13h-4v4h-2v-4H7v-2h4V7h2v4h4V13z\"><\/path><\/svg><\/span><h4 class=\"advgb-accordion-header-title\" style=\"color:inherit\">Plusos en relaci\u00f3 a l&#8217;exercici d&#8217;un c\u00e0rrec o funci\u00f3<\/h4><\/div><div class=\"advgb-accordion-body\" style=\"background-color:#fbf4f3;border-style:solid !important;border-width:1px !important;border-color:undefined !important;border-top:none !important;border-radius:2px !important\">\n<p>Despeses de gesti\u00f3 i representaci\u00f3, plus de flexibilitat, complement en funcions, etc.<\/p>\n<\/div><\/div>\n\n\n\n<div class=\"wp-block-advgb-accordion-item advgb-accordion-item\" style=\"margin-bottom:15px\"><div class=\"advgb-accordion-header\" style=\"background-color:#ab291d;color:#ffffff;border-style:solid;border-width:1px;border-radius:2px\"><span class=\"advgb-accordion-header-icon\"><svg fill=\"#fbf4f3\" xmlns=\"http:\/\/www.w3.org\/2000\/svg\" width=\"24\" height=\"24\" viewBox=\"0 0 24 24\"><path fill=\"none\" d=\"M0,0h24v24H0V0z\"><\/path><path d=\"M12,2C6.48,2,2,6.48,2,12s4.48,10,10,10s10-4.48,10-10S17.52,2,12,2z M17,13h-4v4h-2v-4H7v-2h4V7h2v4h4V13z\"><\/path><\/svg><\/span><h4 class=\"advgb-accordion-header-title\" style=\"color:inherit\">Plus Conveni<\/h4><\/div><div class=\"advgb-accordion-body\" style=\"background-color:#fbf4f3;border-style:solid !important;border-width:1px !important;border-color:undefined !important;border-top:none !important;border-radius:2px !important\">\n<p>Es cobra un cop l&#8217;any el primer trimestre: Consta d&#8217;una part lineal fixa per a tots els empleats\/ades + \u00bc de paga de conveni segons el nivell.<\/p>\n<\/div><\/div>\n\n\n\n<div class=\"wp-block-advgb-accordion-item advgb-accordion-item\" style=\"margin-bottom:15px\"><div class=\"advgb-accordion-header\" style=\"background-color:#ab291d;color:#ffffff;border-style:solid;border-width:1px;border-radius:2px\"><span class=\"advgb-accordion-header-icon\"><svg fill=\"#fbf4f3\" xmlns=\"http:\/\/www.w3.org\/2000\/svg\" width=\"24\" height=\"24\" viewBox=\"0 0 24 24\"><path fill=\"none\" d=\"M0,0h24v24H0V0z\"><\/path><path d=\"M12,2C6.48,2,2,6.48,2,12s4.48,10,10,10s10-4.48,10-10S17.52,2,12,2z M17,13h-4v4h-2v-4H7v-2h4V7h2v4h4V13z\"><\/path><\/svg><\/span><h4 class=\"advgb-accordion-header-title\" style=\"color:inherit\">Plus Millora Conveni<\/h4><\/div><div class=\"advgb-accordion-body\" style=\"background-color:#fbf4f3;border-style:solid !important;border-width:1px !important;border-color:undefined !important;border-top:none !important;border-radius:2px !important\">\n<p>Des de l&#8217;any 2023 percebem aquest plus.<\/p>\n<\/div><\/div>\n\n\n\n<div class=\"wp-block-advgb-accordion-item advgb-accordion-item\" style=\"margin-bottom:15px\"><div class=\"advgb-accordion-header\" style=\"background-color:#ab291d;color:#ffffff;border-style:solid;border-width:1px;border-radius:2px\"><span class=\"advgb-accordion-header-icon\"><svg fill=\"#fbf4f3\" xmlns=\"http:\/\/www.w3.org\/2000\/svg\" width=\"24\" height=\"24\" viewBox=\"0 0 24 24\"><path fill=\"none\" d=\"M0,0h24v24H0V0z\"><\/path><path d=\"M12,2C6.48,2,2,6.48,2,12s4.48,10,10,10s10-4.48,10-10S17.52,2,12,2z M17,13h-4v4h-2v-4H7v-2h4V7h2v4h4V13z\"><\/path><\/svg><\/span><h4 class=\"advgb-accordion-header-title\" style=\"color:inherit\">Plus de Mercat i Complement Mercat<\/h4><\/div><div class=\"advgb-accordion-body\" style=\"background-color:#fbf4f3;border-style:solid !important;border-width:1px !important;border-color:undefined !important;border-top:none !important;border-radius:2px !important\">\n<p>S\u00f3n conceptes no regulats a la nostra normativa. S\u00f3n salari, i les seves caracter\u00edstiques solen ser: no consolidable, absorbible i no pensionable.<\/p>\n<\/div><\/div>\n\n\n\n<div class=\"wp-block-advgb-accordion-item advgb-accordion-item\" style=\"margin-bottom:15px\"><div class=\"advgb-accordion-header\" style=\"background-color:#ab291d;color:#ffffff;border-style:solid;border-width:1px;border-radius:2px\"><span class=\"advgb-accordion-header-icon\"><svg fill=\"#fbf4f3\" xmlns=\"http:\/\/www.w3.org\/2000\/svg\" width=\"24\" height=\"24\" viewBox=\"0 0 24 24\"><path fill=\"none\" d=\"M0,0h24v24H0V0z\"><\/path><path d=\"M12,2C6.48,2,2,6.48,2,12s4.48,10,10,10s10-4.48,10-10S17.52,2,12,2z M17,13h-4v4h-2v-4H7v-2h4V7h2v4h4V13z\"><\/path><\/svg><\/span><h4 class=\"advgb-accordion-header-title\" style=\"color:inherit\">Complement Lloc de treball<\/h4><\/div><div class=\"advgb-accordion-body\" style=\"background-color:#fbf4f3;border-style:solid !important;border-width:1px !important;border-color:undefined !important;border-top:none !important;border-radius:2px !important\">\n<p>Establert a les oficines i centres de treball amb horari laboral singular.<\/p>\n<\/div><\/div>\n<\/div>\n\n\n\n<div style=\"height:40px\" aria-hidden=\"true\" class=\"wp-block-spacer\"><\/div>\n\n\n\n<h2 class=\"wp-block-heading\"> Taules salarials<\/h2>\n\n\n\n<p> Demana-li a la teva delegada o delegat de CCOO el document de les taules salarials. <\/p>\n\n\n\n<h2 class=\"wp-block-heading has-text-align-left with-underline has-xx-large-font-size\" id=\"accesos-destacados-d4e68aa1-727b-4251-8080-d91f72f92ffd\" style=\"margin-top:var(--wp--preset--spacing--30);padding-top:var(--wp--preset--spacing--40);padding-right:0;padding-bottom:var(--wp--preset--spacing--20);padding-left:0\">Tamb\u00e9 pot interessar-te<\/h2>\n\n\n\n<div class=\"wp-block-group has-global-padding is-layout-constrained wp-block-group-is-layout-constrained\">\n<div class=\"wp-block-columns is-layout-flex wp-container-core-columns-is-layout-65e523f9 wp-block-columns-is-layout-flex\">\n<div class=\"wp-block-column is-layout-flow wp-container-core-column-is-layout-5f3b1f01 wp-block-column-is-layout-flow\" style=\"padding-top:var(--wp--preset--spacing--20);padding-right:0;padding-bottom:var(--wp--preset--spacing--20);padding-left:0\">\n<div class=\"wp-block-group has-global-padding is-layout-constrained wp-block-group-is-layout-constrained\">\n<figure class=\"wp-block-image size-full\"><img decoding=\"async\" src=\"https:\/\/www.ccoocaixabank.net\/es\/wp-content\/themes\/ccoo-caixabank-es-2.0.0\/assets\/images\/Plantilla-1280x960-1.jpg\" alt=\"\" style=\"aspect-ratio:4\/3;object-fit:cover\"\/><\/figure>\n\n\n\n<div class=\"wp-block-group has-global-padding is-layout-constrained wp-container-core-group-is-layout-6ba3cb33 wp-block-group-is-layout-constrained\" style=\"min-height:65px;margin-top:-85px\">\n<div class=\"wp-block-group destacadocirculo has-base-background-color has-background is-layout-flow wp-container-core-group-is-layout-c803993c wp-block-group-is-layout-flow\" style=\"border-radius:10px;min-height:65px;padding-top:0;padding-right:var(--wp--preset--spacing--20);padding-left:var(--wp--preset--spacing--20)\">\n<p class=\"has-text-align-left has-large-font-size\" style=\"padding-top:var(--wp--preset--spacing--20);padding-bottom:var(--wp--preset--spacing--20)\"><strong><a href=\"https:\/\/www.ccoocaixabank.net\/ca\/beneficis-socials\/compensa\/\">Compensa+<\/a><\/strong><\/p>\n<\/div>\n<\/div>\n<\/div>\n<\/div>\n\n\n\n<div class=\"wp-block-column is-layout-flow wp-block-column-is-layout-flow\" style=\"padding-top:var(--wp--preset--spacing--20);padding-right:0;padding-bottom:var(--wp--preset--spacing--20);padding-left:0\">\n<div class=\"wp-block-group has-global-padding is-layout-constrained wp-block-group-is-layout-constrained\">\n<figure class=\"wp-block-image size-full\"><a href=\"https:\/\/www.ccoocaixabank.net\/es\/beneficios-sociales\/\"><img loading=\"lazy\" decoding=\"async\" width=\"1280\" height=\"960\" src=\"https:\/\/www.ccoocaixabank.net\/es\/wp-content\/uploads\/sites\/2\/2024\/08\/beneficios-sociales.jpg\" alt=\"\" class=\"wp-image-2381\" style=\"aspect-ratio:4\/3;object-fit:cover\" srcset=\"https:\/\/www.ccoocaixabank.net\/ca\/wp-content\/uploads\/sites\/3\/2024\/08\/beneficios-sociales.jpg 1280w, https:\/\/www.ccoocaixabank.net\/ca\/wp-content\/uploads\/sites\/3\/2024\/08\/beneficios-sociales-512x384.jpg 512w, https:\/\/www.ccoocaixabank.net\/ca\/wp-content\/uploads\/sites\/3\/2024\/08\/beneficios-sociales-768x576.jpg 768w\" sizes=\"auto, (max-width: 1280px) 100vw, 1280px\" \/><\/a><\/figure>\n\n\n\n<div class=\"wp-block-group has-global-padding is-layout-constrained wp-container-core-group-is-layout-6ba3cb33 wp-block-group-is-layout-constrained\" style=\"min-height:65px;margin-top:-85px\">\n<div class=\"wp-block-group destacadocirculo has-base-background-color has-background is-layout-flow wp-container-core-group-is-layout-c803993c wp-block-group-is-layout-flow\" style=\"border-radius:10px;min-height:65px;padding-top:0;padding-right:var(--wp--preset--spacing--20);padding-left:var(--wp--preset--spacing--20)\">\n<p class=\"has-text-align-left has-large-font-size\" style=\"padding-top:var(--wp--preset--spacing--20);padding-bottom:var(--wp--preset--spacing--20)\"><a href=\"https:\/\/www.ccoocaixabank.net\/ca\/beneficis-socials\/\"><strong>Beneficis socials<\/strong><\/a><\/p>\n<\/div>\n<\/div>\n<\/div>\n<\/div>\n\n\n\n<div class=\"wp-block-column is-layout-flow wp-block-column-is-layout-flow\" style=\"padding-top:var(--wp--preset--spacing--20);padding-right:0;padding-bottom:var(--wp--preset--spacing--20);padding-left:0\">\n<div class=\"wp-block-group has-global-padding is-layout-constrained wp-block-group-is-layout-constrained\">\n<figure class=\"wp-block-image size-full\"><img decoding=\"async\" src=\"https:\/\/www.ccoocaixabank.net\/es\/wp-content\/themes\/ccoo-caixabank-es-2.0.0\/assets\/images\/Plantilla-1280x960-10.jpg\" alt=\"\" style=\"aspect-ratio:4\/3;object-fit:cover\"\/><\/figure>\n\n\n\n<div class=\"wp-block-group has-global-padding is-layout-constrained wp-container-core-group-is-layout-6ba3cb33 wp-block-group-is-layout-constrained\" style=\"min-height:65px;margin-top:-85px\">\n<div class=\"wp-block-group destacadocirculo has-base-background-color has-background is-layout-flow wp-container-core-group-is-layout-c803993c wp-block-group-is-layout-flow\" style=\"border-radius:10px;min-height:65px;padding-top:0;padding-right:var(--wp--preset--spacing--20);padding-left:var(--wp--preset--spacing--20)\">\n<p class=\"has-text-align-left has-large-font-size\" style=\"padding-top:var(--wp--preset--spacing--20);padding-bottom:var(--wp--preset--spacing--20)\"><a href=\"https:\/\/www.ccoocaixabank.net\/ca\/el-teu-salari\/promocio-professional\/proves-de-capacitacio\/\"><strong>Oposicions<\/strong><\/a><\/p>\n<\/div>\n<\/div>\n<\/div>\n<\/div>\n<\/div>\n<\/div>\n","protected":false},"excerpt":{"rendered":"<p>Si tens qualsevol consulta sobre la teva n\u00f2mina, o creus que no has cobrat el que \u00e9s correcte, t&#8217;ajudarem a resoldre els teus dubtes. Sabem de la complexitat i discrecionalitat del relacionat amb el cobrament del teu bonus i dels incentius de campanyes, per aix\u00f2 si tens qualsevol consulta sobre el variable o creus que no has cobrat el correcte et podem ajudar. Gr\u00e0cies a les nostres reclamacions i gestions, amb el teu suport, hem avan\u00e7at en transpar\u00e8ncia i equitat malgrat que no s\u00f3n mat\u00e8ries regulades per acord laboral. CCOO treballem per avan\u00e7ar. Principals conceptes de la teva Retribuci\u00f3 Anual Taules [&hellip;]<\/p>\n","protected":false},"author":1,"featured_media":412,"parent":3320,"menu_order":1,"comment_status":"closed","ping_status":"closed","template":"","meta":{"advgb_blocks_editor_width":"","advgb_blocks_columns_visual_guide":"","editor_notices":[],"footnotes":""},"class_list":["post-374","page","type-page","status-publish","has-post-thumbnail","hentry"],"coauthors":[],"author_meta":{"author_link":"https:\/\/www.ccoocaixabank.net\/ca\/author\/wpsysadmin\/","display_name":"wpsysadmin"},"relative_dates":{"created":"Posted 2 anys ago","modified":"Updated 1 any ago"},"absolute_dates":{"created":"Posted on 10 d'octubre de 2024","modified":"Updated on 20 de novembre de 2024"},"absolute_dates_time":{"created":"Posted on 10 d'octubre de 2024 12:15","modified":"Updated on 20 de novembre de 2024 12:51"},"featured_img_caption":"","featured_img":"https:\/\/www.ccoocaixabank.net\/ca\/wp-content\/uploads\/sites\/3\/2024\/10\/mi-nomina.jpg","series_order":"","_links":{"self":[{"href":"https:\/\/www.ccoocaixabank.net\/ca\/wp-json\/wp\/v2\/pages\/374","targetHints":{"allow":["GET"]}}],"collection":[{"href":"https:\/\/www.ccoocaixabank.net\/ca\/wp-json\/wp\/v2\/pages"}],"about":[{"href":"https:\/\/www.ccoocaixabank.net\/ca\/wp-json\/wp\/v2\/types\/page"}],"author":[{"embeddable":true,"href":"https:\/\/www.ccoocaixabank.net\/ca\/wp-json\/wp\/v2\/users\/1"}],"replies":[{"embeddable":true,"href":"https:\/\/www.ccoocaixabank.net\/ca\/wp-json\/wp\/v2\/comments?post=374"}],"version-history":[{"count":6,"href":"https:\/\/www.ccoocaixabank.net\/ca\/wp-json\/wp\/v2\/pages\/374\/revisions"}],"predecessor-version":[{"id":4281,"href":"https:\/\/www.ccoocaixabank.net\/ca\/wp-json\/wp\/v2\/pages\/374\/revisions\/4281"}],"up":[{"embeddable":true,"href":"https:\/\/www.ccoocaixabank.net\/ca\/wp-json\/wp\/v2\/pages\/3320"}],"wp:featuredmedia":[{"embeddable":true,"href":"https:\/\/www.ccoocaixabank.net\/ca\/wp-json\/wp\/v2\/media\/412"}],"wp:attachment":[{"href":"https:\/\/www.ccoocaixabank.net\/ca\/wp-json\/wp\/v2\/media?parent=374"}],"curies":[{"name":"wp","href":"https:\/\/api.w.org\/{rel}","templated":true}]}}