{"id":380,"date":"2024-10-10T10:29:39","date_gmt":"2024-10-10T08:29:39","guid":{"rendered":"https:\/\/www.ccoocaixabank.net\/ca\/?page_id=380"},"modified":"2026-03-12T10:49:10","modified_gmt":"2026-03-12T09:49:10","slug":"per-ser-de-ccoo","status":"publish","type":"page","link":"https:\/\/www.ccoocaixabank.net\/ca\/per-ser-de-ccoo\/","title":{"rendered":"Per ser de CCOO"},"content":{"rendered":"\n<p><\/p>\n\n\n\n<p class=\"has-secondary-color has-text-color has-link-color has-large-font-size wp-elements-8f2d8d9ad24fa6b27c9d2f7ddc5c7443\"> <strong>La teva afiliaci\u00f3 et d\u00f3na m\u00e9s<\/strong><\/p>\n\n\n\n<p>Com a afiliat\/ada ,a m\u00e9s de la persona que representa CCOO al teu centre de treball, tens tamb\u00e9 a la teva disposici\u00f3 tota l&#8217;organitzaci\u00f3 de CCOO, amb equips especialitzats dins i fora de CaixaBank que t&#8217;acompanyarem, assessorarem i resoldrem els teus dubtes i incid\u00e8ncies en qualsevol mat\u00e8ria laboral. Entre elles:<\/p>\n\n\n\n<ul class=\"wp-block-list\">\n<li> Expedients disciplinaris, Auditories, Plans de Millora i Avaluacions.<\/li>\n\n\n\n<li> Beneficis socials i pr\u00e9stecs.<\/li>\n\n\n\n<li> Promocions i carreres professionals.<\/li>\n\n\n\n<li> Conciliaci\u00f3 i permisos.<\/li>\n\n\n\n<li> Salut laboral.<\/li>\n\n\n\n<li> Temes professionals (Formaci\u00f3 a CaixaBank i Defensa de la teva Professionalitat).<\/li>\n\n\n\n<li> Seguretat Social i N\u00f2mines.<\/li>\n\n\n\n<li>Assessoria Jur\u00eddica Laboral (demandes individuals i col\u00b7lectives).<\/li>\n\n\n\n<li> Fiscalitat laboral.<\/li>\n\n\n\n<li> I qualsevol altre tema laboral que t&#8217;afecti.<\/li>\n<\/ul>\n\n\n\n<p><strong>Contacta amb el teu Delegat\/ada per a qualsevol consulta que tinguis, i com a afiliat\/ada rebr\u00e0s un assessorament exclusiu.<\/strong><\/p>\n\n\n\n<div style=\"height:100px\" aria-hidden=\"true\" class=\"wp-block-spacer\"><\/div>\n\n\n\n<div class=\"wp-block-columns is-layout-flex wp-container-core-columns-is-layout-265adf8a wp-block-columns-is-layout-flex\" style=\"margin-bottom:var(--wp--preset--spacing--80)\">\n<div class=\"wp-block-column is-layout-flow wp-container-core-column-is-layout-800b885c wp-block-column-is-layout-flow\" style=\"padding-top:var(--wp--preset--spacing--20);padding-right:0;padding-bottom:var(--wp--preset--spacing--20);padding-left:0\">\n<div class=\"wp-block-group grafismotop has-tertiary-background-color has-background has-global-padding is-layout-constrained wp-container-core-group-is-layout-12243e0f wp-block-group-is-layout-constrained\" style=\"min-height:256px\">\n<p class=\"has-text-align-left nolinkunderline has-contrast-color has-text-color has-link-color has-large-font-size wp-elements-951b9bc7beca8b9226f23038db425534\" style=\"margin-bottom:var(--wp--preset--spacing--20);padding-top:128px;padding-right:0;padding-left:var(--wp--preset--spacing--20)\"><strong><a href=\"https:\/\/www.ccoocaixabank.net\/ca\/per-ser-de-ccoo\/formacio-amb-ccoo\/\" target=\"_blank\" rel=\"noreferrer noopener\">Formaci\u00f3 amb CCOO<\/a><\/strong><\/p>\n\n\n\n<div class=\"wp-block-group has-global-padding is-content-justification-left is-layout-constrained wp-container-core-group-is-layout-ae1fc0fc wp-block-group-is-layout-constrained\" style=\"padding-top:0;padding-right:0;padding-bottom:0;padding-left:var(--wp--preset--spacing--20)\">\n<figure class=\"wp-block-image size-large is-resized ccoocirculoblanco\"><a href=\"https:\/\/www.ccoocaixabank.net\/es\/formacion-con-ccoo\/\"><img decoding=\"async\" src=\"\/wp-content\/themes\/ccoo2\/assets\/svg\/circulo1a.svg\" alt=\"\" style=\"width:45px\"\/><\/a><\/figure>\n<\/div>\n<\/div>\n<\/div>\n\n\n\n<div class=\"wp-block-column is-layout-flow wp-block-column-is-layout-flow\" style=\"padding-top:var(--wp--preset--spacing--20);padding-right:0;padding-bottom:var(--wp--preset--spacing--20);padding-left:0\">\n<div class=\"wp-block-group grafismotop has-tertiary-background-color has-background has-global-padding is-layout-constrained wp-container-core-group-is-layout-12243e0f wp-block-group-is-layout-constrained\" style=\"min-height:256px\">\n<p class=\"has-text-align-left nolinkunderline has-contrast-color has-text-color has-link-color has-large-font-size wp-elements-7de89d9db73e66b21e4012e811eb8acc\" style=\"margin-right:0;margin-bottom:var(--wp--preset--spacing--20);margin-left:0;padding-top:128px;padding-right:0;padding-left:var(--wp--preset--spacing--20)\"><a href=\"https:\/\/www.ccoocaixabank.net\/ca\/per-ser-de-ccoo\/avantatges-per-a-lafiliacio\/\" target=\"_blank\" rel=\"noreferrer noopener\"><strong>Avantatges per a l&#8217;afiliaci\u00f3<\/strong><\/a><\/p>\n\n\n\n<div class=\"wp-block-group has-global-padding is-content-justification-left is-layout-constrained wp-container-core-group-is-layout-ae1fc0fc wp-block-group-is-layout-constrained\" style=\"padding-top:0;padding-right:0;padding-bottom:0;padding-left:var(--wp--preset--spacing--20)\">\n<figure class=\"wp-block-image size-large is-resized ccoocirculoblanco\"><a href=\"https:\/\/www.ccoocaixabank.net\/es\/ventajas-para-el-afiliado\/\"><img decoding=\"async\" src=\"\/wp-content\/themes\/ccoo2\/assets\/svg\/circulo1a.svg\" alt=\"\" style=\"width:45px\"\/><\/a><\/figure>\n<\/div>\n<\/div>\n<\/div>\n\n\n\n<div class=\"wp-block-column is-layout-flow wp-block-column-is-layout-flow\" style=\"padding-top:var(--wp--preset--spacing--20);padding-right:0;padding-bottom:var(--wp--preset--spacing--20);padding-left:0\">\n<div class=\"wp-block-group grafismotop has-tertiary-background-color has-background has-global-padding is-layout-constrained wp-container-core-group-is-layout-12243e0f wp-block-group-is-layout-constrained\" style=\"min-height:256px\">\n<p class=\"has-text-align-left nolinkunderline has-contrast-color has-text-color has-link-color has-large-font-size wp-elements-2158250b66b64eee882fedacb600750b\" style=\"margin-bottom:var(--wp--preset--spacing--20);padding-top:128px;padding-right:0;padding-left:var(--wp--preset--spacing--20)\"><a href=\"https:\/\/www.ccoocaixabank.net\/ca\/per-ser-de-ccoo\/serveis-per-a-lafiliacio\/\" target=\"_blank\" rel=\"noreferrer noopener\"><strong>Serveis per a l&#8217;afiliaci\u00f3<\/strong><\/a><\/p>\n\n\n\n<div class=\"wp-block-group has-global-padding is-content-justification-left is-layout-constrained wp-container-core-group-is-layout-ae1fc0fc wp-block-group-is-layout-constrained\" style=\"padding-top:0;padding-right:0;padding-bottom:0;padding-left:var(--wp--preset--spacing--20)\">\n<figure class=\"wp-block-image size-large is-resized ccoocirculoblanco\"><a href=\"https:\/\/www.ccoocaixabank.net\/es\/servicios-para-afiliados\/\"><img decoding=\"async\" src=\"\/wp-content\/themes\/ccoo2\/assets\/svg\/circulo1a.svg\" alt=\"\" style=\"width:45px\"\/><\/a><\/figure>\n<\/div>\n<\/div>\n<\/div>\n\n\n\n<div class=\"wp-block-column is-layout-flow wp-block-column-is-layout-flow\" style=\"padding-top:var(--wp--preset--spacing--20);padding-right:0;padding-bottom:var(--wp--preset--spacing--20);padding-left:0\">\n<div class=\"wp-block-group grafismotop has-tertiary-background-color has-background has-global-padding is-layout-constrained wp-container-core-group-is-layout-12243e0f wp-block-group-is-layout-constrained\" style=\"min-height:256px\">\n<p class=\"has-text-align-left nolinkunderline has-contrast-color has-text-color has-link-color has-large-font-size wp-elements-a7acf036597dbfdf1d9b2baa14c11ebe\" style=\"margin-bottom:var(--wp--preset--spacing--20);padding-top:128px;padding-right:0;padding-left:var(--wp--preset--spacing--20)\"><a href=\"https:\/\/www.ccoocaixabank.net\/ca\/page_id12275\/\" target=\"_blank\" rel=\"noreferrer noopener\"><\/a><strong><a href=\"https:\/\/www.ccoocaixabank.net\/ca\/page_id12275\/\" target=\"_blank\" rel=\"noreferrer noopener\"><mark style=\"background-color:#fbf4f3\" class=\"has-inline-color has-contrast-color\">P\u00f3lissa d\u2019a<\/mark>ccidents gratu\u00efta<\/a><\/strong><\/p>\n\n\n\n<div class=\"wp-block-group has-global-padding is-content-justification-left is-layout-constrained wp-container-core-group-is-layout-ae1fc0fc wp-block-group-is-layout-constrained\" style=\"padding-top:0;padding-right:0;padding-bottom:0;padding-left:var(--wp--preset--spacing--20)\">\n<figure class=\"wp-block-image size-large is-resized ccoocirculoblanco\"><a href=\"https:\/\/www.ccoocaixabank.net\/ca\/page_id12275\/\" target=\"_blank\" rel=\" noreferrer noopener\"><img decoding=\"async\" src=\"\/wp-content\/themes\/ccoo2\/assets\/svg\/circulo1a.svg\" alt=\"\" style=\"width:45px\"\/><\/a><\/figure>\n<\/div>\n<\/div>\n<\/div>\n<\/div>\n\n\n\n<p><\/p>\n","protected":false},"excerpt":{"rendered":"<p>La teva afiliaci\u00f3 et d\u00f3na m\u00e9s Com a afiliat\/da ,a m\u00e9s de la persona que representa CCOO al teu centre de treball, tens tamb\u00e9 a la teva disposici\u00f3 tota l&#8217;organitzaci\u00f3 de CCOO, amb equips especialitzats dins i fora de CaixaBank que t&#8217;acompanyarem, assessorarem i resoldrem els teus dubtes i incid\u00e8ncies en qualsevol mat\u00e8ria laboral. Entre elles: Contacta amb el teu Delegat\/da per a qualsevol consulta que tinguis, i com a afiliat\/ada et donarem un assessorament exclusiu. Formaci\u00f3 amb CCOO Avantatges per a l&#8217;afiliat Serveis per a afiliats<\/p>\n","protected":false},"author":1,"featured_media":426,"parent":0,"menu_order":110,"comment_status":"closed","ping_status":"closed","template":"","meta":{"advgb_blocks_editor_width":"","advgb_blocks_columns_visual_guide":"","editor_notices":[],"footnotes":""},"class_list":["post-380","page","type-page","status-publish","has-post-thumbnail","hentry"],"coauthors":[],"author_meta":{"author_link":"https:\/\/www.ccoocaixabank.net\/ca\/author\/wpsysadmin\/","display_name":"wpsysadmin"},"relative_dates":{"created":"Posted 2 anys ago","modified":"Updated 2 mesos ago"},"absolute_dates":{"created":"Posted on 10 d'octubre de 2024","modified":"Updated on 12 de mar\u00e7 de 2026"},"absolute_dates_time":{"created":"Posted on 10 d'octubre de 2024 10:29","modified":"Updated on 12 de mar\u00e7 de 2026 10:49"},"featured_img_caption":"","featured_img":"https:\/\/www.ccoocaixabank.net\/ca\/wp-content\/uploads\/sites\/3\/2024\/10\/per-ser-de-ccoo-def.jpg","series_order":"","_links":{"self":[{"href":"https:\/\/www.ccoocaixabank.net\/ca\/wp-json\/wp\/v2\/pages\/380","targetHints":{"allow":["GET"]}}],"collection":[{"href":"https:\/\/www.ccoocaixabank.net\/ca\/wp-json\/wp\/v2\/pages"}],"about":[{"href":"https:\/\/www.ccoocaixabank.net\/ca\/wp-json\/wp\/v2\/types\/page"}],"author":[{"embeddable":true,"href":"https:\/\/www.ccoocaixabank.net\/ca\/wp-json\/wp\/v2\/users\/1"}],"replies":[{"embeddable":true,"href":"https:\/\/www.ccoocaixabank.net\/ca\/wp-json\/wp\/v2\/comments?post=380"}],"version-history":[{"count":7,"href":"https:\/\/www.ccoocaixabank.net\/ca\/wp-json\/wp\/v2\/pages\/380\/revisions"}],"predecessor-version":[{"id":16976,"href":"https:\/\/www.ccoocaixabank.net\/ca\/wp-json\/wp\/v2\/pages\/380\/revisions\/16976"}],"wp:featuredmedia":[{"embeddable":true,"href":"https:\/\/www.ccoocaixabank.net\/ca\/wp-json\/wp\/v2\/media\/426"}],"wp:attachment":[{"href":"https:\/\/www.ccoocaixabank.net\/ca\/wp-json\/wp\/v2\/media?parent=380"}],"curies":[{"name":"wp","href":"https:\/\/api.w.org\/{rel}","templated":true}]}}