{"id":385,"date":"2024-10-10T11:48:01","date_gmt":"2024-10-10T09:48:01","guid":{"rendered":"https:\/\/www.ccoocaixabank.net\/ca\/?page_id=385"},"modified":"2024-10-10T11:49:27","modified_gmt":"2024-10-10T09:49:27","slug":"qui-som","status":"publish","type":"page","link":"https:\/\/www.ccoocaixabank.net\/ca\/qui-som\/","title":{"rendered":"Qui som"},"content":{"rendered":"\n<p>A la Secci\u00f3 Sindical de CCOO <strong>som m\u00e9s de 15.000 persones afiliades<\/strong>, tot superant el 50% de la plantilla, amb implantaci\u00f3 a tots els nivells, funcions i territoris. La distribuci\u00f3 de l&#8217;afiliaci\u00f3 \u00e9s d&#8217;un 46% de persones amb c\u00e0rrec i un 54% sense.<\/p>\n\n\n\n<p>CCOO som un sindicat i <strong>un gran equip de persones, comprom\u00e8s, seri\u00f3s, exigent,<\/strong> amb una traject\u00f2ria de molts anys en qu\u00e8 hem participat activament en la construcci\u00f3 d&#8217;acords i normativa de CaixaBank d&#8217;aplicaci\u00f3 per a tota la plantilla de l&#8217;entitat. A CCOO CaixaBank, hem treballat per aconseguir millorar les condicions actuals de la plantilla, i som totalment independents de la Direcci\u00f3, treballem per als empleats de CaixaBank.<\/p>\n\n\n\n<p><strong>CCOO som un sindicat \u00fatil i proper<\/strong> a tu a tots els territoris, oficines, edificis corporatius i centres de treball. Com a afiliat\/ada, no dubtis en contactar amb nosaltres per a qualsevol consulta o tema que sigui del teu inter\u00e8s.<\/p>\n\n\n\n<p>La teva confian\u00e7a i comprom\u00eds fa que siguem el <strong>primer sindicat del pa\u00eds<\/strong> en nombre de persones afiliades i en representants elegits a les eleccions sindicals.<\/p>\n","protected":false},"excerpt":{"rendered":"<p>A la Secci\u00f3 Sindical de CCOO som m\u00e9s de 15.000 persones afiliades, superant el 50% de la plantilla, amb implantaci\u00f3 a tots els nivells, funcions i territoris. La distribuci\u00f3 de l&#8217;afiliaci\u00f3 \u00e9s de 46% de persones amb c\u00e0rrec i 54% sense. CCOO som un sindicat i un gran equip de persones, comprom\u00e8s, seri\u00f3s, exigent, amb una traject\u00f2ria de molts anys on hem participat activament en la construcci\u00f3 d&#8217;acords i normativa de CaixaBank d&#8217;aplicaci\u00f3 per a tota la plantilla de l&#8217;entitat. A CCOO CaixaBank, hem treballat per aconseguir millorar les condicions actuals de la [&hellip;]<\/p>\n","protected":false},"author":1,"featured_media":436,"parent":0,"menu_order":100,"comment_status":"closed","ping_status":"closed","template":"","meta":{"advgb_blocks_editor_width":"","advgb_blocks_columns_visual_guide":"","editor_notices":[],"footnotes":""},"class_list":["post-385","page","type-page","status-publish","has-post-thumbnail","hentry"],"coauthors":[],"author_meta":{"author_link":"https:\/\/www.ccoocaixabank.net\/ca\/author\/wpsysadmin\/","display_name":"wpsysadmin"},"relative_dates":{"created":"Posted 2 anys ago","modified":"Updated 2 anys ago"},"absolute_dates":{"created":"Posted on 10 d'octubre de 2024","modified":"Updated on 10 d'octubre de 2024"},"absolute_dates_time":{"created":"Posted on 10 d'octubre de 2024 11:48","modified":"Updated on 10 d'octubre de 2024 11:49"},"featured_img_caption":"","featured_img":"https:\/\/www.ccoocaixabank.net\/ca\/wp-content\/uploads\/sites\/3\/2024\/10\/qui-som-1.jpg","series_order":"","_links":{"self":[{"href":"https:\/\/www.ccoocaixabank.net\/ca\/wp-json\/wp\/v2\/pages\/385","targetHints":{"allow":["GET"]}}],"collection":[{"href":"https:\/\/www.ccoocaixabank.net\/ca\/wp-json\/wp\/v2\/pages"}],"about":[{"href":"https:\/\/www.ccoocaixabank.net\/ca\/wp-json\/wp\/v2\/types\/page"}],"author":[{"embeddable":true,"href":"https:\/\/www.ccoocaixabank.net\/ca\/wp-json\/wp\/v2\/users\/1"}],"replies":[{"embeddable":true,"href":"https:\/\/www.ccoocaixabank.net\/ca\/wp-json\/wp\/v2\/comments?post=385"}],"version-history":[{"count":2,"href":"https:\/\/www.ccoocaixabank.net\/ca\/wp-json\/wp\/v2\/pages\/385\/revisions"}],"predecessor-version":[{"id":518,"href":"https:\/\/www.ccoocaixabank.net\/ca\/wp-json\/wp\/v2\/pages\/385\/revisions\/518"}],"wp:featuredmedia":[{"embeddable":true,"href":"https:\/\/www.ccoocaixabank.net\/ca\/wp-json\/wp\/v2\/media\/436"}],"wp:attachment":[{"href":"https:\/\/www.ccoocaixabank.net\/ca\/wp-json\/wp\/v2\/media?parent=385"}],"curies":[{"name":"wp","href":"https:\/\/api.w.org\/{rel}","templated":true}]}}