{"id":386,"date":"2024-10-14T12:49:24","date_gmt":"2024-10-14T10:49:24","guid":{"rendered":"https:\/\/www.ccoocaixabank.net\/ca\/?page_id=386"},"modified":"2024-11-21T13:30:39","modified_gmt":"2024-11-21T12:30:39","slug":"psicosocials","status":"publish","type":"page","link":"https:\/\/www.ccoocaixabank.net\/ca\/prevencio-prl\/psicosocials\/","title":{"rendered":"Psicosocials"},"content":{"rendered":"\n<div class=\"wp-block-group has-tertiary-background-color has-background is-layout-flow wp-container-core-group-is-layout-768176b3 wp-block-group-is-layout-flow\" style=\"border-style:none;border-width:0px;margin-top:var(--wp--preset--spacing--20);margin-bottom:var(--wp--preset--spacing--20);padding-top:20px;padding-right:20px;padding-bottom:20px;padding-left:20px\">\n<p class=\"has-text-align-center has-secondary-color has-text-color has-link-color has-large-font-size wp-elements-a02dba45f96dcfde205da611d4cc5e2c\"> <strong>Per a CCOO CaixaBank, les condicions laborals en qu\u00e8 treballa la plantilla, el benestar diari i la seva salut \u00e9s el m\u00e9s important.<\/strong><\/p>\n<\/div>\n\n\n\n<p><strong>L&#8217;organitzaci\u00f3 del treball<\/strong>, la <strong>desmesurada pressi\u00f3 comercial<\/strong> i el <strong>clima laboral<\/strong> que vivim di\u00e0riament, tenen <strong>efectes directes sobre la nostra salut<\/strong>, es manifesten a trav\u00e9s de l&#8217;<strong>estr\u00e8s<\/strong>, i influeixen a <strong>curt termini<\/strong> sobre la salut, tant <strong>f\u00edsica com mental i social<\/strong>. Aspectes com:<\/p>\n\n\n\n<ul class=\"wp-block-list\">\n<li>Ansietat, depressi\u00f3, alienaci\u00f3, apatia.<\/li>\n\n\n\n<li>Tenir dificultats per recordar les coses, per pensar de manera clara, no poder concentrar-se, ni prendre decisions.<\/li>\n\n\n\n<li>No tenir ganes de parlar amb ning\u00fa, estar amb gent, sentir-se aclaparat, no poder dormir b\u00e9, menjar compulsivament, abusar de l&#8217;alcohol, tabac.<\/li>\n\n\n\n<li> Problemes d&#8217;est\u00f3mac, dolor al pit, tensi\u00f3 als m\u00fasculs, mal de cap, suar m\u00e9s, marejar-se, manca d&#8217;aire<\/li>\n<\/ul>\n\n\n\n<p>A <strong>llarg termini<\/strong>, depenent de la intensitat, la freq\u00fc\u00e8ncia i la durada, l&#8217; <strong>exposici\u00f3 a aquests riscos psicosocials<\/strong> pot derivar en <strong>malalties greus<\/strong> de tipus cardiovascular, respirat\u00f2ries, immunit\u00e0ries, gastrointestinals, etc. i tamb\u00e9 de salut mental.<\/p>\n\n\n\n<p><strong>CCOO hem transm\u00e8s<\/strong> en innombrables ocasions a la Direcci\u00f3 <strong>propostes concretes<\/strong> i tangibles que permetin una millora en el <strong>deteriorat clima laboral<\/strong> i que redueixin els <strong>factors de risc<\/strong> que estan posant en <strong>perill real la nostra salut f\u00edsica i mental:<\/strong> ajustar la c\u00e0rrega de treball, millora immediata dels protocols de substituci\u00f3 d&#8217;abs\u00e8ncies, respecte als temps de treball (agendes, consecuci\u00f3 de reptes amb planificaci\u00f3 per per\u00edodes complets), treball en remot rotatiu, desenvolupament de formaci\u00f3 durant la jornada, etc.<\/p>\n\n\n\n<div class=\"wp-block-group has-tertiary-background-color has-background is-layout-flow wp-container-core-group-is-layout-768176b3 wp-block-group-is-layout-flow\" style=\"border-style:none;border-width:0px;margin-top:var(--wp--preset--spacing--20);margin-bottom:var(--wp--preset--spacing--20);padding-top:20px;padding-right:20px;padding-bottom:20px;padding-left:20px\">\n<p class=\"has-text-align-center has-secondary-color has-text-color has-link-color has-medium-font-size wp-elements-a2e18ff1fd1ff3fc075ae2479985105b\"><strong>Gr\u00e0cies a la demanda que CCOO vam guanyar en solitari al Tribunal Suprem,<\/strong><\/p>\n\n\n\n<p class=\"has-text-align-center has-secondary-color has-text-color has-link-color has-medium-font-size wp-elements-6ab8a5a1d81bc44530beba5296407bda\"><strong>les avaluacions de riscos psicosocials obligades a realitzar a CaixaBank determinen legalment<br> diversos factors de risc psicosocial per sobre del suportable<\/strong>, <strong>i aix\u00ed ho ha traslladat la plantilla a la Direcci\u00f3<\/strong><\/p>\n\n\n\n<p class=\"has-text-align-center has-secondary-color has-text-color has-link-color has-medium-font-size wp-elements-202e149137d79fb0dcf454dbdc2c0aab\"><strong>a trav\u00e9s de l&#8217;enquesta d&#8217;Avaluaci\u00f3 de Riscos Psicosocials<\/strong>.<\/p>\n<\/div>\n\n\n\n<p><strong>Si la pressi\u00f3 comercial est\u00e0 afectant la teva salut, DENUNCIA-ho!!! Contacta amb el delegat\/ada de CCOO CaixaBank que visita el teu centre de treball.<\/strong><\/p>\n\n\n\n<h2 class=\"wp-block-heading has-text-align-left with-underline has-xx-large-font-size\" id=\"accesos-destacados-d4e68aa1-727b-4251-8080-d91f72f92ffd\" style=\"margin-top:var(--wp--preset--spacing--30);padding-top:var(--wp--preset--spacing--40);padding-right:0;padding-bottom:var(--wp--preset--spacing--20);padding-left:0\">Tamb\u00e9 pot interessar-te<\/h2>\n\n\n\n<div class=\"wp-block-group has-global-padding is-layout-constrained wp-block-group-is-layout-constrained\">\n<div class=\"wp-block-columns is-layout-flex wp-container-core-columns-is-layout-65e523f9 wp-block-columns-is-layout-flex\">\n<div class=\"wp-block-column is-layout-flow wp-container-core-column-is-layout-5f3b1f01 wp-block-column-is-layout-flow\" style=\"padding-top:var(--wp--preset--spacing--20);padding-right:0;padding-bottom:var(--wp--preset--spacing--20);padding-left:0\">\n<div class=\"wp-block-group has-global-padding is-layout-constrained wp-block-group-is-layout-constrained\">\n<figure class=\"wp-block-image size-full\"><img decoding=\"async\" src=\"https:\/\/www.ccoocaixabank.net\/es\/wp-content\/themes\/ccoo-caixabank-es-2.0.0\/assets\/images\/poliza-sanitaria.jpg\" alt=\"\" style=\"aspect-ratio:4\/3;object-fit:cover\"\/><\/figure>\n\n\n\n<div class=\"wp-block-group has-global-padding is-layout-constrained wp-container-core-group-is-layout-6ba3cb33 wp-block-group-is-layout-constrained\" style=\"min-height:65px;margin-top:-85px\">\n<div class=\"wp-block-group destacadocirculo has-base-background-color has-background is-layout-flow wp-container-core-group-is-layout-c803993c wp-block-group-is-layout-flow\" style=\"border-radius:10px;min-height:65px;padding-top:0;padding-right:var(--wp--preset--spacing--20);padding-left:var(--wp--preset--spacing--20)\">\n<p class=\"has-text-align-left has-large-font-size\" style=\"padding-top:var(--wp--preset--spacing--20);padding-bottom:var(--wp--preset--spacing--20)\"><a href=\"https:\/\/www.ccoocaixabank.net\/ca\/beneficis-socials\/polissa-sanitaria\/\"><strong>P\u00f2lissa sanit\u00e0ria Adeslas<\/strong><\/a><\/p>\n<\/div>\n<\/div>\n<\/div>\n<\/div>\n\n\n\n<div class=\"wp-block-column is-layout-flow wp-block-column-is-layout-flow\" style=\"padding-top:var(--wp--preset--spacing--20);padding-right:0;padding-bottom:var(--wp--preset--spacing--20);padding-left:0\">\n<div class=\"wp-block-group has-global-padding is-layout-constrained wp-block-group-is-layout-constrained\">\n<figure class=\"wp-block-image size-full\"><img decoding=\"async\" src=\"https:\/\/www.ccoocaixabank.net\/ca\/wp-content\/themes\/ccoo-caixabank-ca-2.0.0\/assets\/images\/permisos.jpg\" alt=\"\" style=\"aspect-ratio:4\/3;object-fit:cover\"\/><\/figure>\n\n\n\n<div class=\"wp-block-group has-global-padding is-layout-constrained wp-container-core-group-is-layout-6ba3cb33 wp-block-group-is-layout-constrained\" style=\"min-height:65px;margin-top:-85px\">\n<div class=\"wp-block-group destacadocirculo has-base-background-color has-background is-layout-flow wp-container-core-group-is-layout-c803993c wp-block-group-is-layout-flow\" style=\"border-radius:10px;min-height:65px;padding-top:0;padding-right:var(--wp--preset--spacing--20);padding-left:var(--wp--preset--spacing--20)\">\n<p class=\"has-text-align-left has-large-font-size\" style=\"padding-top:var(--wp--preset--spacing--20);padding-bottom:var(--wp--preset--spacing--20)\"><a href=\"https:\/\/www.ccoocaixabank.net\/ca\/igualtat-i-conciliacio\/permisos\/\"><strong>Permisos<\/strong><\/a><\/p>\n<\/div>\n<\/div>\n<\/div>\n<\/div>\n\n\n\n<div class=\"wp-block-column is-layout-flow wp-block-column-is-layout-flow\" style=\"padding-top:var(--wp--preset--spacing--20);padding-right:0;padding-bottom:var(--wp--preset--spacing--20);padding-left:0\">\n<div class=\"wp-block-group has-global-padding is-layout-constrained wp-block-group-is-layout-constrained\">\n<figure class=\"wp-block-image size-full\"><a href=\"https:\/\/www.ccoocaixabank.net\/es\/beneficios-sociales\/\"><img loading=\"lazy\" decoding=\"async\" width=\"1280\" height=\"960\" src=\"https:\/\/www.ccoocaixabank.net\/es\/wp-content\/uploads\/sites\/2\/2024\/08\/beneficios-sociales.jpg\" alt=\"\" class=\"wp-image-2381\" style=\"aspect-ratio:4\/3;object-fit:cover\" srcset=\"https:\/\/www.ccoocaixabank.net\/ca\/wp-content\/uploads\/sites\/3\/2024\/08\/beneficios-sociales.jpg 1280w, https:\/\/www.ccoocaixabank.net\/ca\/wp-content\/uploads\/sites\/3\/2024\/08\/beneficios-sociales-512x384.jpg 512w, https:\/\/www.ccoocaixabank.net\/ca\/wp-content\/uploads\/sites\/3\/2024\/08\/beneficios-sociales-768x576.jpg 768w\" sizes=\"auto, (max-width: 1280px) 100vw, 1280px\" \/><\/a><\/figure>\n\n\n\n<div class=\"wp-block-group has-global-padding is-layout-constrained wp-container-core-group-is-layout-6ba3cb33 wp-block-group-is-layout-constrained\" style=\"min-height:65px;margin-top:-85px\">\n<div class=\"wp-block-group destacadocirculo has-base-background-color has-background is-layout-flow wp-container-core-group-is-layout-c803993c wp-block-group-is-layout-flow\" style=\"border-radius:10px;min-height:65px;padding-top:0;padding-right:var(--wp--preset--spacing--20);padding-left:var(--wp--preset--spacing--20)\">\n<p class=\"has-text-align-left has-large-font-size\" style=\"padding-top:var(--wp--preset--spacing--20);padding-bottom:var(--wp--preset--spacing--20)\"><a href=\"https:\/\/www.ccoocaixabank.net\/ca\/beneficis-socials\/\"><strong>Beneficis socials<\/strong><\/a><\/p>\n<\/div>\n<\/div>\n<\/div>\n<\/div>\n<\/div>\n<\/div>\n","protected":false},"excerpt":{"rendered":"<p>Per a CCOO CaixaBank, les condicions laborals en qu\u00e8 treballa la plantilla, el benestar diari i la seva salut \u00e9s el m\u00e9s important. Els efectes de l&#8217;organitzaci\u00f3 del treball, la desmesurada pressi\u00f3 comercial i el clima laboral que vivim di\u00e0riament, tenen efectes directes sobre la nostra salut i es manifesten a trav\u00e9s de l&#8217;estr\u00e8s, influint a curt termini a la salut, tant f\u00edsica com mental i social, en aspectes com: A llarg termini, depenent de la intensitat, la freq\u00fc\u00e8ncia i la durada, l&#8217;exposici\u00f3 a aquests riscos psicosocials pot derivar en malalties greus de tipus cardiovascular, respirat\u00f2ries, immunit\u00e0ries, gastrointestinals, etc. i tamb\u00e9 de [&hellip;]<\/p>\n","protected":false},"author":1,"featured_media":438,"parent":390,"menu_order":4,"comment_status":"closed","ping_status":"closed","template":"","meta":{"advgb_blocks_editor_width":"","advgb_blocks_columns_visual_guide":"","editor_notices":[],"footnotes":""},"class_list":["post-386","page","type-page","status-publish","has-post-thumbnail","hentry"],"coauthors":[],"author_meta":{"author_link":"https:\/\/www.ccoocaixabank.net\/ca\/author\/wpsysadmin\/","display_name":"wpsysadmin"},"relative_dates":{"created":"Posted 2 anys ago","modified":"Updated 1 any ago"},"absolute_dates":{"created":"Posted on 14 d'octubre de 2024","modified":"Updated on 21 de novembre de 2024"},"absolute_dates_time":{"created":"Posted on 14 d'octubre de 2024 12:49","modified":"Updated on 21 de novembre de 2024 13:30"},"featured_img_caption":"","featured_img":"https:\/\/www.ccoocaixabank.net\/ca\/wp-content\/uploads\/sites\/3\/2024\/10\/psicosocial.jpg","series_order":"","_links":{"self":[{"href":"https:\/\/www.ccoocaixabank.net\/ca\/wp-json\/wp\/v2\/pages\/386","targetHints":{"allow":["GET"]}}],"collection":[{"href":"https:\/\/www.ccoocaixabank.net\/ca\/wp-json\/wp\/v2\/pages"}],"about":[{"href":"https:\/\/www.ccoocaixabank.net\/ca\/wp-json\/wp\/v2\/types\/page"}],"author":[{"embeddable":true,"href":"https:\/\/www.ccoocaixabank.net\/ca\/wp-json\/wp\/v2\/users\/1"}],"replies":[{"embeddable":true,"href":"https:\/\/www.ccoocaixabank.net\/ca\/wp-json\/wp\/v2\/comments?post=386"}],"version-history":[{"count":4,"href":"https:\/\/www.ccoocaixabank.net\/ca\/wp-json\/wp\/v2\/pages\/386\/revisions"}],"predecessor-version":[{"id":4297,"href":"https:\/\/www.ccoocaixabank.net\/ca\/wp-json\/wp\/v2\/pages\/386\/revisions\/4297"}],"up":[{"embeddable":true,"href":"https:\/\/www.ccoocaixabank.net\/ca\/wp-json\/wp\/v2\/pages\/390"}],"wp:featuredmedia":[{"embeddable":true,"href":"https:\/\/www.ccoocaixabank.net\/ca\/wp-json\/wp\/v2\/media\/438"}],"wp:attachment":[{"href":"https:\/\/www.ccoocaixabank.net\/ca\/wp-json\/wp\/v2\/media?parent=386"}],"curies":[{"name":"wp","href":"https:\/\/api.w.org\/{rel}","templated":true}]}}