{"id":387,"date":"2024-10-14T13:07:58","date_gmt":"2024-10-14T11:07:58","guid":{"rendered":"https:\/\/www.ccoocaixabank.net\/ca\/?page_id=387"},"modified":"2024-10-17T12:03:07","modified_gmt":"2024-10-17T10:03:07","slug":"atracaments","status":"publish","type":"page","link":"https:\/\/www.ccoocaixabank.net\/ca\/prevencio-prl\/atracaments\/","title":{"rendered":"Atracaments, agressions o amenaces"},"content":{"rendered":"\n<p>A CCOO tenim molt present la realitat de la plantilla de la xarxa comercial, una realitat que est\u00e0 exposada di\u00e0riament a amenaces i actes violents amb el risc greu que poden comportar, tot requerint la necessitat d&#8217;assist\u00e8ncia m\u00e8dica de la M\u00fatua.<\/p>\n\n\n\n<p> A CaixaBank disposem d&#8217;un <strong>Protocol d&#8217;atracaments i amenaces,<\/strong> amb les instruccions d&#8217;actuaci\u00f3 davant del risc d&#8217;atracament, agressi\u00f3 o amena\u00e7a. <\/p>\n\n\n\n<div class=\"wp-block-group has-tertiary-background-color has-background is-layout-flow wp-container-core-group-is-layout-768176b3 wp-block-group-is-layout-flow\" style=\"border-style:none;border-width:0px;margin-top:var(--wp--preset--spacing--20);margin-bottom:var(--wp--preset--spacing--20);padding-top:20px;padding-right:20px;padding-bottom:20px;padding-left:20px\">\n<p class=\"has-text-align-center has-secondary-color has-text-color has-link-color has-medium-font-size wp-elements-f63f7ca6633ea2b4dbf5aebd7e39f3e3\"><strong>Pots accedir al document <em>Com actuar en cas d&#8217;atracaments, agressions i amenaces?<\/em>, <em>a trav\u00e9s de PeopleNow &gt; Llocs &gt; Enfocats &gt; Seguretat &gt; Incidents d&#8217;oficina<\/em><\/strong><\/p>\n<\/div>\n\n\n\n<p> En cas de requerir <strong>atenci\u00f3 m\u00e8dica<\/strong> , et recordem el <strong>tel\u00e8fon d&#8217;assist\u00e8ncia de M\u00fatua<\/strong> per a aquests casos segons el territori i si passa fora o dins de l&#8217;horari i del lloc de treball per\u00f2 relacionat amb aquest: <\/p>\n\n\n\n<div class=\"wp-block-group has-tertiary-background-color has-background is-layout-flow wp-container-core-group-is-layout-768176b3 wp-block-group-is-layout-flow\" style=\"border-style:none;border-width:0px;margin-top:var(--wp--preset--spacing--20);margin-bottom:var(--wp--preset--spacing--20);padding-top:20px;padding-right:20px;padding-bottom:20px;padding-left:20px\">\n<p class=\"has-text-align-left has-secondary-color has-text-color has-link-color has-medium-font-size wp-elements-0a808753166dc7e74aa62740f04aee74\"> <strong>M\u00daTUA UNIVERSAL<\/strong> (tot el territori nacional excepte Comunitat Valenciana) <\/p>\n\n\n\n<p class=\"has-secondary-color has-text-color has-link-color wp-elements-4d9447921398bad1bf231783e9180da5\"> 675544945 <\/p>\n\n\n\n<p class=\"has-secondary-color has-text-color has-link-color wp-elements-f5ce9267da142bd0526de05c1573bd32\"> Si \u00e9s festiu a Barcelona: 900 203 203 <\/p>\n\n\n\n<p class=\"has-secondary-color has-text-color has-link-color wp-elements-5b41d3ef9a3f5ef8c7238e25bf2caa9e\"> <strong>UMIVALE (Comunitat Valenciana)<\/strong> <\/p>\n\n\n\n<p class=\"has-secondary-color has-text-color has-link-color wp-elements-b1ee5e71319f63d4abb9d894f58353a7\"> 663 614 006 (Alacant) <\/p>\n\n\n\n<p class=\"has-secondary-color has-text-color has-link-color wp-elements-2a8518c427407f524286c869015c0289\"> 672 127 596 (Castell\u00f3) <\/p>\n\n\n\n<p class=\"has-secondary-color has-text-color has-link-color wp-elements-0ae020e409535bf6de59ef4e4e05c233\"> 649 412 533 (Val\u00e8ncia) <\/p>\n\n\n\n<p class=\"has-text-align-left has-secondary-color has-text-color has-link-color has-medium-font-size wp-elements-ee190b18f09ea839bce4e189f9b8c405\"> Si \u00e9s festiu a Alacant, Castell\u00f3 o Val\u00e8ncia: 900 365 012<\/p>\n<\/div>\n\n\n\n<p><strong>No dubtis a contactar amb el teu delegat\/ada de CCOO CaixaBank en cas de trobar-te en alguna d&#8217;aquestes situacions.<\/strong><\/p>\n\n\n\n<h2 class=\"wp-block-heading has-text-align-left with-underline has-xx-large-font-size\" id=\"accesos-destacados-d4e68aa1-727b-4251-8080-d91f72f92ffd\" style=\"margin-top:var(--wp--preset--spacing--30);padding-top:var(--wp--preset--spacing--40);padding-right:0;padding-bottom:var(--wp--preset--spacing--20);padding-left:0\">Tamb\u00e9 pot interessar-te<\/h2>\n\n\n\n<div class=\"wp-block-group has-global-padding is-layout-constrained wp-block-group-is-layout-constrained\">\n<div class=\"wp-block-columns is-layout-flex wp-container-core-columns-is-layout-65e523f9 wp-block-columns-is-layout-flex\">\n<div class=\"wp-block-column is-layout-flow wp-container-core-column-is-layout-5f3b1f01 wp-block-column-is-layout-flow\" style=\"padding-top:var(--wp--preset--spacing--20);padding-right:0;padding-bottom:var(--wp--preset--spacing--20);padding-left:0\">\n<div class=\"wp-block-group has-global-padding is-layout-constrained wp-block-group-is-layout-constrained\">\n<figure class=\"wp-block-image size-full\"><img decoding=\"async\" src=\"https:\/\/www.ccoocaixabank.net\/es\/wp-content\/themes\/ccoo-caixabank-es-2.0.0\/assets\/images\/poliza-sanitaria.jpg\" alt=\"\" style=\"aspect-ratio:4\/3;object-fit:cover\"\/><\/figure>\n\n\n\n<div class=\"wp-block-group has-global-padding is-layout-constrained wp-container-core-group-is-layout-6ba3cb33 wp-block-group-is-layout-constrained\" style=\"min-height:65px;margin-top:-85px\">\n<div class=\"wp-block-group destacadocirculo has-base-background-color has-background is-layout-flow wp-container-core-group-is-layout-c803993c wp-block-group-is-layout-flow\" style=\"border-radius:10px;min-height:65px;padding-top:0;padding-right:var(--wp--preset--spacing--20);padding-left:var(--wp--preset--spacing--20)\">\n<p class=\"has-text-align-left has-large-font-size\" style=\"padding-top:var(--wp--preset--spacing--20);padding-bottom:var(--wp--preset--spacing--20)\"><a href=\"https:\/\/www.ccoocaixabank.net\/ca\/beneficis-socials\/polissa-sanitaria\/\"><strong>P\u00f2lissa sanit\u00e0ria Adeslas<\/strong><\/a><\/p>\n<\/div>\n<\/div>\n<\/div>\n<\/div>\n\n\n\n<div class=\"wp-block-column is-layout-flow wp-block-column-is-layout-flow\" style=\"padding-top:var(--wp--preset--spacing--20);padding-right:0;padding-bottom:var(--wp--preset--spacing--20);padding-left:0\">\n<div class=\"wp-block-group has-global-padding is-layout-constrained wp-block-group-is-layout-constrained\">\n<figure class=\"wp-block-image size-full\"><img decoding=\"async\" src=\"https:\/\/www.ccoocaixabank.net\/ca\/wp-content\/themes\/ccoo-caixabank-ca-2.0.0\/assets\/images\/permisos.jpg\" alt=\"\" style=\"aspect-ratio:4\/3;object-fit:cover\"\/><\/figure>\n\n\n\n<div class=\"wp-block-group has-global-padding is-layout-constrained wp-container-core-group-is-layout-6ba3cb33 wp-block-group-is-layout-constrained\" style=\"min-height:65px;margin-top:-85px\">\n<div class=\"wp-block-group destacadocirculo has-base-background-color has-background is-layout-flow wp-container-core-group-is-layout-c803993c wp-block-group-is-layout-flow\" style=\"border-radius:10px;min-height:65px;padding-top:0;padding-right:var(--wp--preset--spacing--20);padding-left:var(--wp--preset--spacing--20)\">\n<p class=\"has-text-align-left has-large-font-size\" style=\"padding-top:var(--wp--preset--spacing--20);padding-bottom:var(--wp--preset--spacing--20)\"><a href=\"https:\/\/www.ccoocaixabank.net\/ca\/igualtat-i-conciliacio\/permisos\/\"><strong>Permisos<\/strong><\/a><\/p>\n<\/div>\n<\/div>\n<\/div>\n<\/div>\n\n\n\n<div class=\"wp-block-column is-layout-flow wp-block-column-is-layout-flow\" style=\"padding-top:var(--wp--preset--spacing--20);padding-right:0;padding-bottom:var(--wp--preset--spacing--20);padding-left:0\">\n<div class=\"wp-block-group has-global-padding is-layout-constrained wp-block-group-is-layout-constrained\">\n<figure class=\"wp-block-image size-full\"><a href=\"https:\/\/www.ccoocaixabank.net\/es\/beneficios-sociales\/\"><img loading=\"lazy\" decoding=\"async\" width=\"1280\" height=\"960\" src=\"https:\/\/www.ccoocaixabank.net\/es\/wp-content\/uploads\/sites\/2\/2024\/08\/beneficios-sociales.jpg\" alt=\"\" class=\"wp-image-2381\" style=\"aspect-ratio:4\/3;object-fit:cover\" srcset=\"https:\/\/www.ccoocaixabank.net\/ca\/wp-content\/uploads\/sites\/3\/2024\/08\/beneficios-sociales.jpg 1280w, https:\/\/www.ccoocaixabank.net\/ca\/wp-content\/uploads\/sites\/3\/2024\/08\/beneficios-sociales-512x384.jpg 512w, https:\/\/www.ccoocaixabank.net\/ca\/wp-content\/uploads\/sites\/3\/2024\/08\/beneficios-sociales-768x576.jpg 768w\" sizes=\"auto, (max-width: 1280px) 100vw, 1280px\" \/><\/a><\/figure>\n\n\n\n<div class=\"wp-block-group has-global-padding is-layout-constrained wp-container-core-group-is-layout-6ba3cb33 wp-block-group-is-layout-constrained\" style=\"min-height:65px;margin-top:-85px\">\n<div class=\"wp-block-group destacadocirculo has-base-background-color has-background is-layout-flow wp-container-core-group-is-layout-c803993c wp-block-group-is-layout-flow\" style=\"border-radius:10px;min-height:65px;padding-top:0;padding-right:var(--wp--preset--spacing--20);padding-left:var(--wp--preset--spacing--20)\">\n<p class=\"has-text-align-left has-large-font-size\" style=\"padding-top:var(--wp--preset--spacing--20);padding-bottom:var(--wp--preset--spacing--20)\"><a href=\"https:\/\/www.ccoocaixabank.net\/ca\/beneficis-socials\/\"><strong>Beneficis socials<\/strong><\/a><\/p>\n<\/div>\n<\/div>\n<\/div>\n<\/div>\n<\/div>\n<\/div>\n","protected":false},"excerpt":{"rendered":"<p>A CCOO tenim molt present la realitat de la plantilla de la xarxa comercial, una realitat que est\u00e0 exposada di\u00e0riament a amenaces i actes violents amb el risc greu que poden comportar, requerint la necessitat d&#8217;assist\u00e8ncia m\u00e8dica de la M\u00fatua. A CaixaBank disposem d&#8217;un Protocol d&#8217;atracaments i amenaces, amb les instruccions d&#8217;actuaci\u00f3 davant del risc d&#8217;atracament, agressi\u00f3 o amena\u00e7a. Pots accedir al document Com actuar en cas d&#8217;atracaments, agressions i amenaces?<\/p>\n","protected":false},"author":1,"featured_media":440,"parent":390,"menu_order":3,"comment_status":"closed","ping_status":"closed","template":"","meta":{"advgb_blocks_editor_width":"","advgb_blocks_columns_visual_guide":"","editor_notices":[],"footnotes":""},"class_list":["post-387","page","type-page","status-publish","has-post-thumbnail","hentry"],"coauthors":[],"author_meta":{"author_link":"https:\/\/www.ccoocaixabank.net\/ca\/author\/wpsysadmin\/","display_name":"wpsysadmin"},"relative_dates":{"created":"Posted 2 anys ago","modified":"Updated 2 anys ago"},"absolute_dates":{"created":"Posted on 14 d'octubre de 2024","modified":"Updated on 17 d'octubre de 2024"},"absolute_dates_time":{"created":"Posted on 14 d'octubre de 2024 13:07","modified":"Updated on 17 d'octubre de 2024 12:03"},"featured_img_caption":"","featured_img":"https:\/\/www.ccoocaixabank.net\/ca\/wp-content\/uploads\/sites\/3\/2024\/10\/atracament.jpg","series_order":"","_links":{"self":[{"href":"https:\/\/www.ccoocaixabank.net\/ca\/wp-json\/wp\/v2\/pages\/387","targetHints":{"allow":["GET"]}}],"collection":[{"href":"https:\/\/www.ccoocaixabank.net\/ca\/wp-json\/wp\/v2\/pages"}],"about":[{"href":"https:\/\/www.ccoocaixabank.net\/ca\/wp-json\/wp\/v2\/types\/page"}],"author":[{"embeddable":true,"href":"https:\/\/www.ccoocaixabank.net\/ca\/wp-json\/wp\/v2\/users\/1"}],"replies":[{"embeddable":true,"href":"https:\/\/www.ccoocaixabank.net\/ca\/wp-json\/wp\/v2\/comments?post=387"}],"version-history":[{"count":3,"href":"https:\/\/www.ccoocaixabank.net\/ca\/wp-json\/wp\/v2\/pages\/387\/revisions"}],"predecessor-version":[{"id":3599,"href":"https:\/\/www.ccoocaixabank.net\/ca\/wp-json\/wp\/v2\/pages\/387\/revisions\/3599"}],"up":[{"embeddable":true,"href":"https:\/\/www.ccoocaixabank.net\/ca\/wp-json\/wp\/v2\/pages\/390"}],"wp:featuredmedia":[{"embeddable":true,"href":"https:\/\/www.ccoocaixabank.net\/ca\/wp-json\/wp\/v2\/media\/440"}],"wp:attachment":[{"href":"https:\/\/www.ccoocaixabank.net\/ca\/wp-json\/wp\/v2\/media?parent=387"}],"curies":[{"name":"wp","href":"https:\/\/api.w.org\/{rel}","templated":true}]}}