{"id":388,"date":"2024-10-14T13:18:17","date_gmt":"2024-10-14T11:18:17","guid":{"rendered":"https:\/\/www.ccoocaixabank.net\/ca\/?page_id=388"},"modified":"2024-10-17T11:56:48","modified_gmt":"2024-10-17T09:56:48","slug":"revisio-medica","status":"publish","type":"page","link":"https:\/\/www.ccoocaixabank.net\/ca\/prevencio-prl\/revisio-medica\/","title":{"rendered":"Revisi\u00f3 m\u00e8dica"},"content":{"rendered":"\n<div class=\"wp-block-columns is-layout-flex wp-container-core-columns-is-layout-65e523f9 wp-block-columns-is-layout-flex\">\n<div class=\"wp-block-column is-layout-flow wp-block-column-is-layout-flow\">\n<p>CaixaBank t\u00e9 l&#8217;obligaci\u00f3 d&#8217;oferir a la plantilla <strong>el reconeixement m\u00e8dic<\/strong> per verificar que el treball no est\u00e0 perjudicant la teva salut, i d&#8217;acord amb el que disposa l&#8217;article 22 de la llei 31\/1995, de 8 de novembre de <strong>Prevenci\u00f3 de Riscos Laborals<\/strong>, a trav\u00e9s del Servei de Vigil\u00e0ncia i Salut tots els empleats tenim la possibilitat de fer-nos un reconeixement m\u00e8dic als centres de qu\u00e8 disposa Quir\u00f3n Prevenci\u00f3n a les seves instal\u00b7lacions o en col\u00b7laboraci\u00f3 amb altres serveis de prevenci\u00f3.<\/p>\n\n\n\n<p> <strong>Podr\u00e0s fer un reconeixement m\u00e8dic laboral:<\/strong><\/p>\n\n\n\n<ul class=\"wp-block-list\">\n<li> En incorporar-te a CaixaBank<\/li>\n\n\n\n<li> Despr\u00e9s d&#8217;una abs\u00e8ncia prolongada a la feina<\/li>\n\n\n\n<li> De manera peri\u00f2dica<\/li>\n\n\n\n<li>Per un motiu concret de salut <\/li>\n<\/ul>\n<\/div>\n\n\n\n<div class=\"wp-block-column is-layout-flow wp-block-column-is-layout-flow\">\n<div class=\"wp-block-group has-tertiary-background-color has-background is-layout-flow wp-container-core-group-is-layout-768176b3 wp-block-group-is-layout-flow\" style=\"border-style:none;border-width:0px;margin-top:var(--wp--preset--spacing--20);margin-bottom:var(--wp--preset--spacing--20);padding-top:20px;padding-right:20px;padding-bottom:20px;padding-left:20px\">\n<p class=\"has-text-align-left has-secondary-color has-text-color has-link-color has-medium-font-size wp-elements-2098c8a4e67da8eca07eec626d2e223c\"><strong>Per sol\u00b7licitar un Reconeixement M\u00e8dic haur\u00e0s d&#8217;escriure un correu electr\u00f2nic a l&#8217;adre\u00e7a seg\u00fcent:<\/strong><\/p>\n\n\n\n<ul class=\"wp-block-list\">\n<li> Envia el teu email a: <strong>uadagcmadrid@quironprevencion.com<\/strong><\/li>\n\n\n\n<li>Emplena i adjunta l&#8217;Excel de registre <strong>\u201cSol\u00b7licitud de reconeixement m\u00e8dic\u201d<\/strong> habilitat a <em><strong>PeopleNow &gt; Treballar aqu\u00ed compensa &gt; Prevenci\u00f3, Salut i Benestar &gt; Salut i Benestar en el Treball<\/strong><\/em>.<\/li>\n\n\n\n<li>A l&#8217;assumpte del correu, has d&#8217;indicar: <strong>\u201cCAIXABANK_Solicitud cita examen salud\u201d<\/strong><\/li>\n<\/ul>\n<\/div>\n<\/div>\n<\/div>\n\n\n\n<p> <strong>Aqu\u00ed podr\u00e0s consultar els centres que tens a la teva disposici\u00f3<\/strong> per fer la revisi\u00f3 m\u00e8dica<\/p>\n\n\n\n<p><a href=\"https:\/\/www.quironprevencion.com\/es\/red-centros\" target=\"_blank\" rel=\"noreferrer noopener\"><strong>CENTRES QUIRON PREVENCI\u00d3N<\/strong><\/a>.<\/p>\n\n\n\n<h2 class=\"wp-block-heading has-text-align-left with-underline has-xx-large-font-size\" id=\"accesos-destacados-d4e68aa1-727b-4251-8080-d91f72f92ffd\" style=\"margin-top:var(--wp--preset--spacing--30);padding-top:var(--wp--preset--spacing--40);padding-right:0;padding-bottom:var(--wp--preset--spacing--20);padding-left:0\">Tamb\u00e9 pot interessar-te<\/h2>\n\n\n\n<div class=\"wp-block-group has-global-padding is-layout-constrained wp-block-group-is-layout-constrained\">\n<div class=\"wp-block-columns is-layout-flex wp-container-core-columns-is-layout-65e523f9 wp-block-columns-is-layout-flex\">\n<div class=\"wp-block-column is-layout-flow wp-container-core-column-is-layout-5f3b1f01 wp-block-column-is-layout-flow\" style=\"padding-top:var(--wp--preset--spacing--20);padding-right:0;padding-bottom:var(--wp--preset--spacing--20);padding-left:0\">\n<div class=\"wp-block-group has-global-padding is-layout-constrained wp-block-group-is-layout-constrained\">\n<figure class=\"wp-block-image size-full\"><img decoding=\"async\" src=\"https:\/\/www.ccoocaixabank.net\/es\/wp-content\/themes\/ccoo-caixabank-es-2.0.0\/assets\/images\/poliza-sanitaria.jpg\" alt=\"\" style=\"aspect-ratio:4\/3;object-fit:cover\"\/><\/figure>\n\n\n\n<div class=\"wp-block-group has-global-padding is-layout-constrained wp-container-core-group-is-layout-6ba3cb33 wp-block-group-is-layout-constrained\" style=\"min-height:65px;margin-top:-85px\">\n<div class=\"wp-block-group destacadocirculo has-base-background-color has-background is-layout-flow wp-container-core-group-is-layout-c803993c wp-block-group-is-layout-flow\" style=\"border-radius:10px;min-height:65px;padding-top:0;padding-right:var(--wp--preset--spacing--20);padding-left:var(--wp--preset--spacing--20)\">\n<p class=\"has-text-align-left has-large-font-size\" style=\"padding-top:var(--wp--preset--spacing--20);padding-bottom:var(--wp--preset--spacing--20)\"><a href=\"https:\/\/www.ccoocaixabank.net\/ca\/beneficis-socials\/polissa-sanitaria\/\"><strong>P\u00f2lissa sanit\u00e0ria Adeslas<\/strong><\/a><\/p>\n<\/div>\n<\/div>\n<\/div>\n<\/div>\n\n\n\n<div class=\"wp-block-column is-layout-flow wp-block-column-is-layout-flow\" style=\"padding-top:var(--wp--preset--spacing--20);padding-right:0;padding-bottom:var(--wp--preset--spacing--20);padding-left:0\">\n<div class=\"wp-block-group has-global-padding is-layout-constrained wp-block-group-is-layout-constrained\">\n<figure class=\"wp-block-image size-full\"><img decoding=\"async\" src=\"https:\/\/www.ccoocaixabank.net\/es\/wp-content\/themes\/ccoo-caixabank-es-2.0.0\/assets\/images\/igualdad-y-conciliacion.jpg\" alt=\"\" style=\"aspect-ratio:4\/3;object-fit:cover\"\/><\/figure>\n\n\n\n<div class=\"wp-block-group has-global-padding is-layout-constrained wp-container-core-group-is-layout-6ba3cb33 wp-block-group-is-layout-constrained\" style=\"min-height:65px;margin-top:-85px\">\n<div class=\"wp-block-group destacadocirculo has-base-background-color has-background is-layout-flow wp-container-core-group-is-layout-c803993c wp-block-group-is-layout-flow\" style=\"border-radius:10px;min-height:65px;padding-top:0;padding-right:var(--wp--preset--spacing--20);padding-left:var(--wp--preset--spacing--20)\">\n<p class=\"has-text-align-left has-large-font-size\" style=\"padding-top:var(--wp--preset--spacing--20);padding-bottom:var(--wp--preset--spacing--20)\"> <strong><a href=\"https:\/\/www.ccoocaixabank.net\/es\/igualdad-y-conciliacion\/\">Igualtat i conciliaci\u00f3<\/a><\/strong> <\/p>\n<\/div>\n<\/div>\n<\/div>\n<\/div>\n\n\n\n<div class=\"wp-block-column is-layout-flow wp-block-column-is-layout-flow\" style=\"padding-top:var(--wp--preset--spacing--20);padding-right:0;padding-bottom:var(--wp--preset--spacing--20);padding-left:0\">\n<div class=\"wp-block-group has-global-padding is-layout-constrained wp-block-group-is-layout-constrained\">\n<figure class=\"wp-block-image size-full\"><img decoding=\"async\" src=\"https:\/\/www.ccoocaixabank.net\/ca\/wp-content\/themes\/ccoo-caixabank-ca-2.0.0\/assets\/images\/Planes-Pensiones.jpg\" alt=\"\" style=\"aspect-ratio:4\/3;object-fit:cover\"\/><\/figure>\n\n\n\n<div class=\"wp-block-group has-global-padding is-layout-constrained wp-container-core-group-is-layout-6ba3cb33 wp-block-group-is-layout-constrained\" style=\"min-height:65px;margin-top:-85px\">\n<div class=\"wp-block-group destacadocirculo has-base-background-color has-background is-layout-flow wp-container-core-group-is-layout-c803993c wp-block-group-is-layout-flow\" style=\"border-radius:10px;min-height:65px;padding-top:0;padding-right:var(--wp--preset--spacing--20);padding-left:var(--wp--preset--spacing--20)\">\n<p class=\"has-text-align-left has-large-font-size\" style=\"padding-top:var(--wp--preset--spacing--20);padding-bottom:var(--wp--preset--spacing--20)\"><a href=\"https:\/\/www.ccoocaixabank.net\/ca\/beneficis-socials\/previsio-social\/\"><strong>Pla de pensions<\/strong><\/a><\/p>\n<\/div>\n<\/div>\n<\/div>\n<\/div>\n<\/div>\n<\/div>\n","protected":false},"excerpt":{"rendered":"<p>CaixaBank t\u00e9 obligaci\u00f3 d&#8217;oferir a la plantilla el reconeixement m\u00e8dic per verificar que la feina no est\u00e0 perjudicant la salut, i d&#8217;acord amb el que disposa l&#8217;article 22 de la llei 31\/1995, de 8 de novembre de Prevenci\u00f3 de Riscos Laborals, a a trav\u00e9s del Servei de Vigil\u00e0ncia i Salut tots els empleats tenen la possibilitat de realitzar un reconeixement m\u00e8dic als centres de qu\u00e8 disposa Quir\u00f3n Prevenci\u00f3n a les seves instal\u00b7lacions o en col\u00b7laboraci\u00f3 amb altres serveis de prevenci\u00f3. Podr\u00e0s fer un reconeixement m\u00e8dic laboral: Per sol\u00b7licitar un Reconeixement M\u00e8dic haur\u00e0s d&#8217;escriure un correu electr\u00f2nic a la [&hellip;]<\/p>\n","protected":false},"author":1,"featured_media":442,"parent":390,"menu_order":2,"comment_status":"closed","ping_status":"closed","template":"","meta":{"advgb_blocks_editor_width":"","advgb_blocks_columns_visual_guide":"","editor_notices":[],"footnotes":""},"class_list":["post-388","page","type-page","status-publish","has-post-thumbnail","hentry"],"coauthors":[],"author_meta":{"author_link":"https:\/\/www.ccoocaixabank.net\/ca\/author\/wpsysadmin\/","display_name":"wpsysadmin"},"relative_dates":{"created":"Posted 2 anys ago","modified":"Updated 2 anys ago"},"absolute_dates":{"created":"Posted on 14 d'octubre de 2024","modified":"Updated on 17 d'octubre de 2024"},"absolute_dates_time":{"created":"Posted on 14 d'octubre de 2024 13:18","modified":"Updated on 17 d'octubre de 2024 11:56"},"featured_img_caption":"","featured_img":"https:\/\/www.ccoocaixabank.net\/ca\/wp-content\/uploads\/sites\/3\/2024\/10\/revision-medica.jpg","series_order":"","_links":{"self":[{"href":"https:\/\/www.ccoocaixabank.net\/ca\/wp-json\/wp\/v2\/pages\/388","targetHints":{"allow":["GET"]}}],"collection":[{"href":"https:\/\/www.ccoocaixabank.net\/ca\/wp-json\/wp\/v2\/pages"}],"about":[{"href":"https:\/\/www.ccoocaixabank.net\/ca\/wp-json\/wp\/v2\/types\/page"}],"author":[{"embeddable":true,"href":"https:\/\/www.ccoocaixabank.net\/ca\/wp-json\/wp\/v2\/users\/1"}],"replies":[{"embeddable":true,"href":"https:\/\/www.ccoocaixabank.net\/ca\/wp-json\/wp\/v2\/comments?post=388"}],"version-history":[{"count":4,"href":"https:\/\/www.ccoocaixabank.net\/ca\/wp-json\/wp\/v2\/pages\/388\/revisions"}],"predecessor-version":[{"id":3597,"href":"https:\/\/www.ccoocaixabank.net\/ca\/wp-json\/wp\/v2\/pages\/388\/revisions\/3597"}],"up":[{"embeddable":true,"href":"https:\/\/www.ccoocaixabank.net\/ca\/wp-json\/wp\/v2\/pages\/390"}],"wp:featuredmedia":[{"embeddable":true,"href":"https:\/\/www.ccoocaixabank.net\/ca\/wp-json\/wp\/v2\/media\/442"}],"wp:attachment":[{"href":"https:\/\/www.ccoocaixabank.net\/ca\/wp-json\/wp\/v2\/media?parent=388"}],"curies":[{"name":"wp","href":"https:\/\/api.w.org\/{rel}","templated":true}]}}