{"id":391,"date":"2024-10-10T09:39:23","date_gmt":"2024-10-10T07:39:23","guid":{"rendered":"https:\/\/www.ccoocaixabank.net\/ca\/?page_id=391"},"modified":"2024-10-17T09:27:22","modified_gmt":"2024-10-17T07:27:22","slug":"auditories-i-sancions","status":"publish","type":"page","link":"https:\/\/www.ccoocaixabank.net\/ca\/auditories-i-sancions\/","title":{"rendered":"Auditories i sancions"},"content":{"rendered":"\n<div class=\"wp-block-columns is-layout-flex wp-container-core-columns-is-layout-65e523f9 wp-block-columns-is-layout-flex\">\n<div class=\"wp-block-column is-layout-flow wp-block-column-is-layout-flow\" style=\"flex-basis:60%\">\n<p>Com a empleat\/ada de CaixaBank, si ets objecte d&#8217;una auditoria, tens dret a que el sindicat al que est\u00e0s afiliat o afiliada estigui present en el proc\u00e9s sobre els fets dels quals es pugui derivar una sanci\u00f3.<\/p>\n\n\n\n<p><strong>CCOO et garantim assessorament i protecci\u00f3 sindical i jur\u00eddica.<\/strong> Per aix\u00f2, tens els nostres serveis jur\u00eddics, que s\u00f3n propis de CCOO, dins i fora de CaixaBank.<\/p>\n\n\n\n<p>L&#8217;equip el componen especialistes en auditories i expedients disciplinaris que s\u00f3n plantilla de CaixaBank, i que han exercit c\u00e0rrecs de responsabilitat a la xarxa d&#8217;oficines. Coneixen no nom\u00e9s els aspectes legals sin\u00f3 tamb\u00e9 el funcionament del dia a dia d&#8217;una oficina i la normativa interna de CaixaBank. <strong>Aquest servei \u00e9s totalment gratu\u00eft i exclusiu per a les persones afiliades.<\/strong><\/p>\n\n\n\n<p><strong>Si tens alguna consulta o es presenta un problema relacionat amb una Auditoria, contacta amb el <a href=\"https:\/\/cloud.ccoocaixabank.net\/www\/aspnet\/tus_delegados.aspx\">delegat o delegada referent al teu centre de treball<\/a>.<\/strong><\/p>\n<\/div>\n\n\n\n<div class=\"wp-block-column is-layout-flow wp-block-column-is-layout-flow\" style=\"flex-basis:40%\">\n<div class=\"wp-block-group has-tertiary-background-color has-background has-global-padding is-layout-constrained wp-container-core-group-is-layout-15a16209 wp-block-group-is-layout-constrained\" style=\"border-style:none;border-width:0px;margin-top:var(--wp--preset--spacing--20);margin-bottom:var(--wp--preset--spacing--20);padding-top:20px;padding-right:20px;padding-bottom:20px;padding-left:20px\">\n<p class=\"has-text-align-center has-secondary-color has-text-color has-link-color has-medium-font-size wp-elements-501ddf4112ed6b00509533459c54b52d\"><em><br><br><\/em><strong><em>Coneixes la publicaci\u00f3 de CCO<\/em>O &#8220;Pol\u00edtica Disciplin\u00e0ria a CaixaBank&#8221;?<\/strong><em><br> Volem que coneguis la pol\u00edtica disciplin\u00e0ria a la nostra entitat, no a trav\u00e9s de les Normes Internes de CaixaBank, si no a partir de les experi\u00e8ncies d&#8217;Auditoria i Sancions acumulades en els darrers anys, per aix\u00f2 elaborem una guia de com actuar dia a dia per minimitzar el risc d&#8217;un expedient laboral en el cas de ser objecte d&#8217;una Auditoria.<\/em> <\/p>\n\n\n\n<p class=\"has-text-align-center has-secondary-color has-text-color has-link-color has-medium-font-size wp-elements-0573a11c0fe9af1a676f5fcfc88afc4f\"> <strong>Contacta amb el teu Delegat\/ada de CCOO perqu\u00e8 et faciliti aquesta guia.<\/strong> <em><br><br>.<\/em> <\/p>\n<\/div>\n<\/div>\n<\/div>\n\n\n\n<h2 class=\"wp-block-heading has-text-align-left with-underline has-xx-large-font-size\" id=\"accesos-destacados-d4e68aa1-727b-4251-8080-d91f72f92ffd\" style=\"margin-top:var(--wp--preset--spacing--30);padding-top:var(--wp--preset--spacing--40);padding-right:0;padding-bottom:var(--wp--preset--spacing--20);padding-left:0\">Tamb\u00e9 pot interessar-te<\/h2>\n\n\n\n<div class=\"wp-block-group has-global-padding is-layout-constrained wp-block-group-is-layout-constrained\">\n<div class=\"wp-block-columns is-layout-flex wp-container-core-columns-is-layout-65e523f9 wp-block-columns-is-layout-flex\">\n<div class=\"wp-block-column is-layout-flow wp-container-core-column-is-layout-5f3b1f01 wp-block-column-is-layout-flow\" style=\"padding-top:var(--wp--preset--spacing--20);padding-right:0;padding-bottom:var(--wp--preset--spacing--20);padding-left:0\">\n<div class=\"wp-block-group has-global-padding is-layout-constrained wp-block-group-is-layout-constrained\">\n<figure class=\"wp-block-image size-full\"><img decoding=\"async\" src=\"https:\/\/www.ccoocaixabank.net\/es\/wp-content\/themes\/ccoo-caixabank-es-2.0.0\/assets\/images\/poliza-sanitaria.jpg\" alt=\"\" style=\"aspect-ratio:4\/3;object-fit:cover\"\/><\/figure>\n\n\n\n<div class=\"wp-block-group has-global-padding is-layout-constrained wp-container-core-group-is-layout-6ba3cb33 wp-block-group-is-layout-constrained\" style=\"min-height:65px;margin-top:-85px\">\n<div class=\"wp-block-group destacadocirculo has-base-background-color has-background is-layout-flow wp-container-core-group-is-layout-c803993c wp-block-group-is-layout-flow\" style=\"border-radius:10px;min-height:65px;padding-top:0;padding-right:var(--wp--preset--spacing--20);padding-left:var(--wp--preset--spacing--20)\">\n<p class=\"has-text-align-left has-large-font-size\" style=\"padding-top:var(--wp--preset--spacing--20);padding-bottom:var(--wp--preset--spacing--20)\"><a href=\"https:\/\/www.ccoocaixabank.net\/ca\/beneficis-socials\/polissa-sanitaria\/\"><strong>P\u00f2lissa sanit\u00e0ria Adeslas<\/strong><\/a><\/p>\n<\/div>\n<\/div>\n<\/div>\n<\/div>\n\n\n\n<div class=\"wp-block-column is-layout-flow wp-block-column-is-layout-flow\" style=\"padding-top:var(--wp--preset--spacing--20);padding-right:0;padding-bottom:var(--wp--preset--spacing--20);padding-left:0\">\n<div class=\"wp-block-group has-global-padding is-layout-constrained wp-block-group-is-layout-constrained\">\n<figure class=\"wp-block-image size-full\"><img decoding=\"async\" src=\"https:\/\/www.ccoocaixabank.net\/ca\/wp-content\/themes\/ccoo-caixabank-ca-2.0.0\/assets\/images\/permisos.jpg\" alt=\"\" style=\"aspect-ratio:4\/3;object-fit:cover\"\/><\/figure>\n\n\n\n<div class=\"wp-block-group has-global-padding is-layout-constrained wp-container-core-group-is-layout-6ba3cb33 wp-block-group-is-layout-constrained\" style=\"min-height:65px;margin-top:-85px\">\n<div class=\"wp-block-group destacadocirculo has-base-background-color has-background is-layout-flow wp-container-core-group-is-layout-c803993c wp-block-group-is-layout-flow\" style=\"border-radius:10px;min-height:65px;padding-top:0;padding-right:var(--wp--preset--spacing--20);padding-left:var(--wp--preset--spacing--20)\">\n<p class=\"has-text-align-left has-large-font-size\" style=\"padding-top:var(--wp--preset--spacing--20);padding-bottom:var(--wp--preset--spacing--20)\"><a href=\"https:\/\/www.ccoocaixabank.net\/ca\/igualtat-i-conciliacio\/permisos\/\"><strong>Permisos<\/strong><\/a><\/p>\n<\/div>\n<\/div>\n<\/div>\n<\/div>\n\n\n\n<div class=\"wp-block-column is-layout-flow wp-block-column-is-layout-flow\" style=\"padding-top:var(--wp--preset--spacing--20);padding-right:0;padding-bottom:var(--wp--preset--spacing--20);padding-left:0\">\n<div class=\"wp-block-group has-global-padding is-layout-constrained wp-block-group-is-layout-constrained\">\n<figure class=\"wp-block-image size-full\"><img decoding=\"async\" src=\"https:\/\/www.ccoocaixabank.net\/es\/wp-content\/themes\/ccoo-caixabank-es-2.0.0\/assets\/images\/Plantilla-1280x960-7.jpg\" alt=\"\" style=\"aspect-ratio:4\/3;object-fit:cover\"\/><\/figure>\n\n\n\n<div class=\"wp-block-group has-global-padding is-layout-constrained wp-container-core-group-is-layout-6ba3cb33 wp-block-group-is-layout-constrained\" style=\"min-height:65px;margin-top:-85px\">\n<div class=\"wp-block-group destacadocirculo has-base-background-color has-background is-layout-flow wp-container-core-group-is-layout-c803993c wp-block-group-is-layout-flow\" style=\"border-radius:10px;min-height:65px;padding-top:0;padding-right:var(--wp--preset--spacing--20);padding-left:var(--wp--preset--spacing--20)\">\n<p class=\"has-text-align-left has-large-font-size\" style=\"padding-top:var(--wp--preset--spacing--20);padding-bottom:var(--wp--preset--spacing--20)\"><a href=\"https:\/\/www.ccoocaixabank.net\/ca\/prevencio-prl\/\"><strong>Prevenci\u00f3 de riscos<\/strong><\/a><\/p>\n<\/div>\n<\/div>\n<\/div>\n<\/div>\n<\/div>\n<\/div>\n","protected":false},"excerpt":{"rendered":"<p>Com a empleat de CaixaBank, si ets objecte d&#8217;una auditoria, tens dret que el sindicat a qui est\u00e0s afiliat estigui present en el proc\u00e9s sobre els fets dels quals es pugui derivar una sanci\u00f3. CCOO et garantim assessorament i protecci\u00f3 sindical i jur\u00eddica. Per aix\u00f2, tens els nostres serveis jur\u00eddics: els propis de CCOO dins i fora de CaixaBank. L&#8217;equip el componen especialistes en auditories i expedients disciplinaris que s\u00f3n plantilla de CaixaBank, i que han exercit c\u00e0rrecs de responsabilitat a la xarxa d&#8217;oficines. Coneixen no \u00fanicament els aspectes legals sin\u00f3 tamb\u00e9 el funcionament del [&hellip;]<\/p>\n","protected":false},"author":1,"featured_media":449,"parent":0,"menu_order":60,"comment_status":"closed","ping_status":"closed","template":"","meta":{"advgb_blocks_editor_width":"","advgb_blocks_columns_visual_guide":"","editor_notices":[],"footnotes":""},"class_list":["post-391","page","type-page","status-publish","has-post-thumbnail","hentry"],"coauthors":[],"author_meta":{"author_link":"https:\/\/www.ccoocaixabank.net\/ca\/author\/wpsysadmin\/","display_name":"wpsysadmin"},"relative_dates":{"created":"Posted 2 anys ago","modified":"Updated 2 anys ago"},"absolute_dates":{"created":"Posted on 10 d'octubre de 2024","modified":"Updated on 17 d'octubre de 2024"},"absolute_dates_time":{"created":"Posted on 10 d'octubre de 2024 09:39","modified":"Updated on 17 d'octubre de 2024 09:27"},"featured_img_caption":"","featured_img":"https:\/\/www.ccoocaixabank.net\/ca\/wp-content\/uploads\/sites\/3\/2024\/10\/auditorias.jpg","series_order":"","_links":{"self":[{"href":"https:\/\/www.ccoocaixabank.net\/ca\/wp-json\/wp\/v2\/pages\/391","targetHints":{"allow":["GET"]}}],"collection":[{"href":"https:\/\/www.ccoocaixabank.net\/ca\/wp-json\/wp\/v2\/pages"}],"about":[{"href":"https:\/\/www.ccoocaixabank.net\/ca\/wp-json\/wp\/v2\/types\/page"}],"author":[{"embeddable":true,"href":"https:\/\/www.ccoocaixabank.net\/ca\/wp-json\/wp\/v2\/users\/1"}],"replies":[{"embeddable":true,"href":"https:\/\/www.ccoocaixabank.net\/ca\/wp-json\/wp\/v2\/comments?post=391"}],"version-history":[{"count":5,"href":"https:\/\/www.ccoocaixabank.net\/ca\/wp-json\/wp\/v2\/pages\/391\/revisions"}],"predecessor-version":[{"id":3588,"href":"https:\/\/www.ccoocaixabank.net\/ca\/wp-json\/wp\/v2\/pages\/391\/revisions\/3588"}],"wp:featuredmedia":[{"embeddable":true,"href":"https:\/\/www.ccoocaixabank.net\/ca\/wp-json\/wp\/v2\/media\/449"}],"wp:attachment":[{"href":"https:\/\/www.ccoocaixabank.net\/ca\/wp-json\/wp\/v2\/media?parent=391"}],"curies":[{"name":"wp","href":"https:\/\/api.w.org\/{rel}","templated":true}]}}