{"id":393,"date":"2024-10-12T08:20:00","date_gmt":"2024-10-12T06:20:00","guid":{"rendered":"https:\/\/www.ccoocaixabank.net\/ca\/?page_id=393"},"modified":"2024-10-16T07:32:13","modified_gmt":"2024-10-16T05:32:13","slug":"carreres-professionals","status":"publish","type":"page","link":"https:\/\/www.ccoocaixabank.net\/ca\/el-teu-salari\/promocio-professional\/carreres-professionals\/","title":{"rendered":"Carreres professionals"},"content":{"rendered":"\n<p><\/p>\n\n\n\n<h2 class=\"wp-block-heading\"> Programa GC<\/h2>\n\n\n\n<p> Aquest \u00e9s un pla de desenvolupament professional que implica la gesti\u00f3 d&#8217;una cartera de clients.<\/p>\n\n\n\n<p> Els GCI s\u00f3n els empleats que gestionen una cartera de clients i que han accedit a alguna de les places de GCI convocades. Els GCII s\u00f3n els empleats que gestionen una cartera de clients que definir\u00e0 a cada moment l&#8217;entitat i que han accedit a alguna de les places de GCII convocades.<\/p>\n\n\n\n<p>A l&#8217;acord que CCOO vam signar el juliol de 2021, es va augmentar el nombre de places de GC. Vam augmentar el nombre m\u00ednim de places de 5.600 a <strong>7.700 places<\/strong> en total, de les quals com a m\u00ednim <strong>4.600<\/strong> han de ser per a GCII.<\/p>\n\n\n\n<p>La Direcci\u00f3 definir\u00e0 els criteris de les carteres GCI i GCII. Actualment els gestors de negocis i s\u00e8niors s\u00f3n a la carrera GCI i els gestors de banca premier i banca d&#8217;empreses estan a la carrera GCII.<\/p>\n\n\n\n<figure class=\"wp-block-table aligncenter is-style-stripes\"><table><thead><tr><th class=\"has-text-align-center\" data-align=\"center\"> Nivell<\/th><th class=\"has-text-align-center\" data-align=\"center\"> Temps de perman\u00e8ncia<\/th><\/tr><\/thead><tbody><tr><td class=\"has-text-align-center\" data-align=\"center\"> XII<\/td><td class=\"has-text-align-center\" data-align=\"center\"> 2 anys<\/td><\/tr><tr><td class=\"has-text-align-center\" data-align=\"center\"> XI<\/td><td class=\"has-text-align-center\" data-align=\"center\"> 3 anys<\/td><\/tr><tr><td class=\"has-text-align-center\" data-align=\"center\"> X<\/td><td class=\"has-text-align-center\" data-align=\"center\"> 2 anys<\/td><\/tr><tr><td class=\"has-text-align-center\" data-align=\"center\"> IX<\/td><td class=\"has-text-align-center\" data-align=\"center\"> 2 anys<\/td><\/tr><tr><td class=\"has-text-align-center\" data-align=\"center\"> VIII<\/td><td class=\"has-text-align-center\" data-align=\"center\"> 3 anys<\/td><\/tr><tr><td class=\"has-text-align-center\" data-align=\"center\"> VII<\/td><td class=\"has-text-align-center\" data-align=\"center\"> 3 anys<\/td><\/tr><tr><td class=\"has-text-align-center\" data-align=\"center\"> VI<\/td><td class=\"has-text-align-center\" data-align=\"center\"> Trienni cada 3 anys<\/td><\/tr><\/tbody><\/table><figcaption class=\"wp-element-caption\"> <em>De Nivell XII a Nivell VI en 16 anys, consolidant nivell<\/em> <\/figcaption><\/figure>\n\n\n\n<h2 class=\"wp-block-heading has-text-align-left with-underline has-xx-large-font-size\" id=\"accesos-destacados-d4e68aa1-727b-4251-8080-d91f72f92ffd\" style=\"margin-top:var(--wp--preset--spacing--30);padding-top:var(--wp--preset--spacing--40);padding-right:0;padding-bottom:var(--wp--preset--spacing--20);padding-left:0\">Tamb\u00e9 pot interessar-te<\/h2>\n\n\n\n<div class=\"wp-block-group has-global-padding is-layout-constrained wp-block-group-is-layout-constrained\">\n<div class=\"wp-block-columns is-layout-flex wp-container-core-columns-is-layout-65e523f9 wp-block-columns-is-layout-flex\">\n<div class=\"wp-block-column is-layout-flow wp-container-core-column-is-layout-5f3b1f01 wp-block-column-is-layout-flow\" style=\"padding-top:var(--wp--preset--spacing--20);padding-right:0;padding-bottom:var(--wp--preset--spacing--20);padding-left:0\">\n<div class=\"wp-block-group has-global-padding is-layout-constrained wp-block-group-is-layout-constrained\">\n<figure class=\"wp-block-image size-full\"><img decoding=\"async\" src=\"https:\/\/www.ccoocaixabank.net\/es\/wp-content\/themes\/ccoo-caixabank-es-2.0.0\/assets\/images\/Plantilla-1280x960-10.jpg\" alt=\"\" style=\"aspect-ratio:4\/3;object-fit:cover\"\/><\/figure>\n\n\n\n<div class=\"wp-block-group has-global-padding is-layout-constrained wp-container-core-group-is-layout-6ba3cb33 wp-block-group-is-layout-constrained\" style=\"min-height:65px;margin-top:-85px\">\n<div class=\"wp-block-group destacadocirculo has-base-background-color has-background is-layout-flow wp-container-core-group-is-layout-c803993c wp-block-group-is-layout-flow\" style=\"border-radius:10px;min-height:65px;padding-top:0;padding-right:var(--wp--preset--spacing--20);padding-left:var(--wp--preset--spacing--20)\">\n<p class=\"has-text-align-left has-large-font-size\" style=\"padding-top:var(--wp--preset--spacing--20);padding-bottom:var(--wp--preset--spacing--20)\"><a href=\"https:\/\/www.ccoocaixabank.net\/ca\/el-teu-salari\/promocio-professional\/proves-de-capacitacio\/\"><strong>Oposicions<\/strong><\/a><\/p>\n<\/div>\n<\/div>\n<\/div>\n<\/div>\n\n\n\n<div class=\"wp-block-column is-layout-flow wp-block-column-is-layout-flow\" style=\"padding-top:var(--wp--preset--spacing--20);padding-right:0;padding-bottom:var(--wp--preset--spacing--20);padding-left:0\">\n<div class=\"wp-block-group has-global-padding is-layout-constrained wp-block-group-is-layout-constrained\">\n<figure class=\"wp-block-image size-full advgb-dyn-ae1bc166\"><img decoding=\"async\" src=\"https:\/\/www.ccoocaixabank.net\/es\/wp-content\/themes\/ccoo-caixabank-es-2.0.0\/assets\/images\/mi-nomina.jpg\" alt=\"\" style=\"aspect-ratio:4\/3;object-fit:cover\"\/><\/figure>\n\n\n\n<div class=\"wp-block-group has-global-padding is-layout-constrained wp-container-core-group-is-layout-6ba3cb33 wp-block-group-is-layout-constrained\" style=\"min-height:65px;margin-top:-85px\">\n<div class=\"wp-block-group destacadocirculo has-base-background-color has-background is-layout-flow wp-container-core-group-is-layout-c803993c wp-block-group-is-layout-flow\" style=\"border-radius:10px;min-height:65px;padding-top:0;padding-right:var(--wp--preset--spacing--20);padding-left:var(--wp--preset--spacing--20)\">\n<p class=\"has-text-align-left has-large-font-size\" style=\"padding-top:var(--wp--preset--spacing--20);padding-bottom:var(--wp--preset--spacing--20)\"><strong><a href=\"https:\/\/www.ccoocaixabank.net\/ca\/el-teu-salari\/nomina\/\">La meva n\u00f2mina<\/a><\/strong><\/p>\n<\/div>\n<\/div>\n<\/div>\n<\/div>\n\n\n\n<div class=\"wp-block-column is-layout-flow wp-block-column-is-layout-flow\" style=\"padding-top:var(--wp--preset--spacing--20);padding-right:0;padding-bottom:var(--wp--preset--spacing--20);padding-left:0\">\n<div class=\"wp-block-group has-global-padding is-layout-constrained wp-block-group-is-layout-constrained\">\n<figure class=\"wp-block-image size-full\"><img decoding=\"async\" src=\"https:\/\/www.ccoocaixabank.net\/es\/wp-content\/themes\/ccoo-caixabank-es-2.0.0\/assets\/images\/Plantilla-1280x960-7.jpg\" alt=\"\" style=\"aspect-ratio:4\/3;object-fit:cover\"\/><\/figure>\n\n\n\n<div class=\"wp-block-group has-global-padding is-layout-constrained wp-container-core-group-is-layout-6ba3cb33 wp-block-group-is-layout-constrained\" style=\"min-height:65px;margin-top:-85px\">\n<div class=\"wp-block-group destacadocirculo has-base-background-color has-background is-layout-flow wp-container-core-group-is-layout-c803993c wp-block-group-is-layout-flow\" style=\"border-radius:10px;min-height:65px;padding-top:0;padding-right:var(--wp--preset--spacing--20);padding-left:var(--wp--preset--spacing--20)\">\n<p class=\"has-text-align-left has-large-font-size\" style=\"padding-top:var(--wp--preset--spacing--20);padding-bottom:var(--wp--preset--spacing--20)\"><a href=\"https:\/\/www.ccoocaixabank.net\/ca\/prevencio-prl\/\"><strong>Prevenci\u00f3 de riscos<\/strong><\/a><\/p>\n<\/div>\n<\/div>\n<\/div>\n<\/div>\n<\/div>\n<\/div>\n","protected":false},"excerpt":{"rendered":"<p>Programa GC Es tracta d\u201fun pla de desenvolupament professional que implica la gesti\u00f3 d\u201funa cartera de clients. Els GCI s\u00f3n els empleats que gestionen una cartera de clients i que han accedit a alguna de les places de GCI convocades. Els GCII s\u00f3n els empleats que gestionen una cartera de clients que definir\u00e0 a cada moment l&#8217;entitat i que han accedit a alguna de les places de GCII convocades. A l&#8217;acord que CCOO vam signar el juliol de 2021, es va augmentar el nombre de places de GC. Augmentem el nombre m\u00ednim de places de 5.600 a 7.700 [&hellip;]<\/p>\n","protected":false},"author":1,"featured_media":453,"parent":395,"menu_order":2,"comment_status":"closed","ping_status":"closed","template":"","meta":{"advgb_blocks_editor_width":"","advgb_blocks_columns_visual_guide":"","editor_notices":[],"footnotes":""},"class_list":["post-393","page","type-page","status-publish","has-post-thumbnail","hentry"],"coauthors":[],"author_meta":{"author_link":"https:\/\/www.ccoocaixabank.net\/ca\/author\/wpsysadmin\/","display_name":"wpsysadmin"},"relative_dates":{"created":"Posted 2 anys ago","modified":"Updated 1 any ago"},"absolute_dates":{"created":"Posted on 12 d'octubre de 2024","modified":"Updated on 16 d'octubre de 2024"},"absolute_dates_time":{"created":"Posted on 12 d'octubre de 2024 08:20","modified":"Updated on 16 d'octubre de 2024 07:32"},"featured_img_caption":"","featured_img":"https:\/\/www.ccoocaixabank.net\/ca\/wp-content\/uploads\/sites\/3\/2024\/10\/carrera-professional.jpg","series_order":"","_links":{"self":[{"href":"https:\/\/www.ccoocaixabank.net\/ca\/wp-json\/wp\/v2\/pages\/393","targetHints":{"allow":["GET"]}}],"collection":[{"href":"https:\/\/www.ccoocaixabank.net\/ca\/wp-json\/wp\/v2\/pages"}],"about":[{"href":"https:\/\/www.ccoocaixabank.net\/ca\/wp-json\/wp\/v2\/types\/page"}],"author":[{"embeddable":true,"href":"https:\/\/www.ccoocaixabank.net\/ca\/wp-json\/wp\/v2\/users\/1"}],"replies":[{"embeddable":true,"href":"https:\/\/www.ccoocaixabank.net\/ca\/wp-json\/wp\/v2\/comments?post=393"}],"version-history":[{"count":3,"href":"https:\/\/www.ccoocaixabank.net\/ca\/wp-json\/wp\/v2\/pages\/393\/revisions"}],"predecessor-version":[{"id":3485,"href":"https:\/\/www.ccoocaixabank.net\/ca\/wp-json\/wp\/v2\/pages\/393\/revisions\/3485"}],"up":[{"embeddable":true,"href":"https:\/\/www.ccoocaixabank.net\/ca\/wp-json\/wp\/v2\/pages\/395"}],"wp:featuredmedia":[{"embeddable":true,"href":"https:\/\/www.ccoocaixabank.net\/ca\/wp-json\/wp\/v2\/media\/453"}],"wp:attachment":[{"href":"https:\/\/www.ccoocaixabank.net\/ca\/wp-json\/wp\/v2\/media?parent=393"}],"curies":[{"name":"wp","href":"https:\/\/api.w.org\/{rel}","templated":true}]}}