{"id":394,"date":"2024-10-11T12:48:23","date_gmt":"2024-10-11T10:48:23","guid":{"rendered":"https:\/\/www.ccoocaixabank.net\/ca\/?page_id=394"},"modified":"2026-02-05T11:37:12","modified_gmt":"2026-02-05T10:37:12","slug":"proves-de-capacitacio","status":"publish","type":"page","link":"https:\/\/www.ccoocaixabank.net\/ca\/el-teu-salari\/promocio-professional\/proves-de-capacitacio\/","title":{"rendered":"Proves de capacitaci\u00f3"},"content":{"rendered":"\n<p>Fa anys que CCOO ajudem la plantilla afiliada a preparar les oposicions. Els resultats ens avalen: prop del <strong>70%<\/strong> de les persones que han obtingut pla\u00e7a a les anteriors oposicions <strong>s\u00f3n afiliades a CCOO i han utilitzat les nostres eines formatives:<\/strong><\/p>\n\n\n\n<div class=\"wp-block-columns is-layout-flex wp-container-core-columns-is-layout-65e523f9 wp-block-columns-is-layout-flex\">\n<div class=\"wp-block-column is-layout-flow wp-block-column-is-layout-flow\">\n<h2 class=\"wp-block-heading\"> Nivells VIII i X<\/h2>\n\n\n\n<p> El Conveni Col\u00b7lectiu de Caixes d&#8217;Estalvi estableix unes proves de capacitaci\u00f3 a nivells VIII i X.<\/p>\n\n\n\n<p>Segons el que estableix el Conveni, ascendiran per convocat\u00f2ria d&#8217;oposicions <strong>cada tres anys<\/strong> un m\u00ednim del <strong>3% del total de la plantilla de determinats nivells<\/strong>, tant al nivell VIII com al X. El c\u00e0lcul d&#8217;aquest percentatge es far\u00e0 sobre la plantilla adscrita a aquests nivells el 31 de desembre de l&#8217;any anterior al de les proves.<\/p>\n\n\n\n<p>Per presentar-te a aquestes proves has de tenir, com a m\u00ednim, <strong>2 anys d&#8217;antiguitat<\/strong> a l&#8217;entitat.<\/p>\n\n\n\n<p>Aquestes oposicions es convoquen a trav\u00e9s d&#8217;una circular en qu\u00e8 s&#8217;especifica el temari corresponent i el proc\u00e9s de preinscripci\u00f3. <\/p>\n\n\n\n<h3 class=\"wp-block-heading\">Dates a tenir en compte convocat\u00f2ries Nivells VIII i X<\/h3>\n\n\n\n<ul class=\"wp-block-list\">\n<li><mark class=\"has-inline-color has-primary-color\"><strong>Preinscripci\u00f3<\/strong><\/mark>: del 26 de novembre fins a les 16.00 hores del 5 de desembre de 2025 a trav\u00e9s del Portal de l&#8217;Empleat.<\/li>\n\n\n\n<li><strong><mark class=\"has-inline-color has-primary-color\">Acc\u00e9s a materials:<\/mark><\/strong> a partir del 16 de  desembre de 2025 a trav\u00e9s de&nbsp;Virtaula.<\/li>\n\n\n\n<li><strong><mark class=\"has-inline-color has-primary-color\">Inscripci\u00f3 definitiva:<\/mark><\/strong> des del dia 18 fins a les 16.00 hores del 27 de mar\u00e7 de 2026 a trav\u00e9s del Portal de l&#8217;Empleat.<\/li>\n\n\n\n<li><strong><mark class=\"has-inline-color has-primary-color\">Convocat\u00f2ria formal de CaixaBank a la plantilla opositora:<\/mark><\/strong> a trav\u00e9s de correu electr\u00f2nic on se&#8217;ls indicar\u00e0 data, lloc i instruccions de l&#8217;examen a realitzar.<\/li>\n\n\n\n<li><strong><mark class=\"has-inline-color has-primary-color\">Examen:<\/mark><\/strong> 23 de maig de 2026.<\/li>\n\n\n\n<li><strong><mark class=\"has-inline-color has-primary-color\">Notes provisionals:<\/mark><\/strong>  a trav\u00e9s de correu electr\u00f2nic.<\/li>\n\n\n\n<li><strong><mark class=\"has-inline-color has-primary-color\">Llistat definitiu de les 43 places convocades per a cada nivel:<\/mark><\/strong> juny de 2026.<\/li>\n\n\n\n<li><strong><mark class=\"has-inline-color has-primary-color\">Efectes econ\u00f2mics per a la plantilla que obtingui la pla\u00e7a:<\/mark><\/strong> 1 de maig de 2026.<\/li>\n<\/ul>\n<\/div>\n\n\n\n<div class=\"wp-block-column is-layout-flow wp-block-column-is-layout-flow\">\n<h2 class=\"wp-block-heading\"> Nivell VII<\/h2>\n\n\n\n<p>A CaixaBank, cada dos anys es convoquen <strong>140 places<\/strong> de nivell VII a trav\u00e9s d&#8217;una oposici\u00f3 interna.<\/p>\n\n\n\n<p>Els efectes econ\u00f2mics per a les persones que obtenen pla\u00e7a s\u00f3n des de l&#8217;<strong>1 de juny<\/strong> de l&#8217;any de la convocat\u00f2ria.<\/p>\n\n\n\n<p>Aquestes oposicions es convoquen a trav\u00e9s d&#8217;una circular on s&#8217;especifica el temari corresponent i els requisits per poder accedir-hi. Un dels m\u00e9s importants \u00e9s tenir una <strong>antiguitat de 3 anys a data 1 de gener<\/strong> de l&#8217;any en qu\u00e8 es faci l&#8217;examen.<\/p>\n\n\n\n<h3 class=\"wp-block-heading\">Dates a tenir en compte convocat\u00f2ria Nivell VII<\/h3>\n\n\n\n<p>Les proves de capacitaci\u00f3 per al Nivell VII es faran <strong>l&#8217;any 2027.<\/strong><\/p>\n<\/div>\n<\/div>\n\n\n\n<p>Totes les dates indicades s\u00f3n les informades per CaixaBank a la&nbsp;RLT&nbsp;i poden estar subjectes a canvis que l&#8217;empresa comunicaria mitjan\u00e7ant els mitjans establerts a aquest efecte a la plantilla.<\/p>\n\n\n\n<hr class=\"wp-block-separator has-alpha-channel-opacity\" \/>\n\n\n\n<h3 class=\"wp-block-heading\"> Acc\u00e9s a materials nom\u00e9s per a persones afiliades<\/h3>\n\n\n\n<ul class=\"wp-block-list\">\n<li><a href=\"https:\/\/cloud.ccoocaixabank.net\/www\/aspnet\/control_acceso.aspx?acceso=opos_documentacion\">Material d&#8217;estudi<\/a><\/li>\n\n\n\n<li><a href=\"https:\/\/cloud.ccoocaixabank.net\/www\/aspnet\/control_acceso.aspx?acceso=opos_cuestionarios\">Q\u00fcestionaris i ex\u00e0mens<\/a><\/li>\n\n\n\n<li><a href=\"https:\/\/cloud.ccoocaixabank.net\/www\/aspnet\/control_acceso.aspx?acceso=opos_foros\">F\u00f2rums<\/a><\/li>\n\n\n\n<li><a href=\"https:\/\/cloud.ccoocaixabank.net\/www\/aspnet\/control_acceso.aspx?acceso=opos_ranking\">R\u00e0nquings<\/a><\/li>\n\n\n\n<li><mark class=\"has-inline-color has-secondary-color\"><a href=\"https:\/\/cloud.ccoocaixabank.net\/www\/aspnet\/control_acceso.aspx?acceso=opos_formacion\">Formaci\u00f3<\/a><\/mark><\/li>\n<\/ul>\n\n\n\n<h2 class=\"wp-block-heading has-text-align-left with-underline has-xx-large-font-size\" id=\"accesos-destacados-d4e68aa1-727b-4251-8080-d91f72f92ffd\" style=\"margin-top:var(--wp--preset--spacing--30);padding-top:var(--wp--preset--spacing--40);padding-right:0;padding-bottom:var(--wp--preset--spacing--20);padding-left:0\">Tamb\u00e9 pot interessar-te<\/h2>\n\n\n\n<div class=\"wp-block-group has-global-padding is-layout-constrained wp-block-group-is-layout-constrained\">\n<div class=\"wp-block-columns is-layout-flex wp-container-core-columns-is-layout-65e523f9 wp-block-columns-is-layout-flex\">\n<div class=\"wp-block-column is-layout-flow wp-container-core-column-is-layout-5f3b1f01 wp-block-column-is-layout-flow\" style=\"padding-top:var(--wp--preset--spacing--20);padding-right:0;padding-bottom:var(--wp--preset--spacing--20);padding-left:0\">\n<div class=\"wp-block-group has-global-padding is-layout-constrained wp-block-group-is-layout-constrained\">\n<figure class=\"wp-block-image size-full\"><img decoding=\"async\" src=\"https:\/\/www.ccoocaixabank.net\/es\/wp-content\/themes\/ccoo-caixabank-es-2.0.0\/assets\/images\/Carreras-Profesionales.jpg\" alt=\"\" style=\"aspect-ratio:4\/3;object-fit:cover\"\/><\/figure>\n\n\n\n<div class=\"wp-block-group has-global-padding is-layout-constrained wp-container-core-group-is-layout-6ba3cb33 wp-block-group-is-layout-constrained\" style=\"min-height:65px;margin-top:-85px\">\n<div class=\"wp-block-group destacadocirculo has-base-background-color has-background is-layout-flow wp-container-core-group-is-layout-c803993c wp-block-group-is-layout-flow\" style=\"border-radius:10px;min-height:65px;padding-top:0;padding-right:var(--wp--preset--spacing--20);padding-left:var(--wp--preset--spacing--20)\">\n<p class=\"has-text-align-left has-large-font-size\" style=\"padding-top:var(--wp--preset--spacing--20);padding-bottom:var(--wp--preset--spacing--20)\"><a href=\"https:\/\/www.ccoocaixabank.net\/ca\/el-teu-salari\/promocio-professional\/carreres-professionals\/\"><strong>Carreres professionals<\/strong><\/a><\/p>\n<\/div>\n<\/div>\n<\/div>\n<\/div>\n\n\n\n<div class=\"wp-block-column is-layout-flow wp-block-column-is-layout-flow\" style=\"padding-top:var(--wp--preset--spacing--20);padding-right:0;padding-bottom:var(--wp--preset--spacing--20);padding-left:0\">\n<div class=\"wp-block-group has-global-padding is-layout-constrained wp-block-group-is-layout-constrained\">\n<figure class=\"wp-block-image size-full advgb-dyn-ae1bc166\"><img decoding=\"async\" src=\"https:\/\/www.ccoocaixabank.net\/es\/wp-content\/themes\/ccoo-caixabank-es-2.0.0\/assets\/images\/mi-nomina.jpg\" alt=\"\" style=\"aspect-ratio:4\/3;object-fit:cover\"\/><\/figure>\n\n\n\n<div class=\"wp-block-group has-global-padding is-layout-constrained wp-container-core-group-is-layout-6ba3cb33 wp-block-group-is-layout-constrained\" style=\"min-height:65px;margin-top:-85px\">\n<div class=\"wp-block-group destacadocirculo has-base-background-color has-background is-layout-flow wp-container-core-group-is-layout-c803993c wp-block-group-is-layout-flow\" style=\"border-radius:10px;min-height:65px;padding-top:0;padding-right:var(--wp--preset--spacing--20);padding-left:var(--wp--preset--spacing--20)\">\n<p class=\"has-text-align-left has-large-font-size\" style=\"padding-top:var(--wp--preset--spacing--20);padding-bottom:var(--wp--preset--spacing--20)\"><strong><a href=\"https:\/\/www.ccoocaixabank.net\/ca\/el-teu-salari\/nomina\/\">La meva n\u00f2mina<\/a><\/strong><\/p>\n<\/div>\n<\/div>\n<\/div>\n<\/div>\n\n\n\n<div class=\"wp-block-column is-layout-flow wp-block-column-is-layout-flow\" style=\"padding-top:var(--wp--preset--spacing--20);padding-right:0;padding-bottom:var(--wp--preset--spacing--20);padding-left:0\">\n<div class=\"wp-block-group has-global-padding is-layout-constrained wp-block-group-is-layout-constrained\">\n<figure class=\"wp-block-image size-full\"><img decoding=\"async\" src=\"https:\/\/www.ccoocaixabank.net\/ca\/wp-content\/themes\/ccoo-caixabank-ca-2.0.0\/assets\/images\/permisos.jpg\" alt=\"\" style=\"aspect-ratio:4\/3;object-fit:cover\"\/><\/figure>\n\n\n\n<div class=\"wp-block-group has-global-padding is-layout-constrained wp-container-core-group-is-layout-6ba3cb33 wp-block-group-is-layout-constrained\" style=\"min-height:65px;margin-top:-85px\">\n<div class=\"wp-block-group destacadocirculo has-base-background-color has-background is-layout-flow wp-container-core-group-is-layout-c803993c wp-block-group-is-layout-flow\" style=\"border-radius:10px;min-height:65px;padding-top:0;padding-right:var(--wp--preset--spacing--20);padding-left:var(--wp--preset--spacing--20)\">\n<p class=\"has-text-align-left has-large-font-size\" style=\"padding-top:var(--wp--preset--spacing--20);padding-bottom:var(--wp--preset--spacing--20)\"><a href=\"https:\/\/www.ccoocaixabank.net\/ca\/igualtat-i-conciliacio\/permisos\/\"><strong>Permisos<\/strong><\/a><\/p>\n<\/div>\n<\/div>\n<\/div>\n<\/div>\n<\/div>\n<\/div>\n","protected":false},"excerpt":{"rendered":"<p>Fa anys que CCOO ajudem la plantilla afiliada a preparar les oposicions. Els resultats ens avalen: prop del 70 % de les persones que han obtingut pla\u00e7a a les anteriors oposicions s\u00f3n afiliats\/des a CCOO que han utilitzat les nostres eines formatives: Nivell VII A CaixaBank, cada dos anys es convoquen 140 places de nivell VII mitjan\u00e7ant una oposici\u00f3 interna. Els efectes econ\u00f2mics per a les persones que obtenen pla\u00e7a s\u00f3n des de l&#8217;1 de juliol de l&#8217;any de la convocat\u00f2ria. Aquestes oposicions es convoquen mitjan\u00e7ant una circular on s&#8217;especifica el temari corresponent i els requisits per poder [&hellip;]<\/p>\n","protected":false},"author":1,"featured_media":455,"parent":395,"menu_order":1,"comment_status":"closed","ping_status":"closed","template":"","meta":{"advgb_blocks_editor_width":"","advgb_blocks_columns_visual_guide":"","editor_notices":[],"footnotes":""},"class_list":["post-394","page","type-page","status-publish","has-post-thumbnail","hentry"],"coauthors":[],"author_meta":{"author_link":"https:\/\/www.ccoocaixabank.net\/ca\/author\/wpsysadmin\/","display_name":"wpsysadmin"},"relative_dates":{"created":"Posted 2 anys ago","modified":"Updated 3 mesos ago"},"absolute_dates":{"created":"Posted on 11 d'octubre de 2024","modified":"Updated on 5 de febrer de 2026"},"absolute_dates_time":{"created":"Posted on 11 d'octubre de 2024 12:48","modified":"Updated on 5 de febrer de 2026 11:37"},"featured_img_caption":"","featured_img":"https:\/\/www.ccoocaixabank.net\/ca\/wp-content\/uploads\/sites\/3\/2024\/10\/prova-capacitacion.jpg","series_order":"","_links":{"self":[{"href":"https:\/\/www.ccoocaixabank.net\/ca\/wp-json\/wp\/v2\/pages\/394","targetHints":{"allow":["GET"]}}],"collection":[{"href":"https:\/\/www.ccoocaixabank.net\/ca\/wp-json\/wp\/v2\/pages"}],"about":[{"href":"https:\/\/www.ccoocaixabank.net\/ca\/wp-json\/wp\/v2\/types\/page"}],"author":[{"embeddable":true,"href":"https:\/\/www.ccoocaixabank.net\/ca\/wp-json\/wp\/v2\/users\/1"}],"replies":[{"embeddable":true,"href":"https:\/\/www.ccoocaixabank.net\/ca\/wp-json\/wp\/v2\/comments?post=394"}],"version-history":[{"count":21,"href":"https:\/\/www.ccoocaixabank.net\/ca\/wp-json\/wp\/v2\/pages\/394\/revisions"}],"predecessor-version":[{"id":16491,"href":"https:\/\/www.ccoocaixabank.net\/ca\/wp-json\/wp\/v2\/pages\/394\/revisions\/16491"}],"up":[{"embeddable":true,"href":"https:\/\/www.ccoocaixabank.net\/ca\/wp-json\/wp\/v2\/pages\/395"}],"wp:featuredmedia":[{"embeddable":true,"href":"https:\/\/www.ccoocaixabank.net\/ca\/wp-json\/wp\/v2\/media\/455"}],"wp:attachment":[{"href":"https:\/\/www.ccoocaixabank.net\/ca\/wp-json\/wp\/v2\/media?parent=394"}],"curies":[{"name":"wp","href":"https:\/\/api.w.org\/{rel}","templated":true}]}}