{"id":396,"date":"2024-10-13T12:40:48","date_gmt":"2024-10-13T10:40:48","guid":{"rendered":"https:\/\/www.ccoocaixabank.net\/ca\/?page_id=396"},"modified":"2024-10-16T17:29:25","modified_gmt":"2024-10-16T15:29:25","slug":"naixement-adopcio","status":"publish","type":"page","link":"https:\/\/www.ccoocaixabank.net\/ca\/igualtat-i-conciliacio\/naixement-adopcio\/","title":{"rendered":"Naixement \/ adopci\u00f3"},"content":{"rendered":"\n<div class=\"wp-block-columns is-layout-flex wp-container-core-columns-is-layout-658170e2 wp-block-columns-is-layout-flex\">\n<div class=\"wp-block-column is-layout-flow wp-block-column-is-layout-flow\" style=\"flex-basis:30%\">\n<p><strong>Arriba un nou moment a la teva vida<\/strong> i, com sempre, CCOO CaixaBank volem estar al teu costat, no nom\u00e9s per felicitar-te i desitjar-te que tot vagi b\u00e9, sin\u00f3 per informar-te de les noves condicions laborals que aquesta etapa et comportar\u00e0, aix\u00ed com dels drets que tens. Aquests drets no nom\u00e9s hi s\u00f3n perqu\u00e8 haguem lluitat per aconseguir-los, existeixen quan els exercim i la nostra satisfacci\u00f3 arriba quan, despr\u00e9s de tantes negociacions dif\u00edcils, podem oferir-te la nostra ajuda i assessorament.<\/p>\n<\/div>\n\n\n\n<div class=\"wp-block-column is-layout-flow wp-block-column-is-layout-flow\" style=\"flex-basis:70%\">\n<div class=\"wp-block-group has-tertiary-background-color has-background has-global-padding is-layout-constrained wp-container-core-group-is-layout-c385debf wp-block-group-is-layout-constrained\" style=\"padding-top:var(--wp--preset--spacing--20);padding-right:var(--wp--preset--spacing--20);padding-bottom:var(--wp--preset--spacing--20);padding-left:var(--wp--preset--spacing--20)\">\n<p class=\"has-text-align-left has-secondary-color has-text-color has-link-color has-medium-font-size wp-elements-c7e97d6e6959e01f7bed582fb47b0d23\"><strong>CCOO<\/strong> posem a la teva disposici\u00f3, <strong>tant per a naixement com per a adopci\u00f3, un dossier<\/strong> que t\u00e9 l&#8217;objectiu de <strong>guiar-te davant les gestions administratives<\/strong> que haur\u00e0s de realitzar amb els diferents organismes per inscriure el naixement, tramitar la prestaci\u00f3 per naixement, l&#8217;alta al Centre d&#8217;Assist\u00e8ncia Prim\u00e0ria, <strong>els canvis a les nostres n\u00f2mines o les ajudes d&#8217;Hisenda.<\/strong><\/p>\n\n\n\n<p class=\"has-text-align-left has-secondary-color has-text-color has-link-color has-medium-font-size wp-elements-fe543867ff7aff0c5f2d492bd27d8f52\"> A m\u00e9s, podr\u00e0s trobar la informaci\u00f3 relativa a les diferents modalitats de <strong>lact\u00e0ncia,<\/strong> aix\u00ed com sobre els <strong>permisos<\/strong> que tenim, i l&#8217;acc\u00e9s als impresos relacionats amb el naixement que has d&#8217;emplenar per presentar-los a tots els organismes oficials. <\/p>\n\n\n\n<p class=\"has-secondary-color has-text-color has-link-color wp-elements-a498fd17ff1a95188ae4d4b6cf08710d\">Tamb\u00e9 t&#8217;elaborarem un <strong>calendari de naixement personalitzat<\/strong> perqu\u00e8 puguis visualitzar en un sol document tots els permisos, oficials i propis de CaixaBank, les teves vacances pendents, etc., prenent com a punt de partida la data de naixement estimada del nad\u00f3.<\/p>\n<\/div>\n<\/div>\n<\/div>\n\n\n\n<p>Contacta amb el teu delegat\/da de CCOO CaixaBank perqu\u00e8 t&#8217;assessori i puguis donar resposta als dubtes que normalment apareixen davant d&#8217;aquest important esdeveniment de la teva vida, amb diverses afectacions en la vida laboral. <\/p>\n\n\n\n<h2 class=\"wp-block-heading has-text-align-left with-underline has-xx-large-font-size\" id=\"accesos-destacados-d4e68aa1-727b-4251-8080-d91f72f92ffd\" style=\"margin-top:var(--wp--preset--spacing--30);padding-top:var(--wp--preset--spacing--40);padding-right:0;padding-bottom:var(--wp--preset--spacing--20);padding-left:0\">Tamb\u00e9 pot interessar-te<\/h2>\n\n\n\n<div class=\"wp-block-group has-global-padding is-layout-constrained wp-block-group-is-layout-constrained\">\n<div class=\"wp-block-columns is-layout-flex wp-container-core-columns-is-layout-65e523f9 wp-block-columns-is-layout-flex\">\n<div class=\"wp-block-column is-layout-flow wp-container-core-column-is-layout-5f3b1f01 wp-block-column-is-layout-flow\" style=\"padding-top:var(--wp--preset--spacing--20);padding-right:0;padding-bottom:var(--wp--preset--spacing--20);padding-left:0\">\n<div class=\"wp-block-group has-global-padding is-layout-constrained wp-block-group-is-layout-constrained\">\n<figure class=\"wp-block-image size-full\"><img decoding=\"async\" src=\"https:\/\/www.ccoocaixabank.net\/ca\/wp-content\/themes\/ccoo-caixabank-ca-2.0.0\/assets\/images\/permisos.jpg\" alt=\"\" style=\"aspect-ratio:4\/3;object-fit:cover\"\/><\/figure>\n\n\n\n<div class=\"wp-block-group has-global-padding is-layout-constrained wp-container-core-group-is-layout-6ba3cb33 wp-block-group-is-layout-constrained\" style=\"min-height:65px;margin-top:-85px\">\n<div class=\"wp-block-group destacadocirculo has-base-background-color has-background is-layout-flow wp-container-core-group-is-layout-c803993c wp-block-group-is-layout-flow\" style=\"border-radius:10px;min-height:65px;padding-top:0;padding-right:var(--wp--preset--spacing--20);padding-left:var(--wp--preset--spacing--20)\">\n<p class=\"has-text-align-left has-large-font-size\" style=\"padding-top:var(--wp--preset--spacing--20);padding-bottom:var(--wp--preset--spacing--20)\"><a href=\"https:\/\/www.ccoocaixabank.net\/ca\/igualtat-i-conciliacio\/permisos\/\"><strong>Permisos<\/strong><\/a><\/p>\n<\/div>\n<\/div>\n<\/div>\n<\/div>\n\n\n\n<div class=\"wp-block-column is-layout-flow wp-block-column-is-layout-flow\" style=\"padding-top:var(--wp--preset--spacing--20);padding-right:0;padding-bottom:var(--wp--preset--spacing--20);padding-left:0\">\n<div class=\"wp-block-group has-global-padding is-layout-constrained wp-block-group-is-layout-constrained\">\n<figure class=\"wp-block-image size-full\"><img decoding=\"async\" src=\"https:\/\/www.ccoocaixabank.net\/es\/wp-content\/themes\/ccoo-caixabank-es-2.0.0\/assets\/images\/prestamos.jpg\" alt=\"\" style=\"aspect-ratio:4\/3;object-fit:cover\"\/><\/figure>\n\n\n\n<div class=\"wp-block-group has-global-padding is-layout-constrained wp-container-core-group-is-layout-6ba3cb33 wp-block-group-is-layout-constrained\" style=\"min-height:65px;margin-top:-85px\">\n<div class=\"wp-block-group destacadocirculo has-base-background-color has-background is-layout-flow wp-container-core-group-is-layout-c803993c wp-block-group-is-layout-flow\" style=\"border-radius:10px;min-height:65px;padding-top:0;padding-right:var(--wp--preset--spacing--20);padding-left:var(--wp--preset--spacing--20)\">\n<p class=\"has-text-align-left has-large-font-size\" style=\"padding-top:var(--wp--preset--spacing--20);padding-bottom:var(--wp--preset--spacing--20)\"><a href=\"https:\/\/www.ccoocaixabank.net\/ca\/beneficis-socials\/prestecs\/\"><strong>Pr\u00e9stecs a empleats<\/strong><\/a><\/p>\n<\/div>\n<\/div>\n<\/div>\n<\/div>\n\n\n\n<div class=\"wp-block-column is-layout-flow wp-block-column-is-layout-flow\" style=\"padding-top:var(--wp--preset--spacing--20);padding-right:0;padding-bottom:var(--wp--preset--spacing--20);padding-left:0\">\n<div class=\"wp-block-group has-global-padding is-layout-constrained wp-block-group-is-layout-constrained\">\n<figure class=\"wp-block-image size-full\"><img decoding=\"async\" src=\"https:\/\/www.ccoocaixabank.net\/es\/wp-content\/themes\/ccoo-caixabank-es-2.0.0\/assets\/images\/Plantilla-1280x960-7.jpg\" alt=\"\" style=\"aspect-ratio:4\/3;object-fit:cover\"\/><\/figure>\n\n\n\n<div class=\"wp-block-group has-global-padding is-layout-constrained wp-container-core-group-is-layout-6ba3cb33 wp-block-group-is-layout-constrained\" style=\"min-height:65px;margin-top:-85px\">\n<div class=\"wp-block-group destacadocirculo has-base-background-color has-background is-layout-flow wp-container-core-group-is-layout-c803993c wp-block-group-is-layout-flow\" style=\"border-radius:10px;min-height:65px;padding-top:0;padding-right:var(--wp--preset--spacing--20);padding-left:var(--wp--preset--spacing--20)\">\n<p class=\"has-text-align-left has-large-font-size\" style=\"padding-top:var(--wp--preset--spacing--20);padding-bottom:var(--wp--preset--spacing--20)\"><a href=\"https:\/\/www.ccoocaixabank.net\/ca\/prevencio-prl\/\"><strong>Prevenci\u00f3 de riscos<\/strong><\/a><\/p>\n<\/div>\n<\/div>\n<\/div>\n<\/div>\n<\/div>\n<\/div>\n","protected":false},"excerpt":{"rendered":"<p>Arriba un nou moment a la teva vida, i com sempre CCOO CaixaBank volem estar al teu costat, no nom\u00e9s felicitant-te i desitjant-te que tot vagi b\u00e9, sin\u00f3 informant-te de les noves condicions laborals que aquesta etapa comportar\u00e0, aix\u00ed com dels drets que tens. Aquests no nom\u00e9s hi s\u00f3n perqu\u00e8 h\u00e0gim lluitat per aconseguir-los, existeixen quan els exercim i la nostra satisfacci\u00f3 arriba quan, despr\u00e9s de tantes dures negociacions, podem oferir-te la nostra ajuda i assessorament. CCOO posem a la teva disposici\u00f3, tant per a naixement com per a adopci\u00f3, un dossier que t\u00e9 per objectiu guiar-te davant les gestions administratives a realitzar amb els diferents organismes [&hellip;]<\/p>\n","protected":false},"author":1,"featured_media":3394,"parent":401,"menu_order":10,"comment_status":"closed","ping_status":"closed","template":"","meta":{"advgb_blocks_editor_width":"","advgb_blocks_columns_visual_guide":"","editor_notices":[],"footnotes":""},"class_list":["post-396","page","type-page","status-publish","has-post-thumbnail","hentry"],"coauthors":[],"author_meta":{"author_link":"https:\/\/www.ccoocaixabank.net\/ca\/author\/wpsysadmin\/","display_name":"wpsysadmin"},"relative_dates":{"created":"Posted 2 anys ago","modified":"Updated 2 anys ago"},"absolute_dates":{"created":"Posted on 13 d'octubre de 2024","modified":"Updated on 16 d'octubre de 2024"},"absolute_dates_time":{"created":"Posted on 13 d'octubre de 2024 12:40","modified":"Updated on 16 d'octubre de 2024 17:29"},"featured_img_caption":"","featured_img":"https:\/\/www.ccoocaixabank.net\/ca\/wp-content\/uploads\/sites\/3\/2024\/10\/naixement-adopcio.jpg","series_order":"","_links":{"self":[{"href":"https:\/\/www.ccoocaixabank.net\/ca\/wp-json\/wp\/v2\/pages\/396","targetHints":{"allow":["GET"]}}],"collection":[{"href":"https:\/\/www.ccoocaixabank.net\/ca\/wp-json\/wp\/v2\/pages"}],"about":[{"href":"https:\/\/www.ccoocaixabank.net\/ca\/wp-json\/wp\/v2\/types\/page"}],"author":[{"embeddable":true,"href":"https:\/\/www.ccoocaixabank.net\/ca\/wp-json\/wp\/v2\/users\/1"}],"replies":[{"embeddable":true,"href":"https:\/\/www.ccoocaixabank.net\/ca\/wp-json\/wp\/v2\/comments?post=396"}],"version-history":[{"count":5,"href":"https:\/\/www.ccoocaixabank.net\/ca\/wp-json\/wp\/v2\/pages\/396\/revisions"}],"predecessor-version":[{"id":3572,"href":"https:\/\/www.ccoocaixabank.net\/ca\/wp-json\/wp\/v2\/pages\/396\/revisions\/3572"}],"up":[{"embeddable":true,"href":"https:\/\/www.ccoocaixabank.net\/ca\/wp-json\/wp\/v2\/pages\/401"}],"wp:featuredmedia":[{"embeddable":true,"href":"https:\/\/www.ccoocaixabank.net\/ca\/wp-json\/wp\/v2\/media\/3394"}],"wp:attachment":[{"href":"https:\/\/www.ccoocaixabank.net\/ca\/wp-json\/wp\/v2\/media?parent=396"}],"curies":[{"name":"wp","href":"https:\/\/api.w.org\/{rel}","templated":true}]}}