{"id":404,"date":"2024-10-12T09:34:42","date_gmt":"2024-10-12T07:34:42","guid":{"rendered":"https:\/\/www.ccoocaixabank.net\/ca\/?page_id=404"},"modified":"2026-01-15T12:19:49","modified_gmt":"2026-01-15T11:19:49","slug":"comptes-remunerats","status":"publish","type":"page","link":"https:\/\/www.ccoocaixabank.net\/ca\/beneficis-socials\/comptes-remunerats\/","title":{"rendered":"Comptes remunerats"},"content":{"rendered":"\n<p>La plantilla de CaixaBank podem disposar de tres comptes amb unes caracter\u00edstiques especials a l&#8217;entitat: <\/p>\n\n\n\n<div class=\"wp-block-columns is-layout-flex wp-container-core-columns-is-layout-311d3df3 wp-block-columns-is-layout-flex\" style=\"margin-top:var(--wp--preset--spacing--20);margin-bottom:var(--wp--preset--spacing--20)\">\n<div class=\"wp-block-column is-layout-flow wp-block-column-is-layout-flow\">\n<div class=\"wp-block-group is-style-section-4 has-tertiary-background-color has-background has-global-padding is-layout-constrained wp-container-core-group-is-layout-e3ca7775 wp-block-group-is-layout-constrained is-style-section-4--1\" style=\"border-width:1px;margin-top:0px;margin-bottom:0px;padding-top:var(--wp--preset--spacing--20);padding-right:var(--wp--preset--spacing--20);padding-bottom:var(--wp--preset--spacing--20);padding-left:var(--wp--preset--spacing--20)\">\n<h2 class=\"wp-block-heading has-text-align-center has-base-color has-secondary-background-color has-text-color has-background has-link-color has-large-font-size wp-elements-456a59aedd3b5bbc02e779c51eb1e66f\" style=\"padding-top:var(--wp--preset--spacing--20);padding-right:var(--wp--preset--spacing--20);padding-bottom:var(--wp--preset--spacing--20);padding-left:var(--wp--preset--spacing--20)\"> Compte d&#8217;havers<\/h2>\n\n\n\n<p><strong>Interessos<\/strong>:<\/p>\n\n\n\n<ul class=\"wp-block-list\">\n<li>2,43 % (= ICFE + 0,25 punts) fins a un saldo mitj\u00e0 de 112.668,01 \u20ac<\/li>\n\n\n\n<li>Per sobre dels 112.668,01 \u20ac de saldo mitj\u00e0, ser\u00e0 del 2,18 % (=ICFE).<\/li>\n<\/ul>\n\n\n\n<p><strong>Caracter\u00edstiques<\/strong>:<\/p>\n\n\n\n<p>Descobert autom\u00e0tic per a tota mena de c\u00e0rrecs fins a 1.200\u20ac al 2,43 %.<\/p>\n<\/div>\n<\/div>\n\n\n\n<div class=\"wp-block-column is-layout-flow wp-block-column-is-layout-flow\">\n<div class=\"wp-block-group is-style-section-4 has-tertiary-background-color has-background has-global-padding is-layout-constrained wp-container-core-group-is-layout-e3ca7775 wp-block-group-is-layout-constrained is-style-section-4--2\" style=\"border-width:1px;margin-top:0px;margin-bottom:0px;padding-top:var(--wp--preset--spacing--20);padding-right:var(--wp--preset--spacing--20);padding-bottom:var(--wp--preset--spacing--20);padding-left:var(--wp--preset--spacing--20)\">\n<h2 class=\"wp-block-heading has-text-align-center has-base-color has-secondary-background-color has-text-color has-background has-link-color has-large-font-size wp-elements-c534339ae476f27ca3b5a894633e95e6\" style=\"padding-top:var(--wp--preset--spacing--20);padding-right:var(--wp--preset--spacing--20);padding-bottom:var(--wp--preset--spacing--20);padding-left:var(--wp--preset--spacing--20)\"> Segon compte<\/h2>\n\n\n\n<p><strong>Interessos<\/strong>: 2,18 % (= ICFE).<\/p>\n<\/div>\n<\/div>\n\n\n\n<div class=\"wp-block-column is-layout-flow wp-block-column-is-layout-flow\">\n<div class=\"wp-block-group is-style-section-4 has-tertiary-background-color has-background has-global-padding is-layout-constrained wp-container-core-group-is-layout-e3ca7775 wp-block-group-is-layout-constrained is-style-section-4--3\" style=\"border-width:1px;margin-top:0px;margin-bottom:0px;padding-top:var(--wp--preset--spacing--20);padding-right:var(--wp--preset--spacing--20);padding-bottom:var(--wp--preset--spacing--20);padding-left:var(--wp--preset--spacing--20)\">\n<h2 class=\"wp-block-heading has-text-align-center has-base-color has-secondary-background-color has-text-color has-background has-link-color has-large-font-size wp-elements-c245cabf1aa98c2e043e7777d54dc11d\" style=\"padding-top:var(--wp--preset--spacing--20);padding-right:var(--wp--preset--spacing--20);padding-bottom:var(--wp--preset--spacing--20);padding-left:var(--wp--preset--spacing--20)\"> Tercer compte<\/h2>\n\n\n\n<p> Sense retribuci\u00f3 i sense despeses. <\/p>\n<\/div>\n<\/div>\n<\/div>\n\n\n\n<h2 class=\"wp-block-heading has-text-align-left with-underline has-xx-large-font-size\" id=\"accesos-destacados-d4e68aa1-727b-4251-8080-d91f72f92ffd\" style=\"margin-top:var(--wp--preset--spacing--30);padding-top:var(--wp--preset--spacing--40);padding-right:0;padding-bottom:var(--wp--preset--spacing--20);padding-left:0\">Tamb\u00e9 pot interessar-te<\/h2>\n\n\n\n<div class=\"wp-block-group has-global-padding is-layout-constrained wp-block-group-is-layout-constrained\">\n<div class=\"wp-block-columns is-layout-flex wp-container-core-columns-is-layout-65e523f9 wp-block-columns-is-layout-flex\">\n<div class=\"wp-block-column is-layout-flow wp-container-core-column-is-layout-5f3b1f01 wp-block-column-is-layout-flow\" style=\"padding-top:var(--wp--preset--spacing--20);padding-right:0;padding-bottom:var(--wp--preset--spacing--20);padding-left:0\">\n<div class=\"wp-block-group has-global-padding is-layout-constrained wp-block-group-is-layout-constrained\">\n<figure class=\"wp-block-image size-full advgb-dyn-ae1bc166\"><img decoding=\"async\" src=\"https:\/\/www.ccoocaixabank.net\/es\/wp-content\/themes\/ccoo-caixabank-es-2.0.0\/assets\/images\/mi-nomina.jpg\" alt=\"\" style=\"aspect-ratio:4\/3;object-fit:cover\"\/><\/figure>\n\n\n\n<div class=\"wp-block-group has-global-padding is-layout-constrained wp-container-core-group-is-layout-6ba3cb33 wp-block-group-is-layout-constrained\" style=\"min-height:65px;margin-top:-85px\">\n<div class=\"wp-block-group destacadocirculo has-base-background-color has-background is-layout-flow wp-container-core-group-is-layout-c803993c wp-block-group-is-layout-flow\" style=\"border-radius:10px;min-height:65px;padding-top:0;padding-right:var(--wp--preset--spacing--20);padding-left:var(--wp--preset--spacing--20)\">\n<p class=\"has-text-align-left has-large-font-size\" style=\"padding-top:var(--wp--preset--spacing--20);padding-bottom:var(--wp--preset--spacing--20)\"><strong><a href=\"https:\/\/www.ccoocaixabank.net\/ca\/el-teu-salari\/nomina\/\">La meva n\u00f2mina<\/a><\/strong><\/p>\n<\/div>\n<\/div>\n<\/div>\n<\/div>\n\n\n\n<div class=\"wp-block-column is-layout-flow wp-block-column-is-layout-flow\" style=\"padding-top:var(--wp--preset--spacing--20);padding-right:0;padding-bottom:var(--wp--preset--spacing--20);padding-left:0\">\n<div class=\"wp-block-group has-global-padding is-layout-constrained wp-block-group-is-layout-constrained\">\n<figure class=\"wp-block-image size-full\"><img decoding=\"async\" src=\"https:\/\/www.ccoocaixabank.net\/es\/wp-content\/themes\/ccoo-caixabank-es-2.0.0\/assets\/images\/prestamos.jpg\" alt=\"\" style=\"aspect-ratio:4\/3;object-fit:cover\"\/><\/figure>\n\n\n\n<div class=\"wp-block-group has-global-padding is-layout-constrained wp-container-core-group-is-layout-6ba3cb33 wp-block-group-is-layout-constrained\" style=\"min-height:65px;margin-top:-85px\">\n<div class=\"wp-block-group destacadocirculo has-base-background-color has-background is-layout-flow wp-container-core-group-is-layout-c803993c wp-block-group-is-layout-flow\" style=\"border-radius:10px;min-height:65px;padding-top:0;padding-right:var(--wp--preset--spacing--20);padding-left:var(--wp--preset--spacing--20)\">\n<p class=\"has-text-align-left has-large-font-size\" style=\"padding-top:var(--wp--preset--spacing--20);padding-bottom:var(--wp--preset--spacing--20)\"><a href=\"https:\/\/www.ccoocaixabank.net\/ca\/beneficis-socials\/prestecs\/\"><strong>Pr\u00e9stecs a empleats<\/strong><\/a><\/p>\n<\/div>\n<\/div>\n<\/div>\n<\/div>\n\n\n\n<div class=\"wp-block-column is-layout-flow wp-block-column-is-layout-flow\" style=\"padding-top:var(--wp--preset--spacing--20);padding-right:0;padding-bottom:var(--wp--preset--spacing--20);padding-left:0\">\n<div class=\"wp-block-group has-global-padding is-layout-constrained wp-block-group-is-layout-constrained\">\n<figure class=\"wp-block-image size-full\"><img decoding=\"async\" src=\"https:\/\/www.ccoocaixabank.net\/es\/wp-content\/themes\/ccoo-caixabank-es-2.0.0\/assets\/images\/poliza-sanitaria.jpg\" alt=\"\" style=\"aspect-ratio:4\/3;object-fit:cover\"\/><\/figure>\n\n\n\n<div class=\"wp-block-group has-global-padding is-layout-constrained wp-container-core-group-is-layout-6ba3cb33 wp-block-group-is-layout-constrained\" style=\"min-height:65px;margin-top:-85px\">\n<div class=\"wp-block-group destacadocirculo has-base-background-color has-background is-layout-flow wp-container-core-group-is-layout-c803993c wp-block-group-is-layout-flow\" style=\"border-radius:10px;min-height:65px;padding-top:0;padding-right:var(--wp--preset--spacing--20);padding-left:var(--wp--preset--spacing--20)\">\n<p class=\"has-text-align-left has-large-font-size\" style=\"padding-top:var(--wp--preset--spacing--20);padding-bottom:var(--wp--preset--spacing--20)\"><a href=\"https:\/\/www.ccoocaixabank.net\/ca\/beneficis-socials\/polissa-sanitaria\/\"><strong>P\u00f2lissa sanit\u00e0ria Adeslas<\/strong><\/a><\/p>\n<\/div>\n<\/div>\n<\/div>\n<\/div>\n<\/div>\n<\/div>\n","protected":false},"excerpt":{"rendered":"<p>La plantilla de CaixaBank podem disposar de tres comptes amb unes caracter\u00edstiques especials a l&#8217;entitat: Compte d&#8217;havers Interessos: Caracter\u00edstiques: Descobert autom\u00e0tic per a tot tipus de c\u00e0rrecs fins a 1.200\u20ac al 4,41%. Segona compte Interessos: 4,16% (= ICFE). Tercer compte Sense retribuci\u00f3 i sense despeses. Tamb\u00e9 us pot interessar<\/p>\n","protected":false},"author":1,"featured_media":479,"parent":49,"menu_order":50,"comment_status":"closed","ping_status":"closed","template":"","meta":{"advgb_blocks_editor_width":"","advgb_blocks_columns_visual_guide":"","editor_notices":[],"footnotes":""},"class_list":["post-404","page","type-page","status-publish","has-post-thumbnail","hentry"],"coauthors":[],"author_meta":{"author_link":"https:\/\/www.ccoocaixabank.net\/ca\/author\/wpsysadmin\/","display_name":"wpsysadmin"},"relative_dates":{"created":"Posted 2 anys ago","modified":"Updated 4 mesos ago"},"absolute_dates":{"created":"Posted on 12 d'octubre de 2024","modified":"Updated on 15 de gener de 2026"},"absolute_dates_time":{"created":"Posted on 12 d'octubre de 2024 09:34","modified":"Updated on 15 de gener de 2026 12:19"},"featured_img_caption":"","featured_img":"https:\/\/www.ccoocaixabank.net\/ca\/wp-content\/uploads\/sites\/3\/2024\/10\/compte-remun.jpg","series_order":"","_links":{"self":[{"href":"https:\/\/www.ccoocaixabank.net\/ca\/wp-json\/wp\/v2\/pages\/404","targetHints":{"allow":["GET"]}}],"collection":[{"href":"https:\/\/www.ccoocaixabank.net\/ca\/wp-json\/wp\/v2\/pages"}],"about":[{"href":"https:\/\/www.ccoocaixabank.net\/ca\/wp-json\/wp\/v2\/types\/page"}],"author":[{"embeddable":true,"href":"https:\/\/www.ccoocaixabank.net\/ca\/wp-json\/wp\/v2\/users\/1"}],"replies":[{"embeddable":true,"href":"https:\/\/www.ccoocaixabank.net\/ca\/wp-json\/wp\/v2\/comments?post=404"}],"version-history":[{"count":5,"href":"https:\/\/www.ccoocaixabank.net\/ca\/wp-json\/wp\/v2\/pages\/404\/revisions"}],"predecessor-version":[{"id":16090,"href":"https:\/\/www.ccoocaixabank.net\/ca\/wp-json\/wp\/v2\/pages\/404\/revisions\/16090"}],"up":[{"embeddable":true,"href":"https:\/\/www.ccoocaixabank.net\/ca\/wp-json\/wp\/v2\/pages\/49"}],"wp:featuredmedia":[{"embeddable":true,"href":"https:\/\/www.ccoocaixabank.net\/ca\/wp-json\/wp\/v2\/media\/479"}],"wp:attachment":[{"href":"https:\/\/www.ccoocaixabank.net\/ca\/wp-json\/wp\/v2\/media?parent=404"}],"curies":[{"name":"wp","href":"https:\/\/api.w.org\/{rel}","templated":true}]}}