{"id":405,"date":"2024-10-12T09:32:12","date_gmt":"2024-10-12T07:32:12","guid":{"rendered":"https:\/\/www.ccoocaixabank.net\/ca\/?page_id=405"},"modified":"2024-11-20T14:46:26","modified_gmt":"2024-11-20T13:46:26","slug":"previsio-social","status":"publish","type":"page","link":"https:\/\/www.ccoocaixabank.net\/ca\/beneficis-socials\/previsio-social\/","title":{"rendered":"Previsi\u00f3 social"},"content":{"rendered":"\n<p>El pla de pensions que tenim regulat per acord laboral \u00e9s m\u00e9s que un pla, ja que <strong>cobreix les conting\u00e8ncies de jubilaci\u00f3, mort i incapacitat permanent<\/strong>.<\/p>\n\n\n\n<p>Les aportacions a aquest pla de pensions s\u00f3n a c\u00e0rrec de l&#8217;empresa, per\u00f2 a partir del 2024 <strong>els part\u00edcips podem fer aportacions addicionals<\/strong>.<\/p>\n\n\n\n<div style=\"height:40px\" aria-hidden=\"true\" class=\"wp-block-spacer\"><\/div>\n\n\n\n<h2 class=\"wp-block-heading\" id=\"aportaciones-de-jubilacion-efac2cb0-3fba-4023-b6bb-f76e8da61cd2\"> Aportacions de jubilaci\u00f3<\/h2>\n\n\n\n<p>La base per al c\u00e0lcul de les aportacions que realitza CaixaBank ser\u00e0 la suma dels conceptes mensuals pensionables de la teva n\u00f2mina (assenyalats amb un asterisc). Aquestes aportacions variaran en el temps i depenent del moment de la teva contractaci\u00f3 a l&#8217;entitat. Pots consultar l&#8217;esquema resum del Pla de Pensions i contactar amb la vostra delegada o delegat de CCOO per saber-ne m\u00e9s. <\/p>\n\n\n\n<div style=\"height:40px\" aria-hidden=\"true\" class=\"wp-block-spacer\"><\/div>\n\n\n\n<h2 class=\"wp-block-heading\" id=\"prestaciones-de-riesgo-f5d4d8f4-9503-4db9-a9d1-20893de976d7\">Prestacions de risc<\/h2>\n\n\n\n<p> Aquestes prestacions es cobreixen amb l&#8217;aportaci\u00f3 de riscos que realitza CaixaBank i s\u00f3n les seg\u00fcents:<\/p>\n\n\n\n<p> . <\/p>\n\n\n\n<div class=\"wp-block-columns is-layout-flex wp-container-core-columns-is-layout-311d3df3 wp-block-columns-is-layout-flex\" style=\"margin-top:var(--wp--preset--spacing--20);margin-bottom:var(--wp--preset--spacing--20)\">\n<div class=\"wp-block-column is-layout-flow wp-block-column-is-layout-flow\" style=\"flex-basis:33%\">\n<div class=\"wp-block-group is-style-section-4 has-tertiary-background-color has-background has-global-padding is-layout-constrained wp-container-core-group-is-layout-e3ca7775 wp-block-group-is-layout-constrained is-style-section-4--1\" style=\"border-width:1px;margin-top:0px;margin-bottom:0px;padding-top:var(--wp--preset--spacing--20);padding-right:var(--wp--preset--spacing--20);padding-bottom:var(--wp--preset--spacing--20);padding-left:var(--wp--preset--spacing--20)\">\n<h3 class=\"wp-block-heading has-text-align-center has-base-color has-secondary-background-color has-text-color has-background has-link-color has-large-font-size wp-elements-b9f4c098ad39897e9d38e26a33391f79\" id=\"fallecimiento-50a71f8c-7e84-40da-b268-c0ca6d6544df\" style=\"padding-top:var(--wp--preset--spacing--20);padding-right:var(--wp--preset--spacing--20);padding-bottom:var(--wp--preset--spacing--20);padding-left:var(--wp--preset--spacing--20)\"> Defunci\u00f3<\/h3>\n\n\n\n<ul class=\"wp-block-list\">\n<li> <strong><mark style=\"background-color:rgba(0, 0, 0, 0)\" class=\"has-inline-color has-secondary-color\">Vidu\u00eftat<\/mark><\/strong><\/li>\n\n\n\n<li> <strong><mark style=\"background-color:rgba(0, 0, 0, 0)\" class=\"has-inline-color has-secondary-color\">Orfandat<\/mark><\/strong> <\/li>\n<\/ul>\n\n\n\n<div class=\"wp-block-group has-base-background-color has-background has-global-padding is-layout-constrained wp-container-core-group-is-layout-c385debf wp-block-group-is-layout-constrained\" style=\"padding-top:var(--wp--preset--spacing--20);padding-right:var(--wp--preset--spacing--20);padding-bottom:var(--wp--preset--spacing--20);padding-left:var(--wp--preset--spacing--20)\">\n<p> 2 anualitats del SP (Salari Pensionable)<\/p>\n<\/div>\n\n\n\n<p>Es garanteixen dues anualitats del SP per al cas de mort en cas que no tinguin dret de vidu\u00eftat o orfandat o aquestes fossin inferiors a dues anualitats. <\/p>\n<\/div>\n<\/div>\n\n\n\n<div class=\"wp-block-column is-layout-flow wp-block-column-is-layout-flow\" style=\"flex-basis:66%\">\n<div class=\"wp-block-group is-style-section-4 has-tertiary-background-color has-background has-global-padding is-layout-constrained wp-container-core-group-is-layout-e3ca7775 wp-block-group-is-layout-constrained is-style-section-4--2\" style=\"border-width:1px;margin-top:0px;margin-bottom:0px;padding-top:var(--wp--preset--spacing--20);padding-right:var(--wp--preset--spacing--20);padding-bottom:var(--wp--preset--spacing--20);padding-left:var(--wp--preset--spacing--20)\">\n<h3 class=\"wp-block-heading has-text-align-center has-base-color has-secondary-background-color has-text-color has-background has-link-color has-large-font-size wp-elements-c9b4db95d81b7f37fa63ae5472eaf50f\" id=\"incapacidad-3673ffbc-61bb-465b-913b-2970bad78b03\" style=\"padding-top:var(--wp--preset--spacing--20);padding-right:var(--wp--preset--spacing--20);padding-bottom:var(--wp--preset--spacing--20);padding-left:var(--wp--preset--spacing--20)\"> Incapacitat <\/h3>\n\n\n\n<div class=\"wp-block-columns is-layout-flex wp-container-core-columns-is-layout-65e523f9 wp-block-columns-is-layout-flex\">\n<div class=\"wp-block-column is-layout-flow wp-block-column-is-layout-flow\">\n<p class=\"has-text-align-center has-secondary-color has-text-color has-link-color wp-elements-b06d36df91cce07d21daf5725080b4b1\"> <strong>Permanent total<\/strong> <\/p>\n\n\n\n<div class=\"wp-block-group has-base-background-color has-background has-global-padding is-layout-constrained wp-container-core-group-is-layout-c385debf wp-block-group-is-layout-constrained\" style=\"padding-top:var(--wp--preset--spacing--20);padding-right:var(--wp--preset--spacing--20);padding-bottom:var(--wp--preset--spacing--20);padding-left:var(--wp--preset--spacing--20)\">\n<p class=\"has-text-align-center\"> 2 anualitats del SP <\/p>\n<\/div>\n<\/div>\n\n\n\n<div class=\"wp-block-column is-layout-flow wp-block-column-is-layout-flow\">\n<p class=\"has-text-align-center has-secondary-color has-text-color has-link-color wp-elements-80a3b1f8d961d21b15cc662754f8a641\"> <strong>Permanent absoluta<\/strong> <\/p>\n\n\n\n<div class=\"wp-block-group has-base-background-color has-background has-global-padding is-layout-constrained wp-container-core-group-is-layout-c385debf wp-block-group-is-layout-constrained\" style=\"padding-top:var(--wp--preset--spacing--20);padding-right:var(--wp--preset--spacing--20);padding-bottom:var(--wp--preset--spacing--20);padding-left:var(--wp--preset--spacing--20)\">\n<p class=\"has-text-align-center\"> 3 anualitats del SP <\/p>\n<\/div>\n<\/div>\n\n\n\n<div class=\"wp-block-column is-layout-flow wp-block-column-is-layout-flow\">\n<p class=\"has-text-align-center has-secondary-color has-text-color has-link-color wp-elements-3d09ef5d472d197040607f88b479cc08\"> <strong>Gran invalidesa<\/strong> <\/p>\n\n\n\n<div class=\"wp-block-group has-base-background-color has-background has-global-padding is-layout-constrained wp-container-core-group-is-layout-c385debf wp-block-group-is-layout-constrained\" style=\"padding-top:var(--wp--preset--spacing--20);padding-right:var(--wp--preset--spacing--20);padding-bottom:var(--wp--preset--spacing--20);padding-left:var(--wp--preset--spacing--20)\">\n<p class=\"has-text-align-center\"> 4 anualitats del SP <\/p>\n<\/div>\n<\/div>\n<\/div>\n<\/div>\n<\/div>\n<\/div>\n\n\n\n<div style=\"height:40px\" aria-hidden=\"true\" class=\"wp-block-spacer\"><\/div>\n\n\n\n<h2 class=\"wp-block-heading\" id=\"plan-de-pensiones-asociado-a6f9227b-afbe-432f-84e7-3ed56bcd45c6\"> Pla de pensions associat<\/h2>\n\n\n\n<p> A m\u00e9s del pla de pensions en qu\u00e8 CaixaBank realitza les aportacions, tenim un pla de pensions associat, anomenat <strong>&#8220;PLANCAIXA 2&#8221;<\/strong> .<\/p>\n\n\n\n<p> Aquest pla est\u00e0 pensat perqu\u00e8 puguis fer les aportacions. Ni VidaCaixa (gestora) ni CaixaBank (diposit\u00e0ria) cobren cap comissi\u00f3, cosa que comporta una millor rendibilitat. <\/p>\n\n\n\n<div style=\"height:40px\" aria-hidden=\"true\" class=\"wp-block-spacer\"><\/div>\n\n\n\n<h2 class=\"wp-block-heading\" id=\"cuadro-resumen-ac880e0a-64ac-4b8d-b514-5ecf2a983c64\"> Quadre resum<\/h2>\n\n\n\n<p> En aquest document podeu trobar un esquema de les aportacions i les prestacions del nostre pla de pensions d&#8217;ocupaci\u00f3. <\/p>\n\n\n\n<div data-wp-interactive=\"core\/file\" class=\"wp-block-file\"><object data-wp-bind--hidden=\"!state.hasPdfPreview\" hidden class=\"wp-block-file__embed\" data=\"https:\/\/www.ccoocaixabank.net\/ca\/wp-content\/uploads\/sites\/3\/2024\/10\/Resum_Pla_Pensions_2024.pdf\" type=\"application\/pdf\" style=\"width:100%;height:600px\" aria-label=\"Incrustaci\u00f3 del fitxer Resum Pla Pensions 2024.\"><\/object><a id=\"wp-block-file--media-6e05d69b-5f4b-49fc-9d55-9e56194bc0e4\" href=\"https:\/\/www.ccoocaixabank.net\/ca\/wp-content\/uploads\/sites\/3\/2024\/10\/Resum_Pla_Pensions_2024.pdf\">Resum Pla Pensions 2024<\/a><a href=\"https:\/\/www.ccoocaixabank.net\/ca\/wp-content\/uploads\/sites\/3\/2024\/10\/Resum_Pla_Pensions_2024.pdf\" class=\"wp-block-file__button wp-element-button\" download aria-describedby=\"wp-block-file--media-6e05d69b-5f4b-49fc-9d55-9e56194bc0e4\">Desc\u00e0rrega<\/a><\/div>\n\n\n\n<div style=\"height:40px\" aria-hidden=\"true\" class=\"wp-block-spacer\"><\/div>\n\n\n\n<h2 class=\"wp-block-heading\" id=\"web-del-plan-de-pensiones-de-empleo-de-caixabank-c74facf9-85ff-45a7-b0a9-e089eb06982f\">Web del pla de pensions d&#8217;ocupaci\u00f3 de CaixaBank<\/h2>\n\n\n\n<p>Accedeix a la <a href=\"https:\/\/www.fpecaixa.info\/\" target=\"_blank\" rel=\"noreferrer noopener\">web del pla de pensions<\/a> amb informaci\u00f3 detallada<\/p>\n\n\n\n<figure class=\"wp-block-image size-full\"><a href=\"https:\/\/www.fpecaixa.info\/\" target=\"_blank\" rel=\" noreferrer noopener\"><img loading=\"lazy\" decoding=\"async\" width=\"300\" height=\"100\" src=\"https:\/\/www.ccoocaixabank.net\/ca\/wp-content\/uploads\/sites\/3\/2024\/08\/logo-pc30_es.png\" alt=\"\" class=\"wp-image-2226\"\/><\/a><\/figure>\n\n\n\n<h2 class=\"wp-block-heading has-text-align-left with-underline has-xx-large-font-size\" id=\"accesos-destacados-d4e68aa1-727b-4251-8080-d91f72f92ffd\" style=\"margin-top:var(--wp--preset--spacing--30);padding-top:var(--wp--preset--spacing--40);padding-right:0;padding-bottom:var(--wp--preset--spacing--20);padding-left:0\">Tamb\u00e9 pot interessar-te<\/h2>\n\n\n\n<div class=\"wp-block-group has-global-padding is-layout-constrained wp-block-group-is-layout-constrained\">\n<div class=\"wp-block-columns is-layout-flex wp-container-core-columns-is-layout-65e523f9 wp-block-columns-is-layout-flex\">\n<div class=\"wp-block-column is-layout-flow wp-container-core-column-is-layout-5f3b1f01 wp-block-column-is-layout-flow\" style=\"padding-top:var(--wp--preset--spacing--20);padding-right:0;padding-bottom:var(--wp--preset--spacing--20);padding-left:0\">\n<div class=\"wp-block-group has-global-padding is-layout-constrained wp-block-group-is-layout-constrained\">\n<figure class=\"wp-block-image size-full advgb-dyn-ae1bc166\"><img decoding=\"async\" src=\"https:\/\/www.ccoocaixabank.net\/es\/wp-content\/themes\/ccoo-caixabank-es-2.0.0\/assets\/images\/mi-nomina.jpg\" alt=\"\" style=\"aspect-ratio:4\/3;object-fit:cover\"\/><\/figure>\n\n\n\n<div class=\"wp-block-group has-global-padding is-layout-constrained wp-container-core-group-is-layout-6ba3cb33 wp-block-group-is-layout-constrained\" style=\"min-height:65px;margin-top:-85px\">\n<div class=\"wp-block-group destacadocirculo has-base-background-color has-background is-layout-flow wp-container-core-group-is-layout-c803993c wp-block-group-is-layout-flow\" style=\"border-radius:10px;min-height:65px;padding-top:0;padding-right:var(--wp--preset--spacing--20);padding-left:var(--wp--preset--spacing--20)\">\n<p class=\"has-text-align-left has-large-font-size\" style=\"padding-top:var(--wp--preset--spacing--20);padding-bottom:var(--wp--preset--spacing--20)\"><strong><a href=\"https:\/\/www.ccoocaixabank.net\/ca\/el-teu-salari\/nomina\/\">La meva n\u00f2mina<\/a><\/strong><\/p>\n<\/div>\n<\/div>\n<\/div>\n<\/div>\n\n\n\n<div class=\"wp-block-column is-layout-flow wp-block-column-is-layout-flow\" style=\"padding-top:var(--wp--preset--spacing--20);padding-right:0;padding-bottom:var(--wp--preset--spacing--20);padding-left:0\">\n<div class=\"wp-block-group has-global-padding is-layout-constrained wp-block-group-is-layout-constrained\">\n<figure class=\"wp-block-image size-full\"><a href=\"https:\/\/www.ccoocaixabank.net\/es\/beneficios-sociales\/\"><img loading=\"lazy\" decoding=\"async\" width=\"1280\" height=\"960\" src=\"https:\/\/www.ccoocaixabank.net\/es\/wp-content\/uploads\/sites\/2\/2024\/08\/beneficios-sociales.jpg\" alt=\"\" class=\"wp-image-2381\" style=\"aspect-ratio:4\/3;object-fit:cover\" srcset=\"https:\/\/www.ccoocaixabank.net\/ca\/wp-content\/uploads\/sites\/3\/2024\/08\/beneficios-sociales.jpg 1280w, https:\/\/www.ccoocaixabank.net\/ca\/wp-content\/uploads\/sites\/3\/2024\/08\/beneficios-sociales-512x384.jpg 512w, https:\/\/www.ccoocaixabank.net\/ca\/wp-content\/uploads\/sites\/3\/2024\/08\/beneficios-sociales-768x576.jpg 768w\" sizes=\"auto, (max-width: 1280px) 100vw, 1280px\" \/><\/a><\/figure>\n\n\n\n<div class=\"wp-block-group has-global-padding is-layout-constrained wp-container-core-group-is-layout-6ba3cb33 wp-block-group-is-layout-constrained\" style=\"min-height:65px;margin-top:-85px\">\n<div class=\"wp-block-group destacadocirculo has-base-background-color has-background is-layout-flow wp-container-core-group-is-layout-c803993c wp-block-group-is-layout-flow\" style=\"border-radius:10px;min-height:65px;padding-top:0;padding-right:var(--wp--preset--spacing--20);padding-left:var(--wp--preset--spacing--20)\">\n<p class=\"has-text-align-left has-large-font-size\" style=\"padding-top:var(--wp--preset--spacing--20);padding-bottom:var(--wp--preset--spacing--20)\"><a href=\"https:\/\/www.ccoocaixabank.net\/ca\/beneficis-socials\/\"><strong>Beneficis socials<\/strong><\/a><\/p>\n<\/div>\n<\/div>\n<\/div>\n<\/div>\n\n\n\n<div class=\"wp-block-column is-layout-flow wp-block-column-is-layout-flow\" style=\"padding-top:var(--wp--preset--spacing--20);padding-right:0;padding-bottom:var(--wp--preset--spacing--20);padding-left:0\">\n<div class=\"wp-block-group has-global-padding is-layout-constrained wp-block-group-is-layout-constrained\">\n<figure class=\"wp-block-image size-full\"><img decoding=\"async\" src=\"https:\/\/www.ccoocaixabank.net\/es\/wp-content\/themes\/ccoo-caixabank-es-2.0.0\/assets\/images\/poliza-sanitaria.jpg\" alt=\"\" style=\"aspect-ratio:4\/3;object-fit:cover\"\/><\/figure>\n\n\n\n<div class=\"wp-block-group has-global-padding is-layout-constrained wp-container-core-group-is-layout-6ba3cb33 wp-block-group-is-layout-constrained\" style=\"min-height:65px;margin-top:-85px\">\n<div class=\"wp-block-group destacadocirculo has-base-background-color has-background is-layout-flow wp-container-core-group-is-layout-c803993c wp-block-group-is-layout-flow\" style=\"border-radius:10px;min-height:65px;padding-top:0;padding-right:var(--wp--preset--spacing--20);padding-left:var(--wp--preset--spacing--20)\">\n<p class=\"has-text-align-left has-large-font-size\" style=\"padding-top:var(--wp--preset--spacing--20);padding-bottom:var(--wp--preset--spacing--20)\"><a href=\"https:\/\/www.ccoocaixabank.net\/ca\/beneficis-socials\/polissa-sanitaria\/\"><strong>P\u00f2lissa sanit\u00e0ria Adeslas<\/strong><\/a><\/p>\n<\/div>\n<\/div>\n<\/div>\n<\/div>\n<\/div>\n<\/div>\n","protected":false},"excerpt":{"rendered":"<p>El pla de pensions que tenim regulat per acord laboral \u00e9s m\u00e9s que un pla, ja que cobreix les conting\u00e8ncies de jubilaci\u00f3, mort i incapacitat permanent. Les aportacions a aquest pla de pensions s\u00f3n a c\u00e0rrec de l&#8217;empresa, per\u00f2, a partir del 2024, els part\u00edcips podem fer aportacions addicionals. Aportacions de jubilaci\u00f3 La base per al c\u00e0lcul de les aportacions que realitza CaixaBank ser\u00e0 la suma dels conceptes mensuals pensionables de la teva n\u00f2mina (assenyalats amb un asterisc). Aquestes variaran en el temps i depenent del moment de la teva contractaci\u00f3 a l&#8217;entitat. Podeu consultar l&#8217;esquema resum del [&hellip;]<\/p>\n","protected":false},"author":1,"featured_media":481,"parent":49,"menu_order":70,"comment_status":"closed","ping_status":"closed","template":"","meta":{"advgb_blocks_editor_width":"","advgb_blocks_columns_visual_guide":"","editor_notices":[],"footnotes":""},"class_list":["post-405","page","type-page","status-publish","has-post-thumbnail","hentry"],"coauthors":[],"author_meta":{"author_link":"https:\/\/www.ccoocaixabank.net\/ca\/author\/wpsysadmin\/","display_name":"wpsysadmin"},"relative_dates":{"created":"Posted 2 anys ago","modified":"Updated 1 any ago"},"absolute_dates":{"created":"Posted on 12 d'octubre de 2024","modified":"Updated on 20 de novembre de 2024"},"absolute_dates_time":{"created":"Posted on 12 d'octubre de 2024 09:32","modified":"Updated on 20 de novembre de 2024 14:46"},"featured_img_caption":"","featured_img":"https:\/\/www.ccoocaixabank.net\/ca\/wp-content\/uploads\/sites\/3\/2024\/10\/previsio-social.jpg","series_order":"","_links":{"self":[{"href":"https:\/\/www.ccoocaixabank.net\/ca\/wp-json\/wp\/v2\/pages\/405","targetHints":{"allow":["GET"]}}],"collection":[{"href":"https:\/\/www.ccoocaixabank.net\/ca\/wp-json\/wp\/v2\/pages"}],"about":[{"href":"https:\/\/www.ccoocaixabank.net\/ca\/wp-json\/wp\/v2\/types\/page"}],"author":[{"embeddable":true,"href":"https:\/\/www.ccoocaixabank.net\/ca\/wp-json\/wp\/v2\/users\/1"}],"replies":[{"embeddable":true,"href":"https:\/\/www.ccoocaixabank.net\/ca\/wp-json\/wp\/v2\/comments?post=405"}],"version-history":[{"count":4,"href":"https:\/\/www.ccoocaixabank.net\/ca\/wp-json\/wp\/v2\/pages\/405\/revisions"}],"predecessor-version":[{"id":4291,"href":"https:\/\/www.ccoocaixabank.net\/ca\/wp-json\/wp\/v2\/pages\/405\/revisions\/4291"}],"up":[{"embeddable":true,"href":"https:\/\/www.ccoocaixabank.net\/ca\/wp-json\/wp\/v2\/pages\/49"}],"wp:featuredmedia":[{"embeddable":true,"href":"https:\/\/www.ccoocaixabank.net\/ca\/wp-json\/wp\/v2\/media\/481"}],"wp:attachment":[{"href":"https:\/\/www.ccoocaixabank.net\/ca\/wp-json\/wp\/v2\/media?parent=405"}],"curies":[{"name":"wp","href":"https:\/\/api.w.org\/{rel}","templated":true}]}}