{"id":406,"date":"2024-10-12T09:11:27","date_gmt":"2024-10-12T07:11:27","guid":{"rendered":"https:\/\/www.ccoocaixabank.net\/ca\/?page_id=406"},"modified":"2024-10-16T17:02:37","modified_gmt":"2024-10-16T15:02:37","slug":"polissa-sanitaria","status":"publish","type":"page","link":"https:\/\/www.ccoocaixabank.net\/ca\/beneficis-socials\/polissa-sanitaria\/","title":{"rendered":"P\u00f2lissa sanit\u00e0ria Adeslas"},"content":{"rendered":"\n<p>Per acord laboral, CaixaBank t\u00e9 contractada una p\u00f2lissa col\u00b7lectiva d&#8217;<strong>assist\u00e8ncia sanit\u00e0ria gratu\u00efta per a tota la plantilla activa<\/strong> amb SegurCaixa Adeslas.<\/p>\n\n\n\n<p>La p\u00f2lissa <strong>&#8220;ADESLAS COMPLETA&#8221;<\/strong> cobreix els serveis sanitaris d&#8217;<strong>atenci\u00f3 prim\u00e0ria<\/strong> , <strong>especialistes<\/strong> i <strong>atenci\u00f3 hospital\u00e0ria<\/strong>.<\/p>\n\n\n\n<p>A m\u00e9s, l&#8217;empleada o empleat pot <strong>contractar volunt\u00e0riament aquesta mateixa cobertura per als seus familiars<\/strong> (c\u00f2njuge o parella i fills\/es dependents) sense per\u00edode de car\u00e8ncia ni revisi\u00f3 m\u00e8dica pr\u00e8via sempre que contracti la p\u00f2lissa abans de dos mesos des de la data d&#8217;incorporaci\u00f3 a l&#8217;empresa.<\/p>\n\n\n\n<p>Quan es produeixi una nova incorporaci\u00f3 a la <strong>condici\u00f3 de familiar<\/strong> podr\u00e0 acollir-se a aquestes condicions especials en <strong>un termini de tres mesos<\/strong> a comptar des de la data en qu\u00e8 ha adquirit aquesta condici\u00f3.<\/p>\n\n\n\n<p><strong>Complement\u00e0riament<\/strong> a les cobertures previstes, es pot sol\u00b7licitar una <strong>revisi\u00f3 m\u00e8dica general anual.<\/strong> Pot accedir a aquest servei qualsevol persona que formi part de la plantilla de CaixaBank i tamb\u00e9 els beneficiaris que constin a la p\u00f2lissa. Aquesta revisi\u00f3 anual \u00e9s de car\u00e0cter totalment voluntari.<br>Per sol\u00b7licitar la revisi\u00f3 cal trucar al tel\u00e8fon d&#8217;atenci\u00f3 al col\u00b7lectiu de CaixaBank d&#8217;Adeslas.<\/p>\n\n\n\n<p> Consulta amb el teu Delegat\/da de CCOO totes les proves que et fan a la revisi\u00f3 m\u00e8dica general anual d&#8217;Adeslas, en funci\u00f3 de la teva edat.<\/p>\n\n\n\n<p>Si vols tenir unes <strong>cobertures m\u00e9s \u00e0mplies,<\/strong> pots contractar la <strong>p\u00f2lissa &#8220;ADESLAS EXTRA&#8221;<\/strong> que t\u00e9 modalitat de copagament.<\/p>\n\n\n\n<div class=\"wp-block-group has-global-padding is-layout-constrained wp-container-core-group-is-layout-73405a87 wp-block-group-is-layout-constrained\">\n<div class=\"wp-block-group has-border-color has-global-padding is-layout-constrained wp-container-core-group-is-layout-1cf92c6e wp-block-group-is-layout-constrained\" style=\"border-color:#e0291d;border-width:5px;border-radius:0px;min-height:0px;margin-top:0;margin-bottom:0;padding-top:0;padding-right:0;padding-bottom:0;padding-left:0\">\n<div class=\"wp-block-columns is-not-stacked-on-mobile is-layout-flex wp-container-core-columns-is-layout-28f84493 wp-block-columns-is-layout-flex\">\n<div class=\"wp-block-column is-layout-flow wp-block-column-is-layout-flow\">\n<div class=\"wp-block-group has-primary-background-color has-background has-global-padding is-layout-constrained wp-container-core-group-is-layout-72190d31 wp-block-group-is-layout-constrained\" style=\"margin-top:0;margin-bottom:0;padding-top:0;padding-right:0;padding-bottom:0;padding-left:0\">\n<p class=\"has-text-align-center has-medium-font-size\"><strong><mark style=\"background-color:rgba(0, 0, 0, 0)\" class=\"has-inline-color has-tertiary-color\">Recorda que&#8230;<\/mark><\/strong> <\/p>\n<\/div>\n<\/div>\n\n\n\n<div class=\"wp-block-column is-layout-flow wp-block-column-is-layout-flow\"><\/div>\n\n\n\n<div class=\"wp-block-column is-layout-flow wp-block-column-is-layout-flow\"><\/div>\n<\/div>\n\n\n\n<div class=\"wp-block-group is-style-default has-global-padding is-content-justification-center is-layout-constrained wp-container-core-group-is-layout-1a43766e wp-block-group-is-layout-constrained\" style=\"padding-top:var(--wp--preset--spacing--20);padding-bottom:var(--wp--preset--spacing--20)\">\n<p class=\"has-text-align-center has-large-font-size wp-container-content-9cfa9a5a\" style=\"border-style:none;border-width:0px\"> <em><strong>SegurCaixa Adeslas<\/strong><\/em> <\/p>\n\n\n\n<p class=\"has-text-align-center has-large-font-size wp-container-content-9cfa9a5a\" style=\"border-style:none;border-width:0px\"> <em>posa a disposici\u00f3 de la plantilla de CaixaBank el tel\u00e8fon<\/em> <\/p>\n\n\n\n<p class=\"has-text-align-center has-x-large-font-size wp-container-content-9cfa9a5a\" style=\"border-style:none;border-width:0px\"> <strong><mark style=\"background-color:rgba(0, 0, 0, 0)\" class=\"has-inline-color has-primary-color\">900 100 197<\/mark><\/strong> <\/p>\n\n\n\n<p class=\"has-text-align-center has-large-font-size wp-container-content-9cfa9a5a\" style=\"border-style:none;border-width:0px\"> <em>per a qualsevol informaci\u00f3.<\/em> <\/p>\n<\/div>\n<\/div>\n<\/div>\n\n\n\n<h2 class=\"wp-block-heading has-text-align-left with-underline has-xx-large-font-size\" id=\"accesos-destacados-d4e68aa1-727b-4251-8080-d91f72f92ffd\" style=\"margin-top:var(--wp--preset--spacing--30);padding-top:var(--wp--preset--spacing--40);padding-right:0;padding-bottom:var(--wp--preset--spacing--20);padding-left:0\">Tamb\u00e9 pot interessar-te<\/h2>\n\n\n\n<div class=\"wp-block-group has-global-padding is-layout-constrained wp-block-group-is-layout-constrained\">\n<div class=\"wp-block-columns is-layout-flex wp-container-core-columns-is-layout-65e523f9 wp-block-columns-is-layout-flex\">\n<div class=\"wp-block-column is-layout-flow wp-container-core-column-is-layout-5f3b1f01 wp-block-column-is-layout-flow\" style=\"padding-top:var(--wp--preset--spacing--20);padding-right:0;padding-bottom:var(--wp--preset--spacing--20);padding-left:0\">\n<div class=\"wp-block-group has-global-padding is-layout-constrained wp-block-group-is-layout-constrained\">\n<figure class=\"wp-block-image size-full advgb-dyn-ae1bc166\"><img decoding=\"async\" src=\"https:\/\/www.ccoocaixabank.net\/es\/wp-content\/themes\/ccoo-caixabank-es-2.0.0\/assets\/images\/mi-nomina.jpg\" alt=\"\" style=\"aspect-ratio:4\/3;object-fit:cover\"\/><\/figure>\n\n\n\n<div class=\"wp-block-group has-global-padding is-layout-constrained wp-container-core-group-is-layout-6ba3cb33 wp-block-group-is-layout-constrained\" style=\"min-height:65px;margin-top:-85px\">\n<div class=\"wp-block-group destacadocirculo has-base-background-color has-background is-layout-flow wp-container-core-group-is-layout-c803993c wp-block-group-is-layout-flow\" style=\"border-radius:10px;min-height:65px;padding-top:0;padding-right:var(--wp--preset--spacing--20);padding-left:var(--wp--preset--spacing--20)\">\n<p class=\"has-text-align-left has-large-font-size\" style=\"padding-top:var(--wp--preset--spacing--20);padding-bottom:var(--wp--preset--spacing--20)\"><strong><a href=\"https:\/\/www.ccoocaixabank.net\/ca\/el-teu-salari\/nomina\/\">La meva n\u00f2mina<\/a><\/strong><\/p>\n<\/div>\n<\/div>\n<\/div>\n<\/div>\n\n\n\n<div class=\"wp-block-column is-layout-flow wp-block-column-is-layout-flow\" style=\"padding-top:var(--wp--preset--spacing--20);padding-right:0;padding-bottom:var(--wp--preset--spacing--20);padding-left:0\">\n<div class=\"wp-block-group has-global-padding is-layout-constrained wp-block-group-is-layout-constrained\">\n<figure class=\"wp-block-image size-full\"><img decoding=\"async\" src=\"https:\/\/www.ccoocaixabank.net\/ca\/wp-content\/themes\/ccoo-caixabank-ca-2.0.0\/assets\/images\/pagas-especiales-1.jpg\" alt=\"\" style=\"aspect-ratio:4\/3;object-fit:cover\"\/><\/figure>\n\n\n\n<div class=\"wp-block-group has-global-padding is-layout-constrained wp-container-core-group-is-layout-6ba3cb33 wp-block-group-is-layout-constrained\" style=\"min-height:65px;margin-top:-85px\">\n<div class=\"wp-block-group destacadocirculo has-base-background-color has-background is-layout-flow wp-container-core-group-is-layout-c803993c wp-block-group-is-layout-flow\" style=\"border-radius:10px;min-height:65px;padding-top:0;padding-right:var(--wp--preset--spacing--20);padding-left:var(--wp--preset--spacing--20)\">\n<p class=\"has-text-align-left has-large-font-size\" style=\"padding-top:var(--wp--preset--spacing--20);padding-bottom:var(--wp--preset--spacing--20)\"><a href=\"https:\/\/www.ccoocaixabank.net\/ca\/beneficis-socials\/pagues-especials\/\"><strong>Pagues especials<\/strong><\/a><\/p>\n<\/div>\n<\/div>\n<\/div>\n<\/div>\n\n\n\n<div class=\"wp-block-column is-layout-flow wp-block-column-is-layout-flow\" style=\"padding-top:var(--wp--preset--spacing--20);padding-right:0;padding-bottom:var(--wp--preset--spacing--20);padding-left:0\">\n<div class=\"wp-block-group has-global-padding is-layout-constrained wp-block-group-is-layout-constrained\">\n<figure class=\"wp-block-image size-full\"><img decoding=\"async\" src=\"https:\/\/www.ccoocaixabank.net\/es\/wp-content\/themes\/ccoo-caixabank-es-2.0.0\/assets\/images\/Plantilla-1280x960-7.jpg\" alt=\"\" style=\"aspect-ratio:4\/3;object-fit:cover\"\/><\/figure>\n\n\n\n<div class=\"wp-block-group has-global-padding is-layout-constrained wp-container-core-group-is-layout-6ba3cb33 wp-block-group-is-layout-constrained\" style=\"min-height:65px;margin-top:-85px\">\n<div class=\"wp-block-group destacadocirculo has-base-background-color has-background is-layout-flow wp-container-core-group-is-layout-c803993c wp-block-group-is-layout-flow\" style=\"border-radius:10px;min-height:65px;padding-top:0;padding-right:var(--wp--preset--spacing--20);padding-left:var(--wp--preset--spacing--20)\">\n<p class=\"has-text-align-left has-large-font-size\" style=\"padding-top:var(--wp--preset--spacing--20);padding-bottom:var(--wp--preset--spacing--20)\"><a href=\"https:\/\/www.ccoocaixabank.net\/ca\/prevencio-prl\/\"><strong>Prevenci\u00f3 de riscos<\/strong><\/a><\/p>\n<\/div>\n<\/div>\n<\/div>\n<\/div>\n<\/div>\n<\/div>\n","protected":false},"excerpt":{"rendered":"<p>Per acord laboral, CaixaBank t\u00e9 contractada una p\u00f2lissa col\u00b7lectiva d?assist\u00e8ncia sanit\u00e0ria gratu\u00efta per a tota la plantilla activa amb SegurCaixa Adeslas. La p\u00f2lissa &#8220;ADESLAS COMPLETA&#8221; cobreix els serveis sanitaris datenci\u00f3 prim\u00e0ria, especialistes i atenci\u00f3 hospital\u00e0ria. A m\u00e9s, l&#8217;empleada o empleat pot contractar volunt\u00e0riament aquesta mateixa cobertura per als seus familiars (c\u00f2njuge o parella i fills\/es dependents) sense per\u00edode de car\u00e8ncia ni revisi\u00f3 m\u00e8dica pr\u00e8via sempre que contracti la p\u00f2lissa abans de dos mesos des de la data d&#8217;incorporaci\u00f3 a l&#8217;empresa . Quan es produeixi una nova incorporaci\u00f3 a la condici\u00f3 de familiar, podr\u00e0 acollir-se a aquestes condicions especials en un [&hellip;]<\/p>\n","protected":false},"author":1,"featured_media":483,"parent":49,"menu_order":20,"comment_status":"closed","ping_status":"closed","template":"","meta":{"advgb_blocks_editor_width":"","advgb_blocks_columns_visual_guide":"","editor_notices":[],"footnotes":""},"class_list":["post-406","page","type-page","status-publish","has-post-thumbnail","hentry"],"coauthors":[],"author_meta":{"author_link":"https:\/\/www.ccoocaixabank.net\/ca\/author\/wpsysadmin\/","display_name":"wpsysadmin"},"relative_dates":{"created":"Posted 2 anys ago","modified":"Updated 2 anys ago"},"absolute_dates":{"created":"Posted on 12 d'octubre de 2024","modified":"Updated on 16 d'octubre de 2024"},"absolute_dates_time":{"created":"Posted on 12 d'octubre de 2024 09:11","modified":"Updated on 16 d'octubre de 2024 17:02"},"featured_img_caption":"","featured_img":"https:\/\/www.ccoocaixabank.net\/ca\/wp-content\/uploads\/sites\/3\/2024\/10\/poliza-sanit\u00e0ria.jpg","series_order":"","_links":{"self":[{"href":"https:\/\/www.ccoocaixabank.net\/ca\/wp-json\/wp\/v2\/pages\/406","targetHints":{"allow":["GET"]}}],"collection":[{"href":"https:\/\/www.ccoocaixabank.net\/ca\/wp-json\/wp\/v2\/pages"}],"about":[{"href":"https:\/\/www.ccoocaixabank.net\/ca\/wp-json\/wp\/v2\/types\/page"}],"author":[{"embeddable":true,"href":"https:\/\/www.ccoocaixabank.net\/ca\/wp-json\/wp\/v2\/users\/1"}],"replies":[{"embeddable":true,"href":"https:\/\/www.ccoocaixabank.net\/ca\/wp-json\/wp\/v2\/comments?post=406"}],"version-history":[{"count":3,"href":"https:\/\/www.ccoocaixabank.net\/ca\/wp-json\/wp\/v2\/pages\/406\/revisions"}],"predecessor-version":[{"id":3557,"href":"https:\/\/www.ccoocaixabank.net\/ca\/wp-json\/wp\/v2\/pages\/406\/revisions\/3557"}],"up":[{"embeddable":true,"href":"https:\/\/www.ccoocaixabank.net\/ca\/wp-json\/wp\/v2\/pages\/49"}],"wp:featuredmedia":[{"embeddable":true,"href":"https:\/\/www.ccoocaixabank.net\/ca\/wp-json\/wp\/v2\/media\/483"}],"wp:attachment":[{"href":"https:\/\/www.ccoocaixabank.net\/ca\/wp-json\/wp\/v2\/media?parent=406"}],"curies":[{"name":"wp","href":"https:\/\/api.w.org\/{rel}","templated":true}]}}