{"id":12275,"date":"2026-03-12T10:19:32","date_gmt":"2026-03-12T09:19:32","guid":{"rendered":"https:\/\/www.ccoocaixabank.net\/es\/?page_id=12275"},"modified":"2026-03-12T11:50:40","modified_gmt":"2026-03-12T10:50:40","slug":"tenemos-una-poliza-de-accidentes-gratuita-para-ti","status":"publish","type":"page","link":"https:\/\/www.ccoocaixabank.net\/es\/tenemos-una-poliza-de-accidentes-gratuita-para-ti\/","title":{"rendered":"Tenemos una p\u00f3liza de accidentes gratuita para ti"},"content":{"rendered":"\n<div class=\"wp-block-group has-border-color has-primary-border-color has-global-padding is-layout-constrained wp-container-core-group-is-layout-70d3dfd8 wp-block-group-is-layout-constrained\" style=\"border-width:3px;border-top-left-radius:15px;border-top-right-radius:15px;border-bottom-left-radius:15px;border-bottom-right-radius:15px;margin-top:var(--wp--preset--spacing--20);margin-bottom:var(--wp--preset--spacing--20);padding-top:var(--wp--preset--spacing--20);padding-right:var(--wp--preset--spacing--20);padding-bottom:var(--wp--preset--spacing--20);padding-left:var(--wp--preset--spacing--20)\">\n<p class=\"has-text-align-center has-large-font-size\"><strong><em><strong>Porque te apoyamos a ti, protegemos a los tuyos<\/strong><\/em><\/strong><\/p>\n<\/div>\n\n\n\n<p>Recuerda que, solo por <strong>formar parte de CCOO<\/strong>, dispones de una <strong>p\u00f3liza de accidentes con AIG Seguros <\/strong>que <strong>protege a tus seres queridos<\/strong>.<\/p>\n\n\n\n<p>En caso de fallecimiento por accidente, tu familia recibir\u00e1 una <strong>indemnizaci\u00f3n de 18.000 euros<\/strong>.<\/p>\n\n\n\n<p>Es una <strong>cobertura incluida en tu afiliaci\u00f3n<\/strong>, pensada para darte tranquilidad y cuidar de quienes m\u00e1s te importan. Puedes consultar <a href=\"https:\/\/descuentos.ccoo.es\/servicio&amp;s=7302\" target=\"_blank\" rel=\"noreferrer noopener\"><strong>las coberturas y condiciones particulares<\/strong><\/a>&nbsp;para conocer todos los detalles.<\/p>\n\n\n\n<p class=\"has-large-font-size\"><strong>Tu certificado de cobertura, siempre a mano.<\/strong><\/p>\n\n\n\n<p>Te ofrecemos la posibilidad de <strong><a href=\"https:\/\/acrobat.adobe.com\/id\/urn:aaid:sc:EU:f5d82afd-abdf-4d6c-a23a-117f0b396c7f\" target=\"_blank\" rel=\"noreferrer noopener\">descargar<\/a>\u00a0el certificado individual de cobertura<\/strong>\u00a0para que tus familiares <strong>conozcan este derecho y sepan c\u00f3mo ejercerlo si llegara el caso.<\/strong><\/p>\n\n\n\n<div class=\"wp-block-buttons is-content-justification-center is-layout-flex wp-container-core-buttons-is-layout-a6d9f191 wp-block-buttons-is-layout-flex\" style=\"margin-top:var(--wp--preset--spacing--40);margin-bottom:var(--wp--preset--spacing--40)\">\n<div class=\"wp-block-button\"><a class=\"wp-block-button__link wp-element-button\" href=\"https:\/\/acrobat.adobe.com\/id\/urn:aaid:sc:EU:f5d82afd-abdf-4d6c-a23a-117f0b396c7f?viewer%21megaVerb=group-discover\" target=\"_blank\" rel=\"noreferrer noopener\">Click aqu\u00ed para descargar tu certificado<\/a><\/div>\n<\/div>\n\n\n\n<div class=\"wp-block-buttons is-content-justification-center is-layout-flex wp-container-core-buttons-is-layout-a6d9f191 wp-block-buttons-is-layout-flex\" style=\"margin-top:var(--wp--preset--spacing--40);margin-bottom:var(--wp--preset--spacing--40)\">\n<div class=\"wp-block-button\"><a class=\"wp-block-button__link wp-element-button\" href=\"https:\/\/descuentos.ccoo.es\/servicio&amp;s=7302\" target=\"_blank\" rel=\"noreferrer noopener\">Coberturas y condiciones particulares<\/a><\/div>\n<\/div>\n\n\n\n<p><\/p>\n","protected":false},"excerpt":{"rendered":"<p>Porque te apoyamos a ti, protegemos a los tuyos Recuerda que, solo por formar parte de CCOO, dispones de una p\u00f3liza de accidentes con AIG Seguros que protege a tus seres queridos. En caso de fallecimiento por accidente, tu familia recibir\u00e1 una indemnizaci\u00f3n de 18.000 euros. Es una cobertura incluida en tu afiliaci\u00f3n, pensada para [&hellip;]<\/p>\n","protected":false},"author":7,"featured_media":12309,"parent":0,"menu_order":0,"comment_status":"closed","ping_status":"closed","template":"","meta":{"advgb_blocks_editor_width":"","advgb_blocks_columns_visual_guide":"","editor_notices":[],"footnotes":""},"class_list":["post-12275","page","type-page","status-publish","has-post-thumbnail","hentry"],"coauthors":[],"author_meta":{"author_link":"https:\/\/www.ccoocaixabank.net\/es\/author\/juanmorais\/","display_name":"Juan Morais"},"relative_dates":{"created":"Publicado 2 meses hace","modified":"Actualizado 2 meses hace"},"absolute_dates":{"created":"Publicado el 12 de marzo de 2026","modified":"Actualizado el 12 de marzo de 2026"},"absolute_dates_time":{"created":"Publicado el 12 de marzo de 2026 10:19","modified":"Actualizado el 12 de marzo de 2026 11:50"},"featured_img_caption":"","featured_img":"https:\/\/www.ccoocaixabank.net\/es\/wp-content\/uploads\/sites\/2\/2026\/03\/POLIZA-ACCIDENTES-GRATUITA-CAS-1.jpg","series_order":"","_links":{"self":[{"href":"https:\/\/www.ccoocaixabank.net\/es\/wp-json\/wp\/v2\/pages\/12275","targetHints":{"allow":["GET"]}}],"collection":[{"href":"https:\/\/www.ccoocaixabank.net\/es\/wp-json\/wp\/v2\/pages"}],"about":[{"href":"https:\/\/www.ccoocaixabank.net\/es\/wp-json\/wp\/v2\/types\/page"}],"author":[{"embeddable":true,"href":"https:\/\/www.ccoocaixabank.net\/es\/wp-json\/wp\/v2\/users\/7"}],"replies":[{"embeddable":true,"href":"https:\/\/www.ccoocaixabank.net\/es\/wp-json\/wp\/v2\/comments?post=12275"}],"version-history":[{"count":8,"href":"https:\/\/www.ccoocaixabank.net\/es\/wp-json\/wp\/v2\/pages\/12275\/revisions"}],"predecessor-version":[{"id":12408,"href":"https:\/\/www.ccoocaixabank.net\/es\/wp-json\/wp\/v2\/pages\/12275\/revisions\/12408"}],"wp:featuredmedia":[{"embeddable":true,"href":"https:\/\/www.ccoocaixabank.net\/es\/wp-json\/wp\/v2\/media\/12309"}],"wp:attachment":[{"href":"https:\/\/www.ccoocaixabank.net\/es\/wp-json\/wp\/v2\/media?parent=12275"}],"curies":[{"name":"wp","href":"https:\/\/api.w.org\/{rel}","templated":true}]}}