{"id":21,"date":"2024-06-20T12:38:54","date_gmt":"2024-06-20T10:38:54","guid":{"rendered":"https:\/\/www.ccoocaixabank.net\/es\/?page_id=21"},"modified":"2025-08-22T09:57:40","modified_gmt":"2025-08-22T07:57:40","slug":"poliza-sanitaria","status":"publish","type":"page","link":"https:\/\/www.ccoocaixabank.net\/es\/beneficios-sociales\/poliza-sanitaria\/","title":{"rendered":"P\u00f3liza sanitaria Adeslas"},"content":{"rendered":"\n<p>Por acuerdo laboral, CaixaBank tiene contratada una p\u00f3liza colectiva de <strong>asistencia sanitaria gratuita para toda la plantilla activa<\/strong> con SegurCaixa Adeslas.<\/p>\n\n\n\n<p>La p\u00f3liza <strong>\u00abADESLAS COMPLETA\u00bb<\/strong> cubre los servicios sanitarios de <strong>atenci\u00f3n primaria<\/strong>, <strong>especialistas<\/strong> y <strong>atenci\u00f3n hospitalaria<\/strong>.<\/p>\n\n\n\n<p>Adem\u00e1s, la empleada o empleado puede <strong>contratar voluntariamente esta misma cobertura para sus familiares<\/strong> (c\u00f3nyuge o pareja e hijos\/as dependientes) sin periodo de carencia ni revisi\u00f3n m\u00e9dica previa siempre que contrate la p\u00f3liza antes de dos meses desde la fecha de incorporaci\u00f3n a la empresa.<\/p>\n\n\n\n<p>Cuando se produzca una nueva incorporaci\u00f3n a la <strong>condici\u00f3n de familiar <\/strong>podr\u00e1 acogerse a estas condiciones especiales en <strong>un plazo de tres meses <\/strong>a contar desde la fecha en la que se ha adquirido dicha condici\u00f3n.<\/p>\n\n\n\n<p>De forma <strong>complementaria<\/strong> a las coberturas previstas, se puede solicitar una <strong>revisi\u00f3n m\u00e9dica general anual. <\/strong>Puede acceder a este servicio cualquier persona que forme parte de la plantilla de CaixaBank y tambi\u00e9n los beneficiarios que consten en la p\u00f3liza. Esta revisi\u00f3n anual es de car\u00e1cter totalmente voluntario.<br>Para solicitar la revisi\u00f3n hay que llamar al tel\u00e9fono de atenci\u00f3n al colectivo de CaixaBank de Adeslas.<\/p>\n\n\n\n<p>Consulta con tu Delegado\/a de CCOO todas las pruebas que te hacen en la revisi\u00f3n medica general anual de Adeslas, en funci\u00f3n de tu edad.<\/p>\n\n\n\n<p>Si se quiere tener unas <strong>coberturas m\u00e1s amplias, <\/strong>se puede contratar la <strong>P\u00f3liza \u00abADESLAS EXTRA\u00bb<\/strong> que tiene modalidad de copago.<\/p>\n\n\n\n<div class=\"wp-block-group has-global-padding is-layout-constrained wp-container-core-group-is-layout-73405a87 wp-block-group-is-layout-constrained\">\n<div class=\"wp-block-group has-border-color has-global-padding is-layout-constrained wp-container-core-group-is-layout-1cf92c6e wp-block-group-is-layout-constrained\" style=\"border-color:#e0291d;border-width:5px;border-radius:0px;min-height:0px;margin-top:0;margin-bottom:0;padding-top:0;padding-right:0;padding-bottom:0;padding-left:0\">\n<div class=\"wp-block-columns is-not-stacked-on-mobile is-layout-flex wp-container-core-columns-is-layout-28f84493 wp-block-columns-is-layout-flex\">\n<div class=\"wp-block-column is-layout-flow wp-block-column-is-layout-flow\">\n<div class=\"wp-block-group has-primary-background-color has-background has-global-padding is-layout-constrained wp-container-core-group-is-layout-72190d31 wp-block-group-is-layout-constrained\" style=\"margin-top:0;margin-bottom:0;padding-top:0;padding-right:0;padding-bottom:0;padding-left:0\">\n<p class=\"has-text-align-center has-medium-font-size\"><strong><mark style=\"background-color:rgba(0, 0, 0, 0)\" class=\"has-inline-color has-tertiary-color\">Recuerda que&#8230;<\/mark><\/strong><\/p>\n<\/div>\n<\/div>\n\n\n\n<div class=\"wp-block-column is-layout-flow wp-block-column-is-layout-flow\"><\/div>\n\n\n\n<div class=\"wp-block-column is-layout-flow wp-block-column-is-layout-flow\"><\/div>\n<\/div>\n\n\n\n<div class=\"wp-block-group is-style-default has-global-padding is-content-justification-center is-layout-constrained wp-container-core-group-is-layout-1a43766e wp-block-group-is-layout-constrained\" style=\"padding-top:var(--wp--preset--spacing--20);padding-bottom:var(--wp--preset--spacing--20)\">\n<p class=\"has-text-align-center has-large-font-size wp-container-content-9cfa9a5a\" style=\"border-style:none;border-width:0px\"><em><strong>SegurCaixa Adeslas <\/strong><\/em><\/p>\n\n\n\n<p class=\"has-text-align-center has-large-font-size wp-container-content-9cfa9a5a\" style=\"border-style:none;border-width:0px\"><em>pone a disposici\u00f3n de la plantilla de CaixaBank el tel\u00e9fono<\/em><\/p>\n\n\n\n<p class=\"has-text-align-center has-x-large-font-size wp-container-content-9cfa9a5a\" style=\"border-style:none;border-width:0px\"><strong><mark style=\"background-color:rgba(0, 0, 0, 0)\" class=\"has-inline-color has-primary-color\">900 100 197<\/mark><\/strong><\/p>\n\n\n\n<p class=\"has-text-align-center has-large-font-size wp-container-content-9cfa9a5a\" style=\"border-style:none;border-width:0px\"><em>para cualquier informaci\u00f3n.<\/em><\/p>\n<\/div>\n<\/div>\n<\/div>\n\n\n\n<h2 class=\"wp-block-heading has-text-align-left with-underline has-xx-large-font-size\" id=\"accesos-destacados-d4e68aa1-727b-4251-8080-d91f72f92ffd\" style=\"margin-top:var(--wp--preset--spacing--30);padding-top:var(--wp--preset--spacing--40);padding-right:0;padding-bottom:var(--wp--preset--spacing--20);padding-left:0\">Tambi\u00e9n te puede interesar<\/h2>\n\n\n\n<div class=\"wp-block-group has-global-padding is-layout-constrained wp-block-group-is-layout-constrained\">\n<div class=\"wp-block-columns is-layout-flex wp-container-core-columns-is-layout-65e523f9 wp-block-columns-is-layout-flex\">\n<div class=\"wp-block-column is-layout-flow wp-container-core-column-is-layout-5f3b1f01 wp-block-column-is-layout-flow\" style=\"padding-top:var(--wp--preset--spacing--20);padding-right:0;padding-bottom:var(--wp--preset--spacing--20);padding-left:0\">\n<div class=\"wp-block-group has-global-padding is-layout-constrained wp-block-group-is-layout-constrained\">\n<figure class=\"wp-block-image size-full advgb-dyn-ae1bc166\"><img decoding=\"async\" src=\"https:\/\/www.ccoocaixabank.net\/es\/wp-content\/themes\/ccoo-caixabank-es-2.0.0\/assets\/images\/mi-nomina.jpg\" alt=\"\" style=\"aspect-ratio:4\/3;object-fit:cover\"\/><\/figure>\n\n\n\n<div class=\"wp-block-group has-global-padding is-layout-constrained wp-container-core-group-is-layout-6ba3cb33 wp-block-group-is-layout-constrained\" style=\"min-height:65px;margin-top:-85px\">\n<div class=\"wp-block-group destacadocirculo has-base-background-color has-background is-layout-flow wp-container-core-group-is-layout-c803993c wp-block-group-is-layout-flow\" style=\"border-radius:10px;min-height:65px;padding-top:0;padding-right:var(--wp--preset--spacing--20);padding-left:var(--wp--preset--spacing--20)\">\n<p class=\"has-text-align-left has-large-font-size\" style=\"padding-top:var(--wp--preset--spacing--20);padding-bottom:var(--wp--preset--spacing--20)\"><strong><a href=\"https:\/\/www.ccoocaixabank.net\/es\/tu-salario\/nomina\/\" data-type=\"page\" data-id=\"11\">Mi n\u00f3mina<\/a><\/strong><\/p>\n<\/div>\n<\/div>\n<\/div>\n<\/div>\n\n\n\n<div class=\"wp-block-column is-layout-flow wp-block-column-is-layout-flow\" style=\"padding-top:var(--wp--preset--spacing--20);padding-right:0;padding-bottom:var(--wp--preset--spacing--20);padding-left:0\">\n<div class=\"wp-block-group has-global-padding is-layout-constrained wp-block-group-is-layout-constrained\">\n<figure class=\"wp-block-image size-full\"><img decoding=\"async\" src=\"https:\/\/www.ccoocaixabank.net\/es\/wp-content\/themes\/ccoo-caixabank-es-2.0.0\/assets\/images\/pagas-especiales-1.jpg\" alt=\"\" class=\"\" style=\"aspect-ratio:4\/3;object-fit:cover\" \/><\/figure>\n\n\n\n<div class=\"wp-block-group has-global-padding is-layout-constrained wp-container-core-group-is-layout-6ba3cb33 wp-block-group-is-layout-constrained\" style=\"min-height:65px;margin-top:-85px\">\n<div class=\"wp-block-group destacadocirculo has-base-background-color has-background is-layout-flow wp-container-core-group-is-layout-c803993c wp-block-group-is-layout-flow\" style=\"border-radius:10px;min-height:65px;padding-top:0;padding-right:var(--wp--preset--spacing--20);padding-left:var(--wp--preset--spacing--20)\">\n<p class=\"has-text-align-left has-large-font-size\" style=\"padding-top:var(--wp--preset--spacing--20);padding-bottom:var(--wp--preset--spacing--20)\"><a href=\"https:\/\/www.ccoocaixabank.net\/es\/beneficios-sociales\/pagas-especiales\/\" data-type=\"page\" data-id=\"19\"><strong>Pagas especiales<\/strong><\/a><\/p>\n<\/div>\n<\/div>\n<\/div>\n<\/div>\n\n\n\n<div class=\"wp-block-column is-layout-flow wp-block-column-is-layout-flow\" style=\"padding-top:var(--wp--preset--spacing--20);padding-right:0;padding-bottom:var(--wp--preset--spacing--20);padding-left:0\">\n<div class=\"wp-block-group has-global-padding is-layout-constrained wp-block-group-is-layout-constrained\">\n<figure class=\"wp-block-image size-full\"><img decoding=\"async\" src=\"https:\/\/www.ccoocaixabank.net\/es\/wp-content\/themes\/ccoo-caixabank-es-2.0.0\/assets\/images\/Plantilla-1280x960-7.jpg\" alt=\"\" class=\"\" style=\"aspect-ratio:4\/3;object-fit:cover\"\/><\/figure>\n\n\n\n<div class=\"wp-block-group has-global-padding is-layout-constrained wp-container-core-group-is-layout-6ba3cb33 wp-block-group-is-layout-constrained\" style=\"min-height:65px;margin-top:-85px\">\n<div class=\"wp-block-group destacadocirculo has-base-background-color has-background is-layout-flow wp-container-core-group-is-layout-c803993c wp-block-group-is-layout-flow\" style=\"border-radius:10px;min-height:65px;padding-top:0;padding-right:var(--wp--preset--spacing--20);padding-left:var(--wp--preset--spacing--20)\">\n<p class=\"has-text-align-left has-large-font-size\" style=\"padding-top:var(--wp--preset--spacing--20);padding-bottom:var(--wp--preset--spacing--20)\"><a href=\"https:\/\/www.ccoocaixabank.net\/es\/prevencion-prl\/\"><strong>Prevenci\u00f3n de riesgos<\/strong><\/a><\/p>\n<\/div>\n<\/div>\n<\/div>\n<\/div>\n<\/div>\n<\/div>\n","protected":false},"excerpt":{"rendered":"<p>Por acuerdo laboral, CaixaBank tiene contratada una p\u00f3liza colectiva de asistencia sanitaria gratuita para toda la plantilla activa con SegurCaixa Adeslas. La p\u00f3liza \u00abADESLAS COMPLETA\u00bb cubre los servicios sanitarios de atenci\u00f3n primaria, especialistas y atenci\u00f3n hospitalaria. Adem\u00e1s, la empleada o empleado puede contratar voluntariamente esta misma cobertura para sus familiares (c\u00f3nyuge o pareja e hijos\/as [&hellip;]<\/p>\n","protected":false},"author":1,"featured_media":2468,"parent":13,"menu_order":4,"comment_status":"closed","ping_status":"closed","template":"","meta":{"advgb_blocks_editor_width":"","advgb_blocks_columns_visual_guide":"","editor_notices":[],"footnotes":""},"class_list":["post-21","page","type-page","status-publish","has-post-thumbnail","hentry"],"coauthors":[],"author_meta":{"author_link":"https:\/\/www.ccoocaixabank.net\/es\/author\/wpsysadmin\/","display_name":"wpsysadmin"},"relative_dates":{"created":"Publicado 2 a\u00f1os hace","modified":"Actualizado 8 meses hace"},"absolute_dates":{"created":"Publicado el 20 de junio de 2024","modified":"Actualizado el 22 de agosto de 2025"},"absolute_dates_time":{"created":"Publicado el 20 de junio de 2024 12:38","modified":"Actualizado el 22 de agosto de 2025 09:57"},"featured_img_caption":"","featured_img":"https:\/\/www.ccoocaixabank.net\/es\/wp-content\/uploads\/sites\/2\/2024\/09\/poliza-sanitaria.jpg","series_order":"","_links":{"self":[{"href":"https:\/\/www.ccoocaixabank.net\/es\/wp-json\/wp\/v2\/pages\/21","targetHints":{"allow":["GET"]}}],"collection":[{"href":"https:\/\/www.ccoocaixabank.net\/es\/wp-json\/wp\/v2\/pages"}],"about":[{"href":"https:\/\/www.ccoocaixabank.net\/es\/wp-json\/wp\/v2\/types\/page"}],"author":[{"embeddable":true,"href":"https:\/\/www.ccoocaixabank.net\/es\/wp-json\/wp\/v2\/users\/1"}],"replies":[{"embeddable":true,"href":"https:\/\/www.ccoocaixabank.net\/es\/wp-json\/wp\/v2\/comments?post=21"}],"version-history":[{"count":6,"href":"https:\/\/www.ccoocaixabank.net\/es\/wp-json\/wp\/v2\/pages\/21\/revisions"}],"predecessor-version":[{"id":3442,"href":"https:\/\/www.ccoocaixabank.net\/es\/wp-json\/wp\/v2\/pages\/21\/revisions\/3442"}],"up":[{"embeddable":true,"href":"https:\/\/www.ccoocaixabank.net\/es\/wp-json\/wp\/v2\/pages\/13"}],"wp:featuredmedia":[{"embeddable":true,"href":"https:\/\/www.ccoocaixabank.net\/es\/wp-json\/wp\/v2\/media\/2468"}],"wp:attachment":[{"href":"https:\/\/www.ccoocaixabank.net\/es\/wp-json\/wp\/v2\/media?parent=21"}],"curies":[{"name":"wp","href":"https:\/\/api.w.org\/{rel}","templated":true}]}}