{"id":33,"date":"2024-06-20T12:41:03","date_gmt":"2024-06-20T10:41:03","guid":{"rendered":"https:\/\/www.ccoocaixabank.net\/es\/?page_id=33"},"modified":"2025-08-22T10:01:46","modified_gmt":"2025-08-22T08:01:46","slug":"nacimiento-adopcion","status":"publish","type":"page","link":"https:\/\/www.ccoocaixabank.net\/es\/igualdad-y-conciliacion\/nacimiento-adopcion\/","title":{"rendered":"Nacimiento \/ adopci\u00f3n"},"content":{"rendered":"\n<div class=\"wp-block-columns is-layout-flex wp-container-core-columns-is-layout-658170e2 wp-block-columns-is-layout-flex\">\n<div class=\"wp-block-column is-layout-flow wp-block-column-is-layout-flow\" style=\"flex-basis:30%\">\n<p><strong>Llega un nuevo momento en tu vida<\/strong>, y como siempre CCOO CaixaBank queremos estar a tu lado, no s\u00f3lo felicit\u00e1ndote y dese\u00e1ndote que todo vaya bien, sino inform\u00e1ndote de las nuevas condiciones laborales que esta etapa conllevar\u00e1, as\u00ed como de los derechos que tienes. \u00c9stos no s\u00f3lo est\u00e1n porque hayamos luchado por conseguirlos, existen cuando los ejercemos y nuestra satisfacci\u00f3n llega cuando, despu\u00e9s de tantas duras negociaciones, podemos ofrecerte nuestra ayuda y asesoramiento.<\/p>\n<\/div>\n\n\n\n<div class=\"wp-block-column is-layout-flow wp-block-column-is-layout-flow\" style=\"flex-basis:70%\">\n<div class=\"wp-block-group has-tertiary-background-color has-background has-global-padding is-layout-constrained wp-container-core-group-is-layout-c385debf wp-block-group-is-layout-constrained\" style=\"padding-top:var(--wp--preset--spacing--20);padding-right:var(--wp--preset--spacing--20);padding-bottom:var(--wp--preset--spacing--20);padding-left:var(--wp--preset--spacing--20)\">\n<p class=\"has-text-align-left has-secondary-color has-text-color has-link-color has-medium-font-size wp-elements-6d54d752fe3709a92784c1fbb3225f1f\"><strong>CCOO<\/strong> ponemos a tu disposici\u00f3n, <strong>tanto para nacimiento como para adopci\u00f3n, un dossier<\/strong> cuyo objetivo es <strong>guiarte ante las gestiones administrativas <\/strong>a realizar con los diferentes organismos para inscribir el nacimiento, tramitar la prestaci\u00f3n por nacimiento, el alta en el Centro de Asistencia Primaria, <strong>los cambios en nuestras n\u00f3minas o las ayudas de Hacienda.<\/strong><\/p>\n\n\n\n<p class=\"has-text-align-left has-secondary-color has-text-color has-link-color has-medium-font-size wp-elements-a44733e80d048cb5e2d677395c59c131\">Adem\u00e1s, podr\u00e1s encontrar la informaci\u00f3n relativa a las diferentes modalidades de <strong>lactancia,<\/strong> as\u00ed como sobre los <strong>permisos<\/strong> que tenemos, y el acceso a los impresos relacionados con el nacimiento que tienes que cumplimentar para presentarlos en todos los organismos oficiales.<\/p>\n\n\n\n<p class=\"has-secondary-color has-text-color has-link-color wp-elements-82b6003bc13305a567f544c6f0384830\">Tambi\u00e9n te elaboraremos un c<strong>alendario de nacimiento personalizado <\/strong>para que puedas visualizar en un solo documento todos los permisos, oficiales y propios de CaixaBank, tus vacaciones pendientes, etc. tomando como punto de partida la fecha de nacimiento estimada del beb\u00e9.<\/p>\n<\/div>\n<\/div>\n<\/div>\n\n\n\n<p>Contacta con tu Delegado\/a de CCOO CaixaBank para que te asesore y puedas dar respuesta a las dudas que normalmente aparecen ante este importante evento de tu vida, con diversas afectaciones de importancia en vida laboral.<\/p>\n\n\n\n<h2 class=\"wp-block-heading has-text-align-left with-underline has-xx-large-font-size\" id=\"accesos-destacados-d4e68aa1-727b-4251-8080-d91f72f92ffd\" style=\"margin-top:var(--wp--preset--spacing--30);padding-top:var(--wp--preset--spacing--40);padding-right:0;padding-bottom:var(--wp--preset--spacing--20);padding-left:0\">Tambi\u00e9n te puede interesar<\/h2>\n\n\n\n<div class=\"wp-block-group has-global-padding is-layout-constrained wp-block-group-is-layout-constrained\">\n<div class=\"wp-block-columns is-layout-flex wp-container-core-columns-is-layout-65e523f9 wp-block-columns-is-layout-flex\">\n<div class=\"wp-block-column is-layout-flow wp-container-core-column-is-layout-5f3b1f01 wp-block-column-is-layout-flow\" style=\"padding-top:var(--wp--preset--spacing--20);padding-right:0;padding-bottom:var(--wp--preset--spacing--20);padding-left:0\">\n<div class=\"wp-block-group has-global-padding is-layout-constrained wp-block-group-is-layout-constrained\">\n<figure class=\"wp-block-image size-full\"><img decoding=\"async\" src=\"https:\/\/www.ccoocaixabank.net\/es\/wp-content\/themes\/ccoo-caixabank-es-2.0.0\/assets\/images\/permisos.jpg\" alt=\"\" class=\"\" style=\"aspect-ratio:4\/3;object-fit:cover\" \/><\/figure>\n\n\n\n<div class=\"wp-block-group has-global-padding is-layout-constrained wp-container-core-group-is-layout-6ba3cb33 wp-block-group-is-layout-constrained\" style=\"min-height:65px;margin-top:-85px\">\n<div class=\"wp-block-group destacadocirculo has-base-background-color has-background is-layout-flow wp-container-core-group-is-layout-c803993c wp-block-group-is-layout-flow\" style=\"border-radius:10px;min-height:65px;padding-top:0;padding-right:var(--wp--preset--spacing--20);padding-left:var(--wp--preset--spacing--20)\">\n<p class=\"has-text-align-left has-large-font-size\" style=\"padding-top:var(--wp--preset--spacing--20);padding-bottom:var(--wp--preset--spacing--20)\"><a href=\"https:\/\/www.ccoocaixabank.net\/es\/igualdad-y-conciliacion\/permisos\/\" data-type=\"page\" data-id=\"29\"><strong>Permisos<\/strong><\/a><\/p>\n<\/div>\n<\/div>\n<\/div>\n<\/div>\n\n\n\n<div class=\"wp-block-column is-layout-flow wp-block-column-is-layout-flow\" style=\"padding-top:var(--wp--preset--spacing--20);padding-right:0;padding-bottom:var(--wp--preset--spacing--20);padding-left:0\">\n<div class=\"wp-block-group has-global-padding is-layout-constrained wp-block-group-is-layout-constrained\">\n<figure class=\"wp-block-image size-full\"><img decoding=\"async\" src=\"https:\/\/www.ccoocaixabank.net\/es\/wp-content\/themes\/ccoo-caixabank-es-2.0.0\/assets\/images\/prestamos.jpg\" alt=\"\" style=\"aspect-ratio:4\/3;object-fit:cover\"\/><\/figure>\n\n\n\n<div class=\"wp-block-group has-global-padding is-layout-constrained wp-container-core-group-is-layout-6ba3cb33 wp-block-group-is-layout-constrained\" style=\"min-height:65px;margin-top:-85px\">\n<div class=\"wp-block-group destacadocirculo has-base-background-color has-background is-layout-flow wp-container-core-group-is-layout-c803993c wp-block-group-is-layout-flow\" style=\"border-radius:10px;min-height:65px;padding-top:0;padding-right:var(--wp--preset--spacing--20);padding-left:var(--wp--preset--spacing--20)\">\n<p class=\"has-text-align-left has-large-font-size\" style=\"padding-top:var(--wp--preset--spacing--20);padding-bottom:var(--wp--preset--spacing--20)\"><a href=\"https:\/\/www.ccoocaixabank.net\/es\/beneficios-sociales\/prestamos\/\" data-type=\"page\" data-id=\"25\"><strong>Pr\u00e9stamos a empleados<\/strong><\/a><\/p>\n<\/div>\n<\/div>\n<\/div>\n<\/div>\n\n\n\n<div class=\"wp-block-column is-layout-flow wp-block-column-is-layout-flow\" style=\"padding-top:var(--wp--preset--spacing--20);padding-right:0;padding-bottom:var(--wp--preset--spacing--20);padding-left:0\">\n<div class=\"wp-block-group has-global-padding is-layout-constrained wp-block-group-is-layout-constrained\">\n<figure class=\"wp-block-image size-full\"><img decoding=\"async\" src=\"https:\/\/www.ccoocaixabank.net\/es\/wp-content\/themes\/ccoo-caixabank-es-2.0.0\/assets\/images\/Plantilla-1280x960-7.jpg\" alt=\"\" class=\"\" style=\"aspect-ratio:4\/3;object-fit:cover\"\/><\/figure>\n\n\n\n<div class=\"wp-block-group has-global-padding is-layout-constrained wp-container-core-group-is-layout-6ba3cb33 wp-block-group-is-layout-constrained\" style=\"min-height:65px;margin-top:-85px\">\n<div class=\"wp-block-group destacadocirculo has-base-background-color has-background is-layout-flow wp-container-core-group-is-layout-c803993c wp-block-group-is-layout-flow\" style=\"border-radius:10px;min-height:65px;padding-top:0;padding-right:var(--wp--preset--spacing--20);padding-left:var(--wp--preset--spacing--20)\">\n<p class=\"has-text-align-left has-large-font-size\" style=\"padding-top:var(--wp--preset--spacing--20);padding-bottom:var(--wp--preset--spacing--20)\"><a href=\"https:\/\/www.ccoocaixabank.net\/es\/prevencion-prl\/\"><strong>Prevenci\u00f3n de riesgos<\/strong><\/a><\/p>\n<\/div>\n<\/div>\n<\/div>\n<\/div>\n<\/div>\n<\/div>\n","protected":false},"excerpt":{"rendered":"<p>Llega un nuevo momento en tu vida, y como siempre CCOO CaixaBank queremos estar a tu lado, no s\u00f3lo felicit\u00e1ndote y dese\u00e1ndote que todo vaya bien, sino inform\u00e1ndote de las nuevas condiciones laborales que esta etapa conllevar\u00e1, as\u00ed como de los derechos que tienes. \u00c9stos no s\u00f3lo est\u00e1n porque hayamos luchado por conseguirlos, existen cuando [&hellip;]<\/p>\n","protected":false},"author":1,"featured_media":2473,"parent":27,"menu_order":4,"comment_status":"closed","ping_status":"closed","template":"","meta":{"advgb_blocks_editor_width":"","advgb_blocks_columns_visual_guide":"","editor_notices":[],"footnotes":""},"class_list":["post-33","page","type-page","status-publish","has-post-thumbnail","hentry"],"coauthors":[],"author_meta":{"author_link":"https:\/\/www.ccoocaixabank.net\/es\/author\/wpsysadmin\/","display_name":"wpsysadmin"},"relative_dates":{"created":"Publicado 2 a\u00f1os hace","modified":"Actualizado 8 meses hace"},"absolute_dates":{"created":"Publicado el 20 de junio de 2024","modified":"Actualizado el 22 de agosto de 2025"},"absolute_dates_time":{"created":"Publicado el 20 de junio de 2024 12:41","modified":"Actualizado el 22 de agosto de 2025 10:01"},"featured_img_caption":"","featured_img":"https:\/\/www.ccoocaixabank.net\/es\/wp-content\/uploads\/sites\/2\/2024\/09\/nacimiento-adopcion.jpg","series_order":"","_links":{"self":[{"href":"https:\/\/www.ccoocaixabank.net\/es\/wp-json\/wp\/v2\/pages\/33","targetHints":{"allow":["GET"]}}],"collection":[{"href":"https:\/\/www.ccoocaixabank.net\/es\/wp-json\/wp\/v2\/pages"}],"about":[{"href":"https:\/\/www.ccoocaixabank.net\/es\/wp-json\/wp\/v2\/types\/page"}],"author":[{"embeddable":true,"href":"https:\/\/www.ccoocaixabank.net\/es\/wp-json\/wp\/v2\/users\/1"}],"replies":[{"embeddable":true,"href":"https:\/\/www.ccoocaixabank.net\/es\/wp-json\/wp\/v2\/comments?post=33"}],"version-history":[{"count":6,"href":"https:\/\/www.ccoocaixabank.net\/es\/wp-json\/wp\/v2\/pages\/33\/revisions"}],"predecessor-version":[{"id":3513,"href":"https:\/\/www.ccoocaixabank.net\/es\/wp-json\/wp\/v2\/pages\/33\/revisions\/3513"}],"up":[{"embeddable":true,"href":"https:\/\/www.ccoocaixabank.net\/es\/wp-json\/wp\/v2\/pages\/27"}],"wp:featuredmedia":[{"embeddable":true,"href":"https:\/\/www.ccoocaixabank.net\/es\/wp-json\/wp\/v2\/media\/2473"}],"wp:attachment":[{"href":"https:\/\/www.ccoocaixabank.net\/es\/wp-json\/wp\/v2\/media?parent=33"}],"curies":[{"name":"wp","href":"https:\/\/api.w.org\/{rel}","templated":true}]}}