{"id":40,"date":"2024-06-20T12:42:17","date_gmt":"2024-06-20T10:42:17","guid":{"rendered":"https:\/\/www.ccoocaixabank.net\/es\/?page_id=40"},"modified":"2026-02-05T11:34:53","modified_gmt":"2026-02-05T10:34:53","slug":"pruebas-de-capacitacion","status":"publish","type":"page","link":"https:\/\/www.ccoocaixabank.net\/es\/tu-salario\/promocion-profesional\/pruebas-de-capacitacion\/","title":{"rendered":"Pruebas de capacitaci\u00f3n"},"content":{"rendered":"\n<p><\/p>\n\n\n\n<p>Hace a\u00f1os que CCOO ayudamos a la plantilla afiliada a preparar las oposiciones. Los resultados nos avalan: cerca del <strong>70 %<\/strong> de las personas que han obtenido plaza en las anteriores oposiciones <strong>son afiliados\/as a CCOO<\/strong> <strong>que han utilizado nuestras herramientas formativas:<\/strong><\/p>\n\n\n\n<div class=\"wp-block-columns is-layout-flex wp-container-core-columns-is-layout-65e523f9 wp-block-columns-is-layout-flex\">\n<div class=\"wp-block-column is-layout-flow wp-block-column-is-layout-flow\">\n<h2 class=\"wp-block-heading\">Niveles VIII y X<\/h2>\n\n\n\n<p>El Convenio Colectivo de Cajas de Ahorro establece unas pruebas de capacitaci\u00f3n a Niveles VIII y X.<\/p>\n\n\n\n<p>Seg\u00fan lo establecido en el Convenio, ascender\u00e1n por convocatoria de oposiciones <strong>cada tres a\u00f1os<\/strong>, un m\u00ednimo del <strong>3% del total de la plantilla de determinados niveles<\/strong>, tanto a nivel VIII como al X. El c\u00e1lculo de este porcentaje se har\u00e1 sobre la plantilla adscrita a esos niveles el 31 de diciembre del a\u00f1o anterior al de las pruebas.<\/p>\n\n\n\n<p>Para presentarte a estas pruebas debes tener, al menos, <strong>2 a\u00f1os de antig\u00fcedad<\/strong> en la entidad.<\/p>\n\n\n\n<p>Estas oposiciones se convocan mediante circular en la que se especifica el temario correspondiente y el proceso de preinscripci\u00f3n.<\/p>\n\n\n\n<h3 class=\"wp-block-heading\">Fechas a tener en cuenta convocatorias Niveles VIII y X<\/h3>\n\n\n\n<ul class=\"wp-block-list\">\n<li><strong><mark class=\"has-inline-color has-primary-color\">Preinscripci\u00f3n:<\/mark><\/strong> del 26 de noviembre hasta las 16.00 horas del 5 de diciembre de 2025 a trav\u00e9s del Portal del Empleado. <\/li>\n\n\n\n<li><strong><mark class=\"has-inline-color has-primary-color\">Acceso a materiales:<\/mark><\/strong> a partir del 16 de diciembre de 2025 a trav\u00e9s de Virtaula.<\/li>\n\n\n\n<li><strong><mark class=\"has-inline-color has-primary-color\">Inscripci\u00f3n definitiva:<\/mark><\/strong> desde el d\u00eda 18 hasta las 16.00 horas del 27 de marzo de 2026 a trav\u00e9s del Portal del Empleado.<\/li>\n\n\n\n<li><mark class=\"has-inline-color has-primary-color\"><strong>Convocatoria formal de CaixaBank a la plantilla opositora:<\/strong> <\/mark>a trav\u00e9s de correo electr\u00f3nico donde se les indicar\u00e1 fecha, lugar e instrucciones del examen a realizar.<\/li>\n\n\n\n<li><strong><mark class=\"has-inline-color has-primary-color\">Examen:<\/mark><\/strong> 23 de mayo de 2026.<\/li>\n\n\n\n<li><strong><mark class=\"has-inline-color has-primary-color\">Notas provisionales:<\/mark><\/strong>  a trav\u00e9s de correo electr\u00f3nico.<\/li>\n\n\n\n<li><strong><mark class=\"has-inline-color has-primary-color\">Listado definitivo de las 43 plazas convocadas para cada nivel:<\/mark><\/strong> junio de 2026.<\/li>\n\n\n\n<li><strong><mark class=\"has-inline-color has-primary-color\">Efectos econ\u00f3micos para la plantilla que obtenga la plaza:<\/mark><\/strong> 1 de mayo de 2026.<\/li>\n<\/ul>\n<\/div>\n\n\n\n<div class=\"wp-block-column is-layout-flow wp-block-column-is-layout-flow\">\n<h2 class=\"wp-block-heading\">Nivel VII<\/h2>\n\n\n\n<p>En CaixaBank, cada dos a\u00f1os se convocan <strong>140 plazas<\/strong> de nivel VII mediante una oposici\u00f3n interna.<\/p>\n\n\n\n<p>Los efectos econ\u00f3micos para las personas que obtienen plaza son desde el <strong>1 de junio<\/strong> del a\u00f1o de la convocatoria.<\/p>\n\n\n\n<p>Estas oposiciones se convocan mediante una circular en la que se especifica el temario correspondiente y los requisitos para poder acceder. Uno de los m\u00e1s importantes es tener una <strong>antig\u00fcedad de 3 a\u00f1os a fecha 1 de enero<\/strong> del a\u00f1o en que se realice el examen.<\/p>\n\n\n\n<h3 class=\"wp-block-heading\">Fechas a tener en cuenta convocatoria Nivel VII<\/h3>\n\n\n\n<p>Las pruebas de capacitaci\u00f3n para el Nivel VII se realizar\u00e1n en el <strong>a\u00f1o 2027<\/strong>.<\/p>\n<\/div>\n<\/div>\n\n\n\n<p>Todas las fechas indicadas son las informadas por CaixaBank a la RLT y pueden estar sujetas a cambios que la empresa comunicar\u00eda mediante los medios establecidos a tal efecto a la plantilla.<\/p>\n\n\n\n<hr class=\"wp-block-separator has-alpha-channel-opacity\" \/>\n\n\n\n<h3 class=\"wp-block-heading\">Acceso a materiales s\u00f3lo para personas afiliadas<\/h3>\n\n\n\n<ul class=\"wp-block-list\">\n<li><a href=\"https:\/\/cloud.ccoocaixabank.net\/www\/aspnet\/control_acceso.aspx?acceso=opos_documentacion\">Material de estudio<\/a><\/li>\n\n\n\n<li><a href=\"https:\/\/cloud.ccoocaixabank.net\/www\/aspnet\/control_acceso.aspx?acceso=opos_cuestionarios\">Cuestionarios y ex\u00e1menes<\/a><\/li>\n\n\n\n<li><a href=\"https:\/\/cloud.ccoocaixabank.net\/www\/aspnet\/control_acceso.aspx?acceso=opos_foros\">Foros<\/a><\/li>\n\n\n\n<li><a href=\"https:\/\/cloud.ccoocaixabank.net\/www\/aspnet\/control_acceso.aspx?acceso=opos_ranking\">Rankings<\/a><\/li>\n\n\n\n<li><a href=\"https:\/\/cloud.ccoocaixabank.net\/www\/aspnet\/control_acceso.aspx?acceso=opos_formacion\">Formaci\u00f3n<\/a><\/li>\n<\/ul>\n\n\n\n<h2 class=\"wp-block-heading has-text-align-left with-underline has-xx-large-font-size\" id=\"accesos-destacados-d4e68aa1-727b-4251-8080-d91f72f92ffd\" style=\"margin-top:var(--wp--preset--spacing--30);padding-top:var(--wp--preset--spacing--40);padding-right:0;padding-bottom:var(--wp--preset--spacing--20);padding-left:0\">Tambi\u00e9n te puede interesar<\/h2>\n\n\n\n<div class=\"wp-block-group has-global-padding is-layout-constrained wp-block-group-is-layout-constrained\">\n<div class=\"wp-block-columns is-layout-flex wp-container-core-columns-is-layout-65e523f9 wp-block-columns-is-layout-flex\">\n<div class=\"wp-block-column is-layout-flow wp-container-core-column-is-layout-5f3b1f01 wp-block-column-is-layout-flow\" style=\"padding-top:var(--wp--preset--spacing--20);padding-right:0;padding-bottom:var(--wp--preset--spacing--20);padding-left:0\">\n<div class=\"wp-block-group has-global-padding is-layout-constrained wp-block-group-is-layout-constrained\">\n<figure class=\"wp-block-image size-full\"><img decoding=\"async\" src=\"https:\/\/www.ccoocaixabank.net\/es\/wp-content\/themes\/ccoo-caixabank-es-2.0.0\/assets\/images\/Carreras-Profesionales.jpg\" alt=\"\" class=\"\" style=\"aspect-ratio:4\/3;object-fit:cover\"\/><\/figure>\n\n\n\n<div class=\"wp-block-group has-global-padding is-layout-constrained wp-container-core-group-is-layout-6ba3cb33 wp-block-group-is-layout-constrained\" style=\"min-height:65px;margin-top:-85px\">\n<div class=\"wp-block-group destacadocirculo has-base-background-color has-background is-layout-flow wp-container-core-group-is-layout-c803993c wp-block-group-is-layout-flow\" style=\"border-radius:10px;min-height:65px;padding-top:0;padding-right:var(--wp--preset--spacing--20);padding-left:var(--wp--preset--spacing--20)\">\n<p class=\"has-text-align-left has-large-font-size\" style=\"padding-top:var(--wp--preset--spacing--20);padding-bottom:var(--wp--preset--spacing--20)\"><a href=\"https:\/\/www.ccoocaixabank.net\/es\/promocion-profesional\/carreras-profesionales\/\"><strong>Carreras profesionales<\/strong><\/a><\/p>\n<\/div>\n<\/div>\n<\/div>\n<\/div>\n\n\n\n<div class=\"wp-block-column is-layout-flow wp-block-column-is-layout-flow\" style=\"padding-top:var(--wp--preset--spacing--20);padding-right:0;padding-bottom:var(--wp--preset--spacing--20);padding-left:0\">\n<div class=\"wp-block-group has-global-padding is-layout-constrained wp-block-group-is-layout-constrained\">\n<figure class=\"wp-block-image size-full advgb-dyn-ae1bc166\"><img decoding=\"async\" src=\"https:\/\/www.ccoocaixabank.net\/es\/wp-content\/themes\/ccoo-caixabank-es-2.0.0\/assets\/images\/mi-nomina.jpg\" alt=\"\" style=\"aspect-ratio:4\/3;object-fit:cover\"\/><\/figure>\n\n\n\n<div class=\"wp-block-group has-global-padding is-layout-constrained wp-container-core-group-is-layout-6ba3cb33 wp-block-group-is-layout-constrained\" style=\"min-height:65px;margin-top:-85px\">\n<div class=\"wp-block-group destacadocirculo has-base-background-color has-background is-layout-flow wp-container-core-group-is-layout-c803993c wp-block-group-is-layout-flow\" style=\"border-radius:10px;min-height:65px;padding-top:0;padding-right:var(--wp--preset--spacing--20);padding-left:var(--wp--preset--spacing--20)\">\n<p class=\"has-text-align-left has-large-font-size\" style=\"padding-top:var(--wp--preset--spacing--20);padding-bottom:var(--wp--preset--spacing--20)\"><strong><a href=\"https:\/\/www.ccoocaixabank.net\/es\/tu-salario\/nomina\/\" data-type=\"page\" data-id=\"11\">Mi n\u00f3mina<\/a><\/strong><\/p>\n<\/div>\n<\/div>\n<\/div>\n<\/div>\n\n\n\n<div class=\"wp-block-column is-layout-flow wp-block-column-is-layout-flow\" style=\"padding-top:var(--wp--preset--spacing--20);padding-right:0;padding-bottom:var(--wp--preset--spacing--20);padding-left:0\">\n<div class=\"wp-block-group has-global-padding is-layout-constrained wp-block-group-is-layout-constrained\">\n<figure class=\"wp-block-image size-full\"><img decoding=\"async\" src=\"https:\/\/www.ccoocaixabank.net\/es\/wp-content\/themes\/ccoo-caixabank-es-2.0.0\/assets\/images\/permisos.jpg\" alt=\"\" class=\"\" style=\"aspect-ratio:4\/3;object-fit:cover\" \/><\/figure>\n\n\n\n<div class=\"wp-block-group has-global-padding is-layout-constrained wp-container-core-group-is-layout-6ba3cb33 wp-block-group-is-layout-constrained\" style=\"min-height:65px;margin-top:-85px\">\n<div class=\"wp-block-group destacadocirculo has-base-background-color has-background is-layout-flow wp-container-core-group-is-layout-c803993c wp-block-group-is-layout-flow\" style=\"border-radius:10px;min-height:65px;padding-top:0;padding-right:var(--wp--preset--spacing--20);padding-left:var(--wp--preset--spacing--20)\">\n<p class=\"has-text-align-left has-large-font-size\" style=\"padding-top:var(--wp--preset--spacing--20);padding-bottom:var(--wp--preset--spacing--20)\"><a href=\"https:\/\/www.ccoocaixabank.net\/es\/igualdad-y-conciliacion\/permisos\/\" data-type=\"page\" data-id=\"29\"><strong>Permisos<\/strong><\/a><\/p>\n<\/div>\n<\/div>\n<\/div>\n<\/div>\n<\/div>\n<\/div>\n","protected":false},"excerpt":{"rendered":"<p>Hace a\u00f1os que CCOO ayudamos a la plantilla afiliada a preparar las oposiciones. Los resultados nos avalan: cerca del 70 % de las personas que han obtenido plaza en las anteriores oposiciones son afiliados\/as a CCOO que han utilizado nuestras herramientas formativas: Niveles VIII y X El Convenio Colectivo de Cajas de Ahorro establece unas [&hellip;]<\/p>\n","protected":false},"author":1,"featured_media":2475,"parent":38,"menu_order":1,"comment_status":"closed","ping_status":"closed","template":"","meta":{"advgb_blocks_editor_width":"","advgb_blocks_columns_visual_guide":"","editor_notices":[],"footnotes":""},"class_list":["post-40","page","type-page","status-publish","has-post-thumbnail","hentry"],"coauthors":[],"author_meta":{"author_link":"https:\/\/www.ccoocaixabank.net\/es\/author\/wpsysadmin\/","display_name":"wpsysadmin"},"relative_dates":{"created":"Publicado 2 a\u00f1os hace","modified":"Actualizado 3 meses hace"},"absolute_dates":{"created":"Publicado el 20 de junio de 2024","modified":"Actualizado el 5 de febrero de 2026"},"absolute_dates_time":{"created":"Publicado el 20 de junio de 2024 12:42","modified":"Actualizado el 5 de febrero de 2026 11:34"},"featured_img_caption":"","featured_img":"https:\/\/www.ccoocaixabank.net\/es\/wp-content\/uploads\/sites\/2\/2024\/09\/prueba-capacitacion.jpg","series_order":"","_links":{"self":[{"href":"https:\/\/www.ccoocaixabank.net\/es\/wp-json\/wp\/v2\/pages\/40","targetHints":{"allow":["GET"]}}],"collection":[{"href":"https:\/\/www.ccoocaixabank.net\/es\/wp-json\/wp\/v2\/pages"}],"about":[{"href":"https:\/\/www.ccoocaixabank.net\/es\/wp-json\/wp\/v2\/types\/page"}],"author":[{"embeddable":true,"href":"https:\/\/www.ccoocaixabank.net\/es\/wp-json\/wp\/v2\/users\/1"}],"replies":[{"embeddable":true,"href":"https:\/\/www.ccoocaixabank.net\/es\/wp-json\/wp\/v2\/comments?post=40"}],"version-history":[{"count":24,"href":"https:\/\/www.ccoocaixabank.net\/es\/wp-json\/wp\/v2\/pages\/40\/revisions"}],"predecessor-version":[{"id":11780,"href":"https:\/\/www.ccoocaixabank.net\/es\/wp-json\/wp\/v2\/pages\/40\/revisions\/11780"}],"up":[{"embeddable":true,"href":"https:\/\/www.ccoocaixabank.net\/es\/wp-json\/wp\/v2\/pages\/38"}],"wp:featuredmedia":[{"embeddable":true,"href":"https:\/\/www.ccoocaixabank.net\/es\/wp-json\/wp\/v2\/media\/2475"}],"wp:attachment":[{"href":"https:\/\/www.ccoocaixabank.net\/es\/wp-json\/wp\/v2\/media?parent=40"}],"curies":[{"name":"wp","href":"https:\/\/api.w.org\/{rel}","templated":true}]}}