{"id":41,"date":"2024-06-20T12:42:25","date_gmt":"2024-06-20T10:42:25","guid":{"rendered":"https:\/\/www.ccoocaixabank.net\/es\/?page_id=41"},"modified":"2025-08-22T09:56:04","modified_gmt":"2025-08-22T07:56:04","slug":"carreras-profesionales","status":"publish","type":"page","link":"https:\/\/www.ccoocaixabank.net\/es\/tu-salario\/promocion-profesional\/carreras-profesionales\/","title":{"rendered":"Carreras profesionales"},"content":{"rendered":"\n<p><\/p>\n\n\n\n<h2 class=\"wp-block-heading\">Programa GC<\/h2>\n\n\n\n<p>Se trata de un plan de desarrollo profesional que implica la gesti\u00f3n de una cartera de clientes.<\/p>\n\n\n\n<p>Los GCI son los empleadxs que gestionan una cartera de clientes y que han accedido a alguna de las plazas de GCI convocadas. Los GCII son los empleadxs que gestionan una cartera de clientes que definir\u00e1 en cada momento la entidad y que han accedido a alguna de las plazas de GCII convocadas.<\/p>\n\n\n\n<p>En el acuerdo que CCOO firmamos en julio de 2021, se aument\u00f3 el n\u00famero de plazas de GC. Aumentamos el n\u00famero m\u00ednimo de plazas de 5.600 a <strong>7.700 plazas<\/strong> en total, de las cuales como m\u00ednimo <strong>4.600<\/strong> deben ser para GCII.<\/p>\n\n\n\n<p>La Direcci\u00f3n definir\u00e1 los criterios de las carteras GCI y GCII. Actualmente lxs gestorxs de negocios y seniors est\u00e1n en la carrera GCI y lxs gestorxs de banca premier y banca de empresas est\u00e1n en la carrera GCII.<\/p>\n\n\n\n<figure class=\"wp-block-table aligncenter is-style-stripes\"><table><thead><tr><th class=\"has-text-align-center\" data-align=\"center\">Nivel<\/th><th class=\"has-text-align-center\" data-align=\"center\">Tiempo de permanencia<\/th><\/tr><\/thead><tbody><tr><td class=\"has-text-align-center\" data-align=\"center\">XII<\/td><td class=\"has-text-align-center\" data-align=\"center\">2 a\u00f1os<\/td><\/tr><tr><td class=\"has-text-align-center\" data-align=\"center\">XI<\/td><td class=\"has-text-align-center\" data-align=\"center\">3 a\u00f1os<\/td><\/tr><tr><td class=\"has-text-align-center\" data-align=\"center\">X<\/td><td class=\"has-text-align-center\" data-align=\"center\">2 a\u00f1os<\/td><\/tr><tr><td class=\"has-text-align-center\" data-align=\"center\">IX<\/td><td class=\"has-text-align-center\" data-align=\"center\">2 a\u00f1os<\/td><\/tr><tr><td class=\"has-text-align-center\" data-align=\"center\">VIII<\/td><td class=\"has-text-align-center\" data-align=\"center\">3 a\u00f1os<\/td><\/tr><tr><td class=\"has-text-align-center\" data-align=\"center\">VII<\/td><td class=\"has-text-align-center\" data-align=\"center\">3 a\u00f1os<\/td><\/tr><tr><td class=\"has-text-align-center\" data-align=\"center\">VI<\/td><td class=\"has-text-align-center\" data-align=\"center\">Trienio cada 3 a\u00f1os<\/td><\/tr><\/tbody><\/table><figcaption class=\"wp-element-caption\"><em>De Nivel XII a Nivel VI en 16 a\u00f1os, consolidando nivel<\/em><\/figcaption><\/figure>\n\n\n\n<h2 class=\"wp-block-heading has-text-align-left with-underline has-xx-large-font-size\" id=\"accesos-destacados-d4e68aa1-727b-4251-8080-d91f72f92ffd\" style=\"margin-top:var(--wp--preset--spacing--30);padding-top:var(--wp--preset--spacing--40);padding-right:0;padding-bottom:var(--wp--preset--spacing--20);padding-left:0\">Tambi\u00e9n te puede interesar<\/h2>\n\n\n\n<div class=\"wp-block-group has-global-padding is-layout-constrained wp-block-group-is-layout-constrained\">\n<div class=\"wp-block-columns is-layout-flex wp-container-core-columns-is-layout-65e523f9 wp-block-columns-is-layout-flex\">\n<div class=\"wp-block-column is-layout-flow wp-container-core-column-is-layout-5f3b1f01 wp-block-column-is-layout-flow\" style=\"padding-top:var(--wp--preset--spacing--20);padding-right:0;padding-bottom:var(--wp--preset--spacing--20);padding-left:0\">\n<div class=\"wp-block-group has-global-padding is-layout-constrained wp-block-group-is-layout-constrained\">\n<figure class=\"wp-block-image size-full\"><img decoding=\"async\" src=\"https:\/\/www.ccoocaixabank.net\/es\/wp-content\/themes\/ccoo-caixabank-es-2.0.0\/assets\/images\/Plantilla-1280x960-10.jpg\" alt=\"\" class=\"\" style=\"aspect-ratio:4\/3;object-fit:cover\"\/><\/figure>\n\n\n\n<div class=\"wp-block-group has-global-padding is-layout-constrained wp-container-core-group-is-layout-6ba3cb33 wp-block-group-is-layout-constrained\" style=\"min-height:65px;margin-top:-85px\">\n<div class=\"wp-block-group destacadocirculo has-base-background-color has-background is-layout-flow wp-container-core-group-is-layout-c803993c wp-block-group-is-layout-flow\" style=\"border-radius:10px;min-height:65px;padding-top:0;padding-right:var(--wp--preset--spacing--20);padding-left:var(--wp--preset--spacing--20)\">\n<p class=\"has-text-align-left has-large-font-size\" style=\"padding-top:var(--wp--preset--spacing--20);padding-bottom:var(--wp--preset--spacing--20)\"><a href=\"https:\/\/www.ccoocaixabank.net\/es\/promocion-profesional\/pruebas-de-capacitacion\/\"><strong>Oposiciones<\/strong><\/a><\/p>\n<\/div>\n<\/div>\n<\/div>\n<\/div>\n\n\n\n<div class=\"wp-block-column is-layout-flow wp-block-column-is-layout-flow\" style=\"padding-top:var(--wp--preset--spacing--20);padding-right:0;padding-bottom:var(--wp--preset--spacing--20);padding-left:0\">\n<div class=\"wp-block-group has-global-padding is-layout-constrained wp-block-group-is-layout-constrained\">\n<figure class=\"wp-block-image size-full advgb-dyn-ae1bc166\"><img decoding=\"async\" src=\"https:\/\/www.ccoocaixabank.net\/es\/wp-content\/themes\/ccoo-caixabank-es-2.0.0\/assets\/images\/mi-nomina.jpg\" alt=\"\" style=\"aspect-ratio:4\/3;object-fit:cover\"\/><\/figure>\n\n\n\n<div class=\"wp-block-group has-global-padding is-layout-constrained wp-container-core-group-is-layout-6ba3cb33 wp-block-group-is-layout-constrained\" style=\"min-height:65px;margin-top:-85px\">\n<div class=\"wp-block-group destacadocirculo has-base-background-color has-background is-layout-flow wp-container-core-group-is-layout-c803993c wp-block-group-is-layout-flow\" style=\"border-radius:10px;min-height:65px;padding-top:0;padding-right:var(--wp--preset--spacing--20);padding-left:var(--wp--preset--spacing--20)\">\n<p class=\"has-text-align-left has-large-font-size\" style=\"padding-top:var(--wp--preset--spacing--20);padding-bottom:var(--wp--preset--spacing--20)\"><strong><a href=\"https:\/\/www.ccoocaixabank.net\/es\/tu-salario\/nomina\/\" data-type=\"page\" data-id=\"11\">Mi n\u00f3mina<\/a><\/strong><\/p>\n<\/div>\n<\/div>\n<\/div>\n<\/div>\n\n\n\n<div class=\"wp-block-column is-layout-flow wp-block-column-is-layout-flow\" style=\"padding-top:var(--wp--preset--spacing--20);padding-right:0;padding-bottom:var(--wp--preset--spacing--20);padding-left:0\">\n<div class=\"wp-block-group has-global-padding is-layout-constrained wp-block-group-is-layout-constrained\">\n<figure class=\"wp-block-image size-full\"><img decoding=\"async\" src=\"https:\/\/www.ccoocaixabank.net\/es\/wp-content\/themes\/ccoo-caixabank-es-2.0.0\/assets\/images\/Plantilla-1280x960-7.jpg\" alt=\"\" class=\"\" style=\"aspect-ratio:4\/3;object-fit:cover\"\/><\/figure>\n\n\n\n<div class=\"wp-block-group has-global-padding is-layout-constrained wp-container-core-group-is-layout-6ba3cb33 wp-block-group-is-layout-constrained\" style=\"min-height:65px;margin-top:-85px\">\n<div class=\"wp-block-group destacadocirculo has-base-background-color has-background is-layout-flow wp-container-core-group-is-layout-c803993c wp-block-group-is-layout-flow\" style=\"border-radius:10px;min-height:65px;padding-top:0;padding-right:var(--wp--preset--spacing--20);padding-left:var(--wp--preset--spacing--20)\">\n<p class=\"has-text-align-left has-large-font-size\" style=\"padding-top:var(--wp--preset--spacing--20);padding-bottom:var(--wp--preset--spacing--20)\"><a href=\"https:\/\/www.ccoocaixabank.net\/es\/prevencion-prl\/\"><strong>Prevenci\u00f3n de riesgos<\/strong><\/a><\/p>\n<\/div>\n<\/div>\n<\/div>\n<\/div>\n<\/div>\n<\/div>\n","protected":false},"excerpt":{"rendered":"<p>Programa GC Se trata de un plan de desarrollo profesional que implica la gesti\u00f3n de una cartera de clientes. Los GCI son los empleadxs que gestionan una cartera de clientes y que han accedido a alguna de las plazas de GCI convocadas. Los GCII son los empleadxs que gestionan una cartera de clientes que definir\u00e1 [&hellip;]<\/p>\n","protected":false},"author":1,"featured_media":2476,"parent":38,"menu_order":2,"comment_status":"closed","ping_status":"closed","template":"","meta":{"advgb_blocks_editor_width":"","advgb_blocks_columns_visual_guide":"","editor_notices":[],"footnotes":""},"class_list":["post-41","page","type-page","status-publish","has-post-thumbnail","hentry"],"coauthors":[],"author_meta":{"author_link":"https:\/\/www.ccoocaixabank.net\/es\/author\/wpsysadmin\/","display_name":"wpsysadmin"},"relative_dates":{"created":"Publicado 2 a\u00f1os hace","modified":"Actualizado 9 meses hace"},"absolute_dates":{"created":"Publicado el 20 de junio de 2024","modified":"Actualizado el 22 de agosto de 2025"},"absolute_dates_time":{"created":"Publicado el 20 de junio de 2024 12:42","modified":"Actualizado el 22 de agosto de 2025 09:56"},"featured_img_caption":"","featured_img":"https:\/\/www.ccoocaixabank.net\/es\/wp-content\/uploads\/sites\/2\/2024\/09\/carrera-profesional.jpg","series_order":"","_links":{"self":[{"href":"https:\/\/www.ccoocaixabank.net\/es\/wp-json\/wp\/v2\/pages\/41","targetHints":{"allow":["GET"]}}],"collection":[{"href":"https:\/\/www.ccoocaixabank.net\/es\/wp-json\/wp\/v2\/pages"}],"about":[{"href":"https:\/\/www.ccoocaixabank.net\/es\/wp-json\/wp\/v2\/types\/page"}],"author":[{"embeddable":true,"href":"https:\/\/www.ccoocaixabank.net\/es\/wp-json\/wp\/v2\/users\/1"}],"replies":[{"embeddable":true,"href":"https:\/\/www.ccoocaixabank.net\/es\/wp-json\/wp\/v2\/comments?post=41"}],"version-history":[{"count":6,"href":"https:\/\/www.ccoocaixabank.net\/es\/wp-json\/wp\/v2\/pages\/41\/revisions"}],"predecessor-version":[{"id":3276,"href":"https:\/\/www.ccoocaixabank.net\/es\/wp-json\/wp\/v2\/pages\/41\/revisions\/3276"}],"up":[{"embeddable":true,"href":"https:\/\/www.ccoocaixabank.net\/es\/wp-json\/wp\/v2\/pages\/38"}],"wp:featuredmedia":[{"embeddable":true,"href":"https:\/\/www.ccoocaixabank.net\/es\/wp-json\/wp\/v2\/media\/2476"}],"wp:attachment":[{"href":"https:\/\/www.ccoocaixabank.net\/es\/wp-json\/wp\/v2\/media?parent=41"}],"curies":[{"name":"wp","href":"https:\/\/api.w.org\/{rel}","templated":true}]}}