{"id":46,"date":"2024-06-20T12:42:55","date_gmt":"2024-06-20T10:42:55","guid":{"rendered":"https:\/\/www.ccoocaixabank.net\/es\/?page_id=46"},"modified":"2025-08-22T10:01:47","modified_gmt":"2025-08-22T08:01:47","slug":"auditorias-y-sanciones","status":"publish","type":"page","link":"https:\/\/www.ccoocaixabank.net\/es\/auditorias-y-sanciones\/","title":{"rendered":"Auditor\u00edas y sanciones"},"content":{"rendered":"\n<div class=\"wp-block-columns is-layout-flex wp-container-core-columns-is-layout-65e523f9 wp-block-columns-is-layout-flex\">\n<div class=\"wp-block-column is-layout-flow wp-block-column-is-layout-flow\" style=\"flex-basis:60%\">\n<p>Como empleadx de CaixaBank, si eres objeto de una auditor\u00eda, tienes derecho a que el sindicato al que est\u00e1s afiliado est\u00e9 presente en el proceso sobre los hechos de los cuales pueda derivarse una sanci\u00f3n.<\/p>\n\n\n\n<p><strong>CCOO te garantizamos asesoramiento y protecci\u00f3n sindical y jur\u00eddica.<\/strong> Para ello, tienes nuestros servicios jur\u00eddicos: los propios de CCOO dentro y fuera de CaixaBank.<\/p>\n\n\n\n<p>El equipo lo componen especialistas en auditor\u00edas y expedientes disciplinarios que a su vez son plantilla de CaixaBank, y que han ejercido cargos de responsabilidad en la red de oficinas. Conocen no \u00fanicamente los aspectos legales sino tambi\u00e9n el funcionamiento del d\u00eda a d\u00eda en una oficina, y la normativa interna de CaixaBank. <strong>Este servicio es totalmente gratuito y exclusivo para las personas afiliadas.<\/strong><\/p>\n\n\n\n<p><strong>Si tienes alguna consulta o se presenta un problema relacionado con una Auditor\u00eda, contacta con el <a href=\"https:\/\/cloud.ccoocaixabank.net\/www\/aspnet\/tus_delegados.aspx\">delegado o delegada referente en tu centro de trabajo<\/a>.<\/strong><\/p>\n<\/div>\n\n\n\n<div class=\"wp-block-column is-layout-flow wp-block-column-is-layout-flow\" style=\"flex-basis:40%\">\n<div class=\"wp-block-group has-tertiary-background-color has-background has-global-padding is-layout-constrained wp-container-core-group-is-layout-15a16209 wp-block-group-is-layout-constrained\" style=\"border-style:none;border-width:0px;margin-top:var(--wp--preset--spacing--20);margin-bottom:var(--wp--preset--spacing--20);padding-top:20px;padding-right:20px;padding-bottom:20px;padding-left:20px\">\n<p class=\"has-text-align-center has-secondary-color has-text-color has-link-color has-medium-font-size wp-elements-a4549b14daeda51afb8deaa51a5d8718\"><em><br><\/em><strong><em><br>\u00bfConoces la publicaci\u00f3n de CCOO \u00ab<\/em>Pol\u00edtica Disciplinaria en CaixaBank\u00bb<em>?<\/em><\/strong><em><br>Queremos que conozcas la pol\u00edtica disciplinaria en nuestra entidad, no a trav\u00e9s de  las Normas Internas de CaixaBank, si no a partir de las experiencias de Auditor\u00eda y Sanciones acumuladas en los \u00faltimos a\u00f1os, por eso elaboramos una gu\u00eda de c\u00f3mo actuar en el d\u00eda a d\u00eda para minimizar el riesgo de un expediente laboral en el caso de ser objeto de una Auditor\u00eda.<\/em><\/p>\n\n\n\n<p class=\"has-text-align-center has-secondary-color has-text-color has-link-color has-medium-font-size wp-elements-a13c164bbdcddd735d4578705dd9ee3f\"><strong>Contacta con tu Delegado\/a de CCOO para que te facilite esta gu\u00eda.<\/strong><em><br><br>.<\/em><\/p>\n<\/div>\n<\/div>\n<\/div>\n\n\n\n<h2 class=\"wp-block-heading has-text-align-left with-underline has-xx-large-font-size\" id=\"accesos-destacados-d4e68aa1-727b-4251-8080-d91f72f92ffd\" style=\"margin-top:var(--wp--preset--spacing--30);padding-top:var(--wp--preset--spacing--40);padding-right:0;padding-bottom:var(--wp--preset--spacing--20);padding-left:0\">Tambi\u00e9n te puede interesar<\/h2>\n\n\n\n<div class=\"wp-block-group has-global-padding is-layout-constrained wp-block-group-is-layout-constrained\">\n<div class=\"wp-block-columns is-layout-flex wp-container-core-columns-is-layout-65e523f9 wp-block-columns-is-layout-flex\">\n<div class=\"wp-block-column is-layout-flow wp-container-core-column-is-layout-5f3b1f01 wp-block-column-is-layout-flow\" style=\"padding-top:var(--wp--preset--spacing--20);padding-right:0;padding-bottom:var(--wp--preset--spacing--20);padding-left:0\">\n<div class=\"wp-block-group has-global-padding is-layout-constrained wp-block-group-is-layout-constrained\">\n<figure class=\"wp-block-image size-full\"><img decoding=\"async\" src=\"https:\/\/www.ccoocaixabank.net\/es\/wp-content\/themes\/ccoo-caixabank-es-2.0.0\/assets\/images\/poliza-sanitaria.jpg\" alt=\"\" class=\"\" style=\"aspect-ratio:4\/3;object-fit:cover\" \/><\/figure>\n\n\n\n<div class=\"wp-block-group has-global-padding is-layout-constrained wp-container-core-group-is-layout-6ba3cb33 wp-block-group-is-layout-constrained\" style=\"min-height:65px;margin-top:-85px\">\n<div class=\"wp-block-group destacadocirculo has-base-background-color has-background is-layout-flow wp-container-core-group-is-layout-c803993c wp-block-group-is-layout-flow\" style=\"border-radius:10px;min-height:65px;padding-top:0;padding-right:var(--wp--preset--spacing--20);padding-left:var(--wp--preset--spacing--20)\">\n<p class=\"has-text-align-left has-large-font-size\" style=\"padding-top:var(--wp--preset--spacing--20);padding-bottom:var(--wp--preset--spacing--20)\"><a href=\"https:\/\/www.ccoocaixabank.net\/es\/beneficios-sociales\/poliza-sanitaria\/\"><strong>P\u00f3liza sanitaria Adeslas<\/strong><\/a><\/p>\n<\/div>\n<\/div>\n<\/div>\n<\/div>\n\n\n\n<div class=\"wp-block-column is-layout-flow wp-block-column-is-layout-flow\" style=\"padding-top:var(--wp--preset--spacing--20);padding-right:0;padding-bottom:var(--wp--preset--spacing--20);padding-left:0\">\n<div class=\"wp-block-group has-global-padding is-layout-constrained wp-block-group-is-layout-constrained\">\n<figure class=\"wp-block-image size-full\"><img decoding=\"async\" src=\"https:\/\/www.ccoocaixabank.net\/es\/wp-content\/themes\/ccoo-caixabank-es-2.0.0\/assets\/images\/permisos.jpg\" alt=\"\" class=\"\" style=\"aspect-ratio:4\/3;object-fit:cover\" \/><\/figure>\n\n\n\n<div class=\"wp-block-group has-global-padding is-layout-constrained wp-container-core-group-is-layout-6ba3cb33 wp-block-group-is-layout-constrained\" style=\"min-height:65px;margin-top:-85px\">\n<div class=\"wp-block-group destacadocirculo has-base-background-color has-background is-layout-flow wp-container-core-group-is-layout-c803993c wp-block-group-is-layout-flow\" style=\"border-radius:10px;min-height:65px;padding-top:0;padding-right:var(--wp--preset--spacing--20);padding-left:var(--wp--preset--spacing--20)\">\n<p class=\"has-text-align-left has-large-font-size\" style=\"padding-top:var(--wp--preset--spacing--20);padding-bottom:var(--wp--preset--spacing--20)\"><a href=\"https:\/\/www.ccoocaixabank.net\/es\/igualdad-y-conciliacion\/permisos\/\" data-type=\"page\" data-id=\"29\"><strong>Permisos<\/strong><\/a><\/p>\n<\/div>\n<\/div>\n<\/div>\n<\/div>\n\n\n\n<div class=\"wp-block-column is-layout-flow wp-block-column-is-layout-flow\" style=\"padding-top:var(--wp--preset--spacing--20);padding-right:0;padding-bottom:var(--wp--preset--spacing--20);padding-left:0\">\n<div class=\"wp-block-group has-global-padding is-layout-constrained wp-block-group-is-layout-constrained\">\n<figure class=\"wp-block-image size-full\"><img decoding=\"async\" src=\"https:\/\/www.ccoocaixabank.net\/es\/wp-content\/themes\/ccoo-caixabank-es-2.0.0\/assets\/images\/Plantilla-1280x960-7.jpg\" alt=\"\" class=\"\" style=\"aspect-ratio:4\/3;object-fit:cover\"\/><\/figure>\n\n\n\n<div class=\"wp-block-group has-global-padding is-layout-constrained wp-container-core-group-is-layout-6ba3cb33 wp-block-group-is-layout-constrained\" style=\"min-height:65px;margin-top:-85px\">\n<div class=\"wp-block-group destacadocirculo has-base-background-color has-background is-layout-flow wp-container-core-group-is-layout-c803993c wp-block-group-is-layout-flow\" style=\"border-radius:10px;min-height:65px;padding-top:0;padding-right:var(--wp--preset--spacing--20);padding-left:var(--wp--preset--spacing--20)\">\n<p class=\"has-text-align-left has-large-font-size\" style=\"padding-top:var(--wp--preset--spacing--20);padding-bottom:var(--wp--preset--spacing--20)\"><a href=\"https:\/\/www.ccoocaixabank.net\/es\/prevencion-prl\/\"><strong>Prevenci\u00f3n de riesgos<\/strong><\/a><\/p>\n<\/div>\n<\/div>\n<\/div>\n<\/div>\n<\/div>\n<\/div>\n","protected":false},"excerpt":{"rendered":"<p>Como empleadx de CaixaBank, si eres objeto de una auditor\u00eda, tienes derecho a que el sindicato al que est\u00e1s afiliado est\u00e9 presente en el proceso sobre los hechos de los cuales pueda derivarse una sanci\u00f3n. CCOO te garantizamos asesoramiento y protecci\u00f3n sindical y jur\u00eddica. Para ello, tienes nuestros servicios jur\u00eddicos: los propios de CCOO dentro [&hellip;]<\/p>\n","protected":false},"author":1,"featured_media":2483,"parent":0,"menu_order":60,"comment_status":"closed","ping_status":"closed","template":"","meta":{"advgb_blocks_editor_width":"","advgb_blocks_columns_visual_guide":"","editor_notices":[],"footnotes":""},"class_list":["post-46","page","type-page","status-publish","has-post-thumbnail","hentry"],"coauthors":[],"author_meta":{"author_link":"https:\/\/www.ccoocaixabank.net\/es\/author\/wpsysadmin\/","display_name":"wpsysadmin"},"relative_dates":{"created":"Publicado 2 a\u00f1os hace","modified":"Actualizado 9 meses hace"},"absolute_dates":{"created":"Publicado el 20 de junio de 2024","modified":"Actualizado el 22 de agosto de 2025"},"absolute_dates_time":{"created":"Publicado el 20 de junio de 2024 12:42","modified":"Actualizado el 22 de agosto de 2025 10:01"},"featured_img_caption":"","featured_img":"https:\/\/www.ccoocaixabank.net\/es\/wp-content\/uploads\/sites\/2\/2024\/09\/auditorias.jpg","series_order":"","_links":{"self":[{"href":"https:\/\/www.ccoocaixabank.net\/es\/wp-json\/wp\/v2\/pages\/46","targetHints":{"allow":["GET"]}}],"collection":[{"href":"https:\/\/www.ccoocaixabank.net\/es\/wp-json\/wp\/v2\/pages"}],"about":[{"href":"https:\/\/www.ccoocaixabank.net\/es\/wp-json\/wp\/v2\/types\/page"}],"author":[{"embeddable":true,"href":"https:\/\/www.ccoocaixabank.net\/es\/wp-json\/wp\/v2\/users\/1"}],"replies":[{"embeddable":true,"href":"https:\/\/www.ccoocaixabank.net\/es\/wp-json\/wp\/v2\/comments?post=46"}],"version-history":[{"count":7,"href":"https:\/\/www.ccoocaixabank.net\/es\/wp-json\/wp\/v2\/pages\/46\/revisions"}],"predecessor-version":[{"id":3522,"href":"https:\/\/www.ccoocaixabank.net\/es\/wp-json\/wp\/v2\/pages\/46\/revisions\/3522"}],"wp:featuredmedia":[{"embeddable":true,"href":"https:\/\/www.ccoocaixabank.net\/es\/wp-json\/wp\/v2\/media\/2483"}],"wp:attachment":[{"href":"https:\/\/www.ccoocaixabank.net\/es\/wp-json\/wp\/v2\/media?parent=46"}],"curies":[{"name":"wp","href":"https:\/\/api.w.org\/{rel}","templated":true}]}}