{"id":50,"date":"2024-06-20T12:43:59","date_gmt":"2024-06-20T10:43:59","guid":{"rendered":"https:\/\/www.ccoocaixabank.net\/es\/?page_id=50"},"modified":"2025-08-22T10:02:18","modified_gmt":"2025-08-22T08:02:18","slug":"salud-laboral","status":"publish","type":"page","link":"https:\/\/www.ccoocaixabank.net\/es\/prevencion-prl\/salud-laboral\/","title":{"rendered":"Salud laboral"},"content":{"rendered":"\n<p><strong>Nuestros delegados\/as te ayudan a proteger tu salud f\u00edsica y mental, la higiene y seguridad en el puesto de trabajo, cubriendo aspectos que van desde el estr\u00e9s a las condiciones de trabajo; en el \u00e1mbito de la empresa, de la sanidad o de las autoridades laborales.<\/strong><\/p>\n\n\n\n<p>La vigilancia de la salud de los trabajadores es una actividad preventiva que sirve para proteger la salud de los trabajadores, porque permite identificar fallos en el plan de prevenci\u00f3n.<\/p>\n\n\n\n<p>Vigilar significa estar atentos para evitar que ocurran cosas indeseadas. En el caso de la vigilancia de la salud de los trabajadores\/as, significa <strong>estar atentos<\/strong> para evitar que \u00e9sta se vea da\u00f1ada por las condiciones de trabajo.<\/p>\n\n\n\n<h2 class=\"wp-block-heading has-text-align-left with-underline has-xx-large-font-size\" id=\"accesos-destacados-d4e68aa1-727b-4251-8080-d91f72f92ffd\" style=\"margin-top:var(--wp--preset--spacing--30);padding-top:var(--wp--preset--spacing--40);padding-right:0;padding-bottom:var(--wp--preset--spacing--20);padding-left:0\">Tambi\u00e9n te puede interesar<\/h2>\n\n\n\n<div class=\"wp-block-group has-global-padding is-layout-constrained wp-block-group-is-layout-constrained\">\n<div class=\"wp-block-columns is-layout-flex wp-container-core-columns-is-layout-65e523f9 wp-block-columns-is-layout-flex\">\n<div class=\"wp-block-column is-layout-flow wp-container-core-column-is-layout-5f3b1f01 wp-block-column-is-layout-flow\" style=\"padding-top:var(--wp--preset--spacing--20);padding-right:0;padding-bottom:var(--wp--preset--spacing--20);padding-left:0\">\n<div class=\"wp-block-group has-global-padding is-layout-constrained wp-block-group-is-layout-constrained\">\n<figure class=\"wp-block-image size-full\"><img decoding=\"async\" src=\"https:\/\/www.ccoocaixabank.net\/es\/wp-content\/themes\/ccoo-caixabank-es-2.0.0\/assets\/images\/poliza-sanitaria.jpg\" alt=\"\" class=\"\" style=\"aspect-ratio:4\/3;object-fit:cover\" \/><\/figure>\n\n\n\n<div class=\"wp-block-group has-global-padding is-layout-constrained wp-container-core-group-is-layout-6ba3cb33 wp-block-group-is-layout-constrained\" style=\"min-height:65px;margin-top:-85px\">\n<div class=\"wp-block-group destacadocirculo has-base-background-color has-background is-layout-flow wp-container-core-group-is-layout-c803993c wp-block-group-is-layout-flow\" style=\"border-radius:10px;min-height:65px;padding-top:0;padding-right:var(--wp--preset--spacing--20);padding-left:var(--wp--preset--spacing--20)\">\n<p class=\"has-text-align-left has-large-font-size\" style=\"padding-top:var(--wp--preset--spacing--20);padding-bottom:var(--wp--preset--spacing--20)\"><a href=\"https:\/\/www.ccoocaixabank.net\/es\/beneficios-sociales\/poliza-sanitaria\/\"><strong>P\u00f3liza sanitaria Adeslas<\/strong><\/a><\/p>\n<\/div>\n<\/div>\n<\/div>\n<\/div>\n\n\n\n<div class=\"wp-block-column is-layout-flow wp-block-column-is-layout-flow\" style=\"padding-top:var(--wp--preset--spacing--20);padding-right:0;padding-bottom:var(--wp--preset--spacing--20);padding-left:0\">\n<div class=\"wp-block-group has-global-padding is-layout-constrained wp-block-group-is-layout-constrained\">\n<figure class=\"wp-block-image size-full\"><img decoding=\"async\" src=\"https:\/\/www.ccoocaixabank.net\/es\/wp-content\/themes\/ccoo-caixabank-es-2.0.0\/assets\/images\/igualdad-y-conciliacion.jpg\" alt=\"\" class=\"\" style=\"aspect-ratio:4\/3;object-fit:cover\"\/><\/figure>\n\n\n\n<div class=\"wp-block-group has-global-padding is-layout-constrained wp-container-core-group-is-layout-6ba3cb33 wp-block-group-is-layout-constrained\" style=\"min-height:65px;margin-top:-85px\">\n<div class=\"wp-block-group destacadocirculo has-base-background-color has-background is-layout-flow wp-container-core-group-is-layout-c803993c wp-block-group-is-layout-flow\" style=\"border-radius:10px;min-height:65px;padding-top:0;padding-right:var(--wp--preset--spacing--20);padding-left:var(--wp--preset--spacing--20)\">\n<p class=\"has-text-align-left has-large-font-size\" style=\"padding-top:var(--wp--preset--spacing--20);padding-bottom:var(--wp--preset--spacing--20)\"><strong><a href=\"https:\/\/www.ccoocaixabank.net\/es\/igualdad-y-conciliacion\/\">Igualdad y conciliaci\u00f3n<\/a><\/strong><\/p>\n<\/div>\n<\/div>\n<\/div>\n<\/div>\n\n\n\n<div class=\"wp-block-column is-layout-flow wp-block-column-is-layout-flow\" style=\"padding-top:var(--wp--preset--spacing--20);padding-right:0;padding-bottom:var(--wp--preset--spacing--20);padding-left:0\">\n<div class=\"wp-block-group has-global-padding is-layout-constrained wp-block-group-is-layout-constrained\">\n<figure class=\"wp-block-image size-full\"><img decoding=\"async\" src=\"https:\/\/www.ccoocaixabank.net\/es\/wp-content\/themes\/ccoo-caixabank-es-2.0.0\/assets\/images\/Planes-Pensiones.jpg\" alt=\"\" class=\"\" style=\"aspect-ratio:4\/3;object-fit:cover\"\/><\/figure>\n\n\n\n<div class=\"wp-block-group has-global-padding is-layout-constrained wp-container-core-group-is-layout-6ba3cb33 wp-block-group-is-layout-constrained\" style=\"min-height:65px;margin-top:-85px\">\n<div class=\"wp-block-group destacadocirculo has-base-background-color has-background is-layout-flow wp-container-core-group-is-layout-c803993c wp-block-group-is-layout-flow\" style=\"border-radius:10px;min-height:65px;padding-top:0;padding-right:var(--wp--preset--spacing--20);padding-left:var(--wp--preset--spacing--20)\">\n<p class=\"has-text-align-left has-large-font-size\" style=\"padding-top:var(--wp--preset--spacing--20);padding-bottom:var(--wp--preset--spacing--20)\"><a href=\"https:\/\/www.ccoocaixabank.net\/es\/beneficios-sociales\/prevision-social\/\"><strong>Plan de Pensiones<\/strong><\/a><\/p>\n<\/div>\n<\/div>\n<\/div>\n<\/div>\n<\/div>\n<\/div>\n","protected":false},"excerpt":{"rendered":"<p>Nuestros delegados\/as te ayudan a proteger tu salud f\u00edsica y mental, la higiene y seguridad en el puesto de trabajo, cubriendo aspectos que van desde el estr\u00e9s a las condiciones de trabajo; en el \u00e1mbito de la empresa, de la sanidad o de las autoridades laborales. La vigilancia de la salud de los trabajadores es [&hellip;]<\/p>\n","protected":false},"author":1,"featured_media":2489,"parent":48,"menu_order":1,"comment_status":"closed","ping_status":"closed","template":"","meta":{"advgb_blocks_editor_width":"","advgb_blocks_columns_visual_guide":"","editor_notices":[],"footnotes":""},"class_list":["post-50","page","type-page","status-publish","has-post-thumbnail","hentry"],"coauthors":[],"author_meta":{"author_link":"https:\/\/www.ccoocaixabank.net\/es\/author\/wpsysadmin\/","display_name":"wpsysadmin"},"relative_dates":{"created":"Publicado 2 a\u00f1os hace","modified":"Actualizado 8 meses hace"},"absolute_dates":{"created":"Publicado el 20 de junio de 2024","modified":"Actualizado el 22 de agosto de 2025"},"absolute_dates_time":{"created":"Publicado el 20 de junio de 2024 12:43","modified":"Actualizado el 22 de agosto de 2025 10:02"},"featured_img_caption":"","featured_img":"https:\/\/www.ccoocaixabank.net\/es\/wp-content\/uploads\/sites\/2\/2024\/09\/salud-laboral.jpg","series_order":"","_links":{"self":[{"href":"https:\/\/www.ccoocaixabank.net\/es\/wp-json\/wp\/v2\/pages\/50","targetHints":{"allow":["GET"]}}],"collection":[{"href":"https:\/\/www.ccoocaixabank.net\/es\/wp-json\/wp\/v2\/pages"}],"about":[{"href":"https:\/\/www.ccoocaixabank.net\/es\/wp-json\/wp\/v2\/types\/page"}],"author":[{"embeddable":true,"href":"https:\/\/www.ccoocaixabank.net\/es\/wp-json\/wp\/v2\/users\/1"}],"replies":[{"embeddable":true,"href":"https:\/\/www.ccoocaixabank.net\/es\/wp-json\/wp\/v2\/comments?post=50"}],"version-history":[{"count":7,"href":"https:\/\/www.ccoocaixabank.net\/es\/wp-json\/wp\/v2\/pages\/50\/revisions"}],"predecessor-version":[{"id":3605,"href":"https:\/\/www.ccoocaixabank.net\/es\/wp-json\/wp\/v2\/pages\/50\/revisions\/3605"}],"up":[{"embeddable":true,"href":"https:\/\/www.ccoocaixabank.net\/es\/wp-json\/wp\/v2\/pages\/48"}],"wp:featuredmedia":[{"embeddable":true,"href":"https:\/\/www.ccoocaixabank.net\/es\/wp-json\/wp\/v2\/media\/2489"}],"wp:attachment":[{"href":"https:\/\/www.ccoocaixabank.net\/es\/wp-json\/wp\/v2\/media?parent=50"}],"curies":[{"name":"wp","href":"https:\/\/api.w.org\/{rel}","templated":true}]}}