{"id":53,"date":"2024-06-20T12:44:41","date_gmt":"2024-06-20T10:44:41","guid":{"rendered":"https:\/\/www.ccoocaixabank.net\/es\/?page_id=53"},"modified":"2025-08-22T10:02:29","modified_gmt":"2025-08-22T08:02:29","slug":"psicosociales","status":"publish","type":"page","link":"https:\/\/www.ccoocaixabank.net\/es\/prevencion-prl\/psicosociales\/","title":{"rendered":"Psicosociales"},"content":{"rendered":"\n<div class=\"wp-block-group has-tertiary-background-color has-background is-layout-flow wp-container-core-group-is-layout-768176b3 wp-block-group-is-layout-flow\" style=\"border-style:none;border-width:0px;margin-top:var(--wp--preset--spacing--20);margin-bottom:var(--wp--preset--spacing--20);padding-top:20px;padding-right:20px;padding-bottom:20px;padding-left:20px\">\n<p class=\"has-text-align-center has-secondary-color has-text-color has-link-color has-large-font-size wp-elements-8a4ab40bdce90a16b61fce271b6b88c7\"><strong>Para CCOO CaixaBank, las condiciones laborales en las que trabaja la plantilla, el bienestar diario y su salud, es lo m\u00e1s importante.<\/strong><\/p>\n<\/div>\n\n\n\n<p><strong>La organizaci\u00f3n del trabajo<\/strong>, la <strong>desmesurada presi\u00f3n comercial <\/strong>y el <strong>clima laboral<\/strong> que vivimos diariamente, tienen <strong>efectos directos sobre nuestra salud <\/strong>y se manifiestan a trav\u00e9s del <strong>estr\u00e9s<\/strong>, influyendo a <strong>corto plazo<\/strong> en la salud, tanto <strong>f\u00edsica como mental y social<\/strong>, en aspectos como:<\/p>\n\n\n\n<ul class=\"wp-block-list\">\n<li>Ansiedad, depresi\u00f3n, alienaci\u00f3n, apat\u00eda.<\/li>\n\n\n\n<li>Tener dificultades para acordarse de las cosas, para pensar de forma clara, no poder concentrarse, ni tomar decisiones.<\/li>\n\n\n\n<li>No tener ganas de hablar con nadie, de estar con gente, sentirse agobiado, no poder dormir bien, comer compulsivamente, abusar del alcohol, tabaco.<\/li>\n\n\n\n<li>Problemas de est\u00f3mago, dolor en el pecho, tensi\u00f3n en los m\u00fasculos, dolor de cabeza, sudar m\u00e1s, marearse, falta de aire.<\/li>\n<\/ul>\n\n\n\n<p>A <strong>largo plazo<\/strong>, dependiendo de la intensidad, frecuencia y duraci\u00f3n, la <strong>exposici\u00f3n a estos riesgos psicosociales <\/strong>puede derivar en <strong>enfermedades graves<\/strong> de tipo cardiovascular,  respiratorias, inmunitarias, gastrointestinales, etc. y tambi\u00e9n de salud mental.<\/p>\n\n\n\n<p><strong>CCOO hemos transmitido <\/strong>en innumerables ocasiones a la Direcci\u00f3n <strong>propuestas concretas <\/strong>y tangibles que permitan una mejora en el <strong>deteriorado clima laboral <\/strong>y que reduzcan los<strong> factores de riesgo <\/strong>que est\u00e1n poniendo en<strong> serio peligro nuestra salud f\u00edsica y mental:<\/strong> ajustes en la carga de trabajo, mejora inmediata de los protocolos de sustituci\u00f3n de ausencias, respeto a los tiempos de trabajo (agendas, consecuci\u00f3n de retos con planificaci\u00f3n por periodos completos), trabajo en remoto rotativo, desarrollo de formaci\u00f3n durante la jornada, etc.<\/p>\n\n\n\n<div class=\"wp-block-group has-tertiary-background-color has-background is-layout-flow wp-container-core-group-is-layout-768176b3 wp-block-group-is-layout-flow\" style=\"border-style:none;border-width:0px;margin-top:var(--wp--preset--spacing--20);margin-bottom:var(--wp--preset--spacing--20);padding-top:20px;padding-right:20px;padding-bottom:20px;padding-left:20px\">\n<p class=\"has-text-align-center has-secondary-color has-text-color has-link-color has-medium-font-size wp-elements-607ba1694b21fd4a902126b17088e685\"><strong>Gracias a la demanda que CCOO ganamos en solitario en el Tribunal Supremo,<\/strong><\/p>\n\n\n\n<p class=\"has-text-align-center has-secondary-color has-text-color has-link-color has-medium-font-size wp-elements-a5b6c7f1e89fffef172c62aa5509eb31\"><strong>las evaluaciones de riesgos psicosociales obligadas a realizar en CaixaBank determinan legalmente<br>varios factores de riesgo psicosocial por encima de lo soportable<\/strong>, <strong>y as\u00ed lo ha trasladado la plantilla a la Direcci\u00f3n<\/strong><\/p>\n\n\n\n<p class=\"has-text-align-center has-secondary-color has-text-color has-link-color has-medium-font-size wp-elements-c5253b680cbf9503391550a1a6f79da8\"><strong>a trav\u00e9s de la encuesta de Evaluaci\u00f3n de Riesgos Psicosociales<\/strong>.<\/p>\n<\/div>\n\n\n\n<p><strong>Si la presi\u00f3n comercial est\u00e1 afectando a tu salud, !!DEN\u00daNCIALO!!! Contacta con tu delegada\/o de CCOO CaixaBank que visita tu\u00a0centro de trabajo.<\/strong><\/p>\n\n\n\n<h2 class=\"wp-block-heading has-text-align-left with-underline has-xx-large-font-size\" id=\"accesos-destacados-d4e68aa1-727b-4251-8080-d91f72f92ffd\" style=\"margin-top:var(--wp--preset--spacing--30);padding-top:var(--wp--preset--spacing--40);padding-right:0;padding-bottom:var(--wp--preset--spacing--20);padding-left:0\">Tambi\u00e9n te puede interesar<\/h2>\n\n\n\n<div class=\"wp-block-group has-global-padding is-layout-constrained wp-block-group-is-layout-constrained\">\n<div class=\"wp-block-columns is-layout-flex wp-container-core-columns-is-layout-65e523f9 wp-block-columns-is-layout-flex\">\n<div class=\"wp-block-column is-layout-flow wp-container-core-column-is-layout-5f3b1f01 wp-block-column-is-layout-flow\" style=\"padding-top:var(--wp--preset--spacing--20);padding-right:0;padding-bottom:var(--wp--preset--spacing--20);padding-left:0\">\n<div class=\"wp-block-group has-global-padding is-layout-constrained wp-block-group-is-layout-constrained\">\n<figure class=\"wp-block-image size-full\"><img decoding=\"async\" src=\"https:\/\/www.ccoocaixabank.net\/es\/wp-content\/themes\/ccoo-caixabank-es-2.0.0\/assets\/images\/poliza-sanitaria.jpg\" alt=\"\" class=\"\" style=\"aspect-ratio:4\/3;object-fit:cover\" \/><\/figure>\n\n\n\n<div class=\"wp-block-group has-global-padding is-layout-constrained wp-container-core-group-is-layout-6ba3cb33 wp-block-group-is-layout-constrained\" style=\"min-height:65px;margin-top:-85px\">\n<div class=\"wp-block-group destacadocirculo has-base-background-color has-background is-layout-flow wp-container-core-group-is-layout-c803993c wp-block-group-is-layout-flow\" style=\"border-radius:10px;min-height:65px;padding-top:0;padding-right:var(--wp--preset--spacing--20);padding-left:var(--wp--preset--spacing--20)\">\n<p class=\"has-text-align-left has-large-font-size\" style=\"padding-top:var(--wp--preset--spacing--20);padding-bottom:var(--wp--preset--spacing--20)\"><a href=\"https:\/\/www.ccoocaixabank.net\/es\/beneficios-sociales\/poliza-sanitaria\/\"><strong>P\u00f3liza sanitaria Adeslas<\/strong><\/a><\/p>\n<\/div>\n<\/div>\n<\/div>\n<\/div>\n\n\n\n<div class=\"wp-block-column is-layout-flow wp-block-column-is-layout-flow\" style=\"padding-top:var(--wp--preset--spacing--20);padding-right:0;padding-bottom:var(--wp--preset--spacing--20);padding-left:0\">\n<div class=\"wp-block-group has-global-padding is-layout-constrained wp-block-group-is-layout-constrained\">\n<figure class=\"wp-block-image size-full\"><img decoding=\"async\" src=\"https:\/\/www.ccoocaixabank.net\/es\/wp-content\/themes\/ccoo-caixabank-es-2.0.0\/assets\/images\/permisos.jpg\" alt=\"\" class=\"\" style=\"aspect-ratio:4\/3;object-fit:cover\" \/><\/figure>\n\n\n\n<div class=\"wp-block-group has-global-padding is-layout-constrained wp-container-core-group-is-layout-6ba3cb33 wp-block-group-is-layout-constrained\" style=\"min-height:65px;margin-top:-85px\">\n<div class=\"wp-block-group destacadocirculo has-base-background-color has-background is-layout-flow wp-container-core-group-is-layout-c803993c wp-block-group-is-layout-flow\" style=\"border-radius:10px;min-height:65px;padding-top:0;padding-right:var(--wp--preset--spacing--20);padding-left:var(--wp--preset--spacing--20)\">\n<p class=\"has-text-align-left has-large-font-size\" style=\"padding-top:var(--wp--preset--spacing--20);padding-bottom:var(--wp--preset--spacing--20)\"><a href=\"https:\/\/www.ccoocaixabank.net\/es\/igualdad-y-conciliacion\/permisos\/\" data-type=\"page\" data-id=\"29\"><strong>Permisos<\/strong><\/a><\/p>\n<\/div>\n<\/div>\n<\/div>\n<\/div>\n\n\n\n<div class=\"wp-block-column is-layout-flow wp-block-column-is-layout-flow\" style=\"padding-top:var(--wp--preset--spacing--20);padding-right:0;padding-bottom:var(--wp--preset--spacing--20);padding-left:0\">\n<div class=\"wp-block-group has-global-padding is-layout-constrained wp-block-group-is-layout-constrained\">\n<figure class=\"wp-block-image size-full\"><a href=\"https:\/\/www.ccoocaixabank.net\/es\/beneficios-sociales\/\"><img loading=\"lazy\" decoding=\"async\" width=\"1280\" height=\"960\" src=\"https:\/\/www.ccoocaixabank.net\/es\/wp-content\/uploads\/sites\/2\/2024\/08\/beneficios-sociales.jpg\" alt=\"\" class=\"wp-image-2381\" style=\"aspect-ratio:4\/3;object-fit:cover\" srcset=\"https:\/\/www.ccoocaixabank.net\/es\/wp-content\/uploads\/sites\/2\/2024\/08\/beneficios-sociales.jpg 1280w, https:\/\/www.ccoocaixabank.net\/es\/wp-content\/uploads\/sites\/2\/2024\/08\/beneficios-sociales-512x384.jpg 512w, https:\/\/www.ccoocaixabank.net\/es\/wp-content\/uploads\/sites\/2\/2024\/08\/beneficios-sociales-768x576.jpg 768w\" sizes=\"auto, (max-width: 1280px) 100vw, 1280px\" \/><\/a><\/figure>\n\n\n\n<div class=\"wp-block-group has-global-padding is-layout-constrained wp-container-core-group-is-layout-6ba3cb33 wp-block-group-is-layout-constrained\" style=\"min-height:65px;margin-top:-85px\">\n<div class=\"wp-block-group destacadocirculo has-base-background-color has-background is-layout-flow wp-container-core-group-is-layout-c803993c wp-block-group-is-layout-flow\" style=\"border-radius:10px;min-height:65px;padding-top:0;padding-right:var(--wp--preset--spacing--20);padding-left:var(--wp--preset--spacing--20)\">\n<p class=\"has-text-align-left has-large-font-size\" style=\"padding-top:var(--wp--preset--spacing--20);padding-bottom:var(--wp--preset--spacing--20)\"><a href=\"https:\/\/www.ccoocaixabank.net\/es\/igualdad-y-conciliacion\/\"><strong>Beneficios sociales<\/strong><\/a><\/p>\n<\/div>\n<\/div>\n<\/div>\n<\/div>\n<\/div>\n<\/div>\n","protected":false},"excerpt":{"rendered":"<p>Para CCOO CaixaBank, las condiciones laborales en las que trabaja la plantilla, el bienestar diario y su salud, es lo m\u00e1s importante. La organizaci\u00f3n del trabajo, la desmesurada presi\u00f3n comercial y el clima laboral que vivimos diariamente, tienen efectos directos sobre nuestra salud y se manifiestan a trav\u00e9s del estr\u00e9s, influyendo a corto plazo en [&hellip;]<\/p>\n","protected":false},"author":1,"featured_media":2492,"parent":48,"menu_order":4,"comment_status":"closed","ping_status":"closed","template":"","meta":{"advgb_blocks_editor_width":"","advgb_blocks_columns_visual_guide":"","editor_notices":[],"footnotes":""},"class_list":["post-53","page","type-page","status-publish","has-post-thumbnail","hentry"],"coauthors":[],"author_meta":{"author_link":"https:\/\/www.ccoocaixabank.net\/es\/author\/wpsysadmin\/","display_name":"wpsysadmin"},"relative_dates":{"created":"Publicado 2 a\u00f1os hace","modified":"Actualizado 8 meses hace"},"absolute_dates":{"created":"Publicado el 20 de junio de 2024","modified":"Actualizado el 22 de agosto de 2025"},"absolute_dates_time":{"created":"Publicado el 20 de junio de 2024 12:44","modified":"Actualizado el 22 de agosto de 2025 10:02"},"featured_img_caption":"","featured_img":"https:\/\/www.ccoocaixabank.net\/es\/wp-content\/uploads\/sites\/2\/2024\/09\/psicosocial.jpg","series_order":"","_links":{"self":[{"href":"https:\/\/www.ccoocaixabank.net\/es\/wp-json\/wp\/v2\/pages\/53","targetHints":{"allow":["GET"]}}],"collection":[{"href":"https:\/\/www.ccoocaixabank.net\/es\/wp-json\/wp\/v2\/pages"}],"about":[{"href":"https:\/\/www.ccoocaixabank.net\/es\/wp-json\/wp\/v2\/types\/page"}],"author":[{"embeddable":true,"href":"https:\/\/www.ccoocaixabank.net\/es\/wp-json\/wp\/v2\/users\/1"}],"replies":[{"embeddable":true,"href":"https:\/\/www.ccoocaixabank.net\/es\/wp-json\/wp\/v2\/comments?post=53"}],"version-history":[{"count":5,"href":"https:\/\/www.ccoocaixabank.net\/es\/wp-json\/wp\/v2\/pages\/53\/revisions"}],"predecessor-version":[{"id":3537,"href":"https:\/\/www.ccoocaixabank.net\/es\/wp-json\/wp\/v2\/pages\/53\/revisions\/3537"}],"up":[{"embeddable":true,"href":"https:\/\/www.ccoocaixabank.net\/es\/wp-json\/wp\/v2\/pages\/48"}],"wp:featuredmedia":[{"embeddable":true,"href":"https:\/\/www.ccoocaixabank.net\/es\/wp-json\/wp\/v2\/media\/2492"}],"wp:attachment":[{"href":"https:\/\/www.ccoocaixabank.net\/es\/wp-json\/wp\/v2\/media?parent=53"}],"curies":[{"name":"wp","href":"https:\/\/api.w.org\/{rel}","templated":true}]}}