{"id":60,"date":"2024-06-20T12:50:07","date_gmt":"2024-06-20T10:50:07","guid":{"rendered":"https:\/\/www.ccoocaixabank.net\/es\/?page_id=60"},"modified":"2025-08-22T10:02:31","modified_gmt":"2025-08-22T08:02:31","slug":"quienes-somos","status":"publish","type":"page","link":"https:\/\/www.ccoocaixabank.net\/es\/quienes-somos\/","title":{"rendered":"Qui\u00e9nes somos"},"content":{"rendered":"\n<p>En la Secci\u00f3n Sindical de CCOO <strong>somos m\u00e1s de 15.000 personas afiliadas<\/strong>, superando el 50% de la plantilla, con implantaci\u00f3n en todos los niveles, funciones y territorios. La distribuci\u00f3n de la afiliaci\u00f3n es de un 46% de personas con cargo y un 54% sin.<\/p>\n\n\n\n<p>CCOO somos un sindicato y <strong>un gran equipo de personas, comprometido, serio, exigente,<\/strong> con una trayectoria de muchos a\u00f1os en la que hemos participado activamente en la construcci\u00f3n de acuerdos y normativa de CaixaBank de aplicaci\u00f3n para toda la plantilla de la entidad. En CCOO CaixaBank, hemos trabajado para conseguir mejorar las actuales condiciones de la plantilla, y somos totalmente independientes de la Direcci\u00f3n, trabajamos por y para los\/as empleados\/as de CaixaBank.<\/p>\n\n\n\n<p><strong>CCOO somos un sindicato \u00fatil y pr\u00f3ximo<\/strong> a ti en todos los territorios, oficinas, edificios corporativos y centros de trabajo. Como afiliado\/a, no dudes en contactar con nosotros y nosotras para cualquier consulta o tema que sea de tu inter\u00e9s.<\/p>\n\n\n\n<p>Tu confianza y compromiso hace que seamos el <strong>primer sindicato del pa\u00eds<\/strong> en n\u00famero de personas afiliadas y en representantes elegidxs en las elecciones sindicales.<\/p>\n","protected":false},"excerpt":{"rendered":"<p>En la Secci\u00f3n Sindical de CCOO somos m\u00e1s de 15.000 personas afiliadas, superando el 50% de la plantilla, con implantaci\u00f3n en todos los niveles, funciones y territorios. La distribuci\u00f3n de la afiliaci\u00f3n es de un 46% de personas con cargo y un 54% sin. CCOO somos un sindicato y un gran equipo de personas, comprometido, [&hellip;]<\/p>\n","protected":false},"author":1,"featured_media":2917,"parent":0,"menu_order":100,"comment_status":"closed","ping_status":"closed","template":"","meta":{"advgb_blocks_editor_width":"","advgb_blocks_columns_visual_guide":"","editor_notices":[],"footnotes":""},"class_list":["post-60","page","type-page","status-publish","has-post-thumbnail","hentry"],"coauthors":[],"author_meta":{"author_link":"https:\/\/www.ccoocaixabank.net\/es\/author\/wpsysadmin\/","display_name":"wpsysadmin"},"relative_dates":{"created":"Publicado 2 a\u00f1os hace","modified":"Actualizado 9 meses hace"},"absolute_dates":{"created":"Publicado el 20 de junio de 2024","modified":"Actualizado el 22 de agosto de 2025"},"absolute_dates_time":{"created":"Publicado el 20 de junio de 2024 12:50","modified":"Actualizado el 22 de agosto de 2025 10:02"},"featured_img_caption":"","featured_img":"https:\/\/www.ccoocaixabank.net\/es\/wp-content\/uploads\/sites\/2\/2024\/09\/QUIENES-SOMOS-1.jpg","series_order":"","_links":{"self":[{"href":"https:\/\/www.ccoocaixabank.net\/es\/wp-json\/wp\/v2\/pages\/60","targetHints":{"allow":["GET"]}}],"collection":[{"href":"https:\/\/www.ccoocaixabank.net\/es\/wp-json\/wp\/v2\/pages"}],"about":[{"href":"https:\/\/www.ccoocaixabank.net\/es\/wp-json\/wp\/v2\/types\/page"}],"author":[{"embeddable":true,"href":"https:\/\/www.ccoocaixabank.net\/es\/wp-json\/wp\/v2\/users\/1"}],"replies":[{"embeddable":true,"href":"https:\/\/www.ccoocaixabank.net\/es\/wp-json\/wp\/v2\/comments?post=60"}],"version-history":[{"count":6,"href":"https:\/\/www.ccoocaixabank.net\/es\/wp-json\/wp\/v2\/pages\/60\/revisions"}],"predecessor-version":[{"id":3404,"href":"https:\/\/www.ccoocaixabank.net\/es\/wp-json\/wp\/v2\/pages\/60\/revisions\/3404"}],"wp:featuredmedia":[{"embeddable":true,"href":"https:\/\/www.ccoocaixabank.net\/es\/wp-json\/wp\/v2\/media\/2917"}],"wp:attachment":[{"href":"https:\/\/www.ccoocaixabank.net\/es\/wp-json\/wp\/v2\/media?parent=60"}],"curies":[{"name":"wp","href":"https:\/\/api.w.org\/{rel}","templated":true}]}}