{"id":86,"date":"2024-06-20T13:11:11","date_gmt":"2024-06-20T11:11:11","guid":{"rendered":"https:\/\/www.ccoocaixabank.net\/es\/?page_id=86"},"modified":"2026-03-12T10:34:49","modified_gmt":"2026-03-12T09:34:49","slug":"por-ser-de-ccoo","status":"publish","type":"page","link":"https:\/\/www.ccoocaixabank.net\/es\/por-ser-de-ccoo\/","title":{"rendered":"Por ser de CCOO"},"content":{"rendered":"\n<p><\/p>\n\n\n\n<p class=\"has-secondary-color has-text-color has-link-color has-large-font-size wp-elements-258c1f9e441bdd2acc11f96b6fd49d45\"><strong>Tu afiliaci\u00f3n te da m\u00e1s<\/strong><\/p>\n\n\n\n<p>Como afiliado\/a ,adem\u00e1s de la persona que representa a CCOO en tu centro de trabajo, tienes tambi\u00e9n a tu disposici\u00f3n a toda la organizaci\u00f3n de CCOO, con equipos especializados dentro y fuera de CaixaBank que te acompa\u00f1aremos, asesoraremos y resolveremos tus dudas e incidencias en cualquier materia laboral. Entre ellas:<\/p>\n\n\n\n<ul class=\"wp-block-list\">\n<li>Expedientes disciplinarios, Auditorias, Planes de Mejora y Evaluaciones.<\/li>\n\n\n\n<li>Beneficios sociales y pr\u00e9stamos.<\/li>\n\n\n\n<li>Promociones y carreras profesionales.<\/li>\n\n\n\n<li>Conciliaci\u00f3n y permisos.<\/li>\n\n\n\n<li>Salud Laboral.<\/li>\n\n\n\n<li>Temas profesionales (Formaci\u00f3n en CaixaBank y Defensa de tu Profesionalidad).<\/li>\n\n\n\n<li>Seguridad Social y N\u00f3minas.<\/li>\n\n\n\n<li>Asesor\u00eda Jur\u00eddico Laboral (demandas individuales y colectivas).<\/li>\n\n\n\n<li>Fiscalidad laboral.<\/li>\n\n\n\n<li>Y cualquier otro tema laboral que te afecte.<\/li>\n<\/ul>\n\n\n\n<p><strong>Contacta con tu Delegado\/a para cualquier consulta que tengas, y como afiliado\/a te daremos un asesoramiento exclusivo.<\/strong><\/p>\n\n\n\n<p><\/p>\n\n\n\n<p><\/p>\n\n\n\n<div class=\"wp-block-columns is-layout-flex wp-container-core-columns-is-layout-265adf8a wp-block-columns-is-layout-flex\" style=\"margin-bottom:var(--wp--preset--spacing--80)\">\n<div class=\"wp-block-column is-layout-flow wp-container-core-column-is-layout-800b885c wp-block-column-is-layout-flow\" style=\"padding-top:var(--wp--preset--spacing--20);padding-right:0;padding-bottom:var(--wp--preset--spacing--20);padding-left:0\">\n<div class=\"wp-block-group grafismotop has-tertiary-background-color has-background has-global-padding is-layout-constrained wp-container-core-group-is-layout-12243e0f wp-block-group-is-layout-constrained\" style=\"min-height:256px\">\n<p class=\"has-text-align-left nolinkunderline has-contrast-color has-text-color has-link-color has-large-font-size wp-elements-86ab63c393dceff09f02172dbd73df2f\" style=\"margin-bottom:var(--wp--preset--spacing--20);padding-top:128px;padding-right:0;padding-left:var(--wp--preset--spacing--20)\"><strong><a href=\"https:\/\/www.ccoocaixabank.net\/es\/por-ser-de-ccoo\/formacion-con-ccoo\/\" target=\"_blank\" rel=\"noreferrer noopener\">Formaci\u00f3n con CCOO<\/a><\/strong><\/p>\n\n\n\n<div class=\"wp-block-group has-global-padding is-content-justification-left is-layout-constrained wp-container-core-group-is-layout-ae1fc0fc wp-block-group-is-layout-constrained\" style=\"padding-top:0;padding-right:0;padding-bottom:0;padding-left:var(--wp--preset--spacing--20)\">\n<figure class=\"wp-block-image size-large is-resized ccoocirculoblanco\"><a href=\"https:\/\/www.ccoocaixabank.net\/es\/formacion-con-ccoo\/\"><img decoding=\"async\" src=\"\/wp-content\/themes\/ccoo2\/assets\/svg\/circulo1a.svg\" alt=\"\" style=\"width:45px\"\/><\/a><\/figure>\n<\/div>\n<\/div>\n<\/div>\n\n\n\n<div class=\"wp-block-column is-layout-flow wp-block-column-is-layout-flow\" style=\"padding-top:var(--wp--preset--spacing--20);padding-right:0;padding-bottom:var(--wp--preset--spacing--20);padding-left:0\">\n<div class=\"wp-block-group grafismotop has-tertiary-background-color has-background has-global-padding is-layout-constrained wp-container-core-group-is-layout-12243e0f wp-block-group-is-layout-constrained\" style=\"min-height:256px\">\n<p class=\"has-text-align-left nolinkunderline has-contrast-color has-text-color has-link-color has-large-font-size wp-elements-e5b11bbe591418e2a8a7f3e68057837d\" style=\"margin-right:0;margin-bottom:var(--wp--preset--spacing--20);margin-left:0;padding-top:128px;padding-right:0;padding-left:var(--wp--preset--spacing--20)\"><a href=\"https:\/\/www.ccoocaixabank.net\/es\/por-ser-de-ccoo\/ventajas-para-el-afiliado\/\" target=\"_blank\" rel=\"noreferrer noopener\"><strong>Ventajas para el afiliado<\/strong><\/a><\/p>\n\n\n\n<div class=\"wp-block-group has-global-padding is-content-justification-left is-layout-constrained wp-container-core-group-is-layout-ae1fc0fc wp-block-group-is-layout-constrained\" style=\"padding-top:0;padding-right:0;padding-bottom:0;padding-left:var(--wp--preset--spacing--20)\">\n<figure class=\"wp-block-image size-large is-resized ccoocirculoblanco\"><a href=\"https:\/\/www.ccoocaixabank.net\/es\/ventajas-para-el-afiliado\/\"><img decoding=\"async\" src=\"\/wp-content\/themes\/ccoo2\/assets\/svg\/circulo1a.svg\" alt=\"\" style=\"width:45px\"\/><\/a><\/figure>\n<\/div>\n<\/div>\n<\/div>\n\n\n\n<div class=\"wp-block-column is-layout-flow wp-block-column-is-layout-flow\" style=\"padding-top:var(--wp--preset--spacing--20);padding-right:0;padding-bottom:var(--wp--preset--spacing--20);padding-left:0\">\n<div class=\"wp-block-group grafismotop has-tertiary-background-color has-background has-global-padding is-layout-constrained wp-container-core-group-is-layout-12243e0f wp-block-group-is-layout-constrained\" style=\"min-height:256px\">\n<p class=\"has-text-align-left nolinkunderline has-contrast-color has-text-color has-link-color has-large-font-size wp-elements-fa24229e5de5f9035648687f55176c1c\" style=\"margin-bottom:var(--wp--preset--spacing--20);padding-top:128px;padding-right:0;padding-left:var(--wp--preset--spacing--20)\"><a href=\"https:\/\/www.ccoocaixabank.net\/es\/por-ser-de-ccoo\/servicios-para-afiliados\/\" target=\"_blank\" rel=\"noreferrer noopener\"><strong>Servicios para afiliados<\/strong><\/a><\/p>\n\n\n\n<div class=\"wp-block-group has-global-padding is-content-justification-left is-layout-constrained wp-container-core-group-is-layout-ae1fc0fc wp-block-group-is-layout-constrained\" style=\"padding-top:0;padding-right:0;padding-bottom:0;padding-left:var(--wp--preset--spacing--20)\">\n<figure class=\"wp-block-image size-large is-resized ccoocirculoblanco\"><a href=\"https:\/\/www.ccoocaixabank.net\/es\/servicios-para-afiliados\/\"><img decoding=\"async\" src=\"\/wp-content\/themes\/ccoo2\/assets\/svg\/circulo1a.svg\" alt=\"\" style=\"width:45px\"\/><\/a><\/figure>\n<\/div>\n<\/div>\n<\/div>\n\n\n\n<div class=\"wp-block-column is-layout-flow wp-block-column-is-layout-flow\" style=\"padding-top:var(--wp--preset--spacing--20);padding-right:0;padding-bottom:var(--wp--preset--spacing--20);padding-left:0\">\n<div class=\"wp-block-group grafismotop has-tertiary-background-color has-background has-global-padding is-layout-constrained wp-container-core-group-is-layout-12243e0f wp-block-group-is-layout-constrained\" style=\"min-height:256px\">\n<p class=\"has-text-align-left nolinkunderline has-contrast-color has-text-color has-link-color has-large-font-size wp-elements-b4eb3bdc53a18d8a14e7352cd893b571\" style=\"margin-bottom:var(--wp--preset--spacing--20);padding-top:128px;padding-right:0;padding-left:var(--wp--preset--spacing--20)\"><a href=\"https:\/\/www.ccoocaixabank.net\/es\/tenemos-una-poliza-de-accidentes-gratuita-para-ti\/\" target=\"_blank\" rel=\"noreferrer noopener\"><strong>P\u00f3liza de accidentes gratuita<\/strong><\/a><\/p>\n\n\n\n<div class=\"wp-block-group has-global-padding is-content-justification-left is-layout-constrained wp-container-core-group-is-layout-ae1fc0fc wp-block-group-is-layout-constrained\" style=\"padding-top:0;padding-right:0;padding-bottom:0;padding-left:var(--wp--preset--spacing--20)\">\n<figure class=\"wp-block-image size-large is-resized ccoocirculoblanco\"><a href=\"https:\/\/wwhttps:\/\/www.ccoocaixabank.net\/es\/tenemos-una-poliza-de-accidentes-gratuita-para-ti\/\"><img decoding=\"async\" src=\"\/wp-content\/themes\/ccoo2\/assets\/svg\/circulo1a.svg\" alt=\"\" style=\"width:45px\"\/><\/a><\/figure>\n<\/div>\n<\/div>\n<\/div>\n<\/div>\n\n\n\n<p><\/p>\n","protected":false},"excerpt":{"rendered":"<p>Tu afiliaci\u00f3n te da m\u00e1s Como afiliado\/a ,adem\u00e1s de la persona que representa a CCOO en tu centro de trabajo, tienes tambi\u00e9n a tu disposici\u00f3n a toda la organizaci\u00f3n de CCOO, con equipos especializados dentro y fuera de CaixaBank que te acompa\u00f1aremos, asesoraremos y resolveremos tus dudas e incidencias en cualquier materia laboral. Entre ellas: [&hellip;]<\/p>\n","protected":false},"author":1,"featured_media":2661,"parent":0,"menu_order":110,"comment_status":"closed","ping_status":"closed","template":"","meta":{"advgb_blocks_editor_width":"","advgb_blocks_columns_visual_guide":"","editor_notices":[],"footnotes":""},"class_list":["post-86","page","type-page","status-publish","has-post-thumbnail","hentry"],"coauthors":[],"author_meta":{"author_link":"https:\/\/www.ccoocaixabank.net\/es\/author\/wpsysadmin\/","display_name":"wpsysadmin"},"relative_dates":{"created":"Publicado 2 a\u00f1os hace","modified":"Actualizado 4 semanas hace"},"absolute_dates":{"created":"Publicado el 20 de junio de 2024","modified":"Actualizado el 12 de marzo de 2026"},"absolute_dates_time":{"created":"Publicado el 20 de junio de 2024 13:11","modified":"Actualizado el 12 de marzo de 2026 10:34"},"featured_img_caption":"","featured_img":"https:\/\/www.ccoocaixabank.net\/es\/wp-content\/uploads\/sites\/2\/2024\/09\/por-ser-de-ccoo-def.jpg","series_order":"","_links":{"self":[{"href":"https:\/\/www.ccoocaixabank.net\/es\/wp-json\/wp\/v2\/pages\/86","targetHints":{"allow":["GET"]}}],"collection":[{"href":"https:\/\/www.ccoocaixabank.net\/es\/wp-json\/wp\/v2\/pages"}],"about":[{"href":"https:\/\/www.ccoocaixabank.net\/es\/wp-json\/wp\/v2\/types\/page"}],"author":[{"embeddable":true,"href":"https:\/\/www.ccoocaixabank.net\/es\/wp-json\/wp\/v2\/users\/1"}],"replies":[{"embeddable":true,"href":"https:\/\/www.ccoocaixabank.net\/es\/wp-json\/wp\/v2\/comments?post=86"}],"version-history":[{"count":9,"href":"https:\/\/www.ccoocaixabank.net\/es\/wp-json\/wp\/v2\/pages\/86\/revisions"}],"predecessor-version":[{"id":12398,"href":"https:\/\/www.ccoocaixabank.net\/es\/wp-json\/wp\/v2\/pages\/86\/revisions\/12398"}],"wp:featuredmedia":[{"embeddable":true,"href":"https:\/\/www.ccoocaixabank.net\/es\/wp-json\/wp\/v2\/media\/2661"}],"wp:attachment":[{"href":"https:\/\/www.ccoocaixabank.net\/es\/wp-json\/wp\/v2\/media?parent=86"}],"curies":[{"name":"wp","href":"https:\/\/api.w.org\/{rel}","templated":true}]}}